{"id":1166,"date":"2022-12-27T21:51:04","date_gmt":"2022-12-27T20:51:04","guid":{"rendered":"https:\/\/www.franciskani.si\/zbf\/?page_id=1166"},"modified":"2022-12-27T21:53:48","modified_gmt":"2022-12-27T20:53:48","slug":"revija-bf","status":"publish","type":"page","link":"https:\/\/www.franciskani.si\/zbf\/revija-bf\/","title":{"rendered":"Revija BF"},"content":{"rendered":"<p style=\"text-align: center;\"><strong><img decoding=\"async\" class=\"ngg-singlepic ngg-center\" src=\"https:\/\/www.franciskani.si\/wp-content\/gallery\/revija_bf\/rbf.jpg\" alt=\"rbf\" \/><\/strong><\/p>\n<p style=\"text-align: left;\"><strong><\/strong><strong>Revija BRAT FRAN\u010cI\u0160EK<\/strong> \u2013 ISSN 1408-0192.<\/p>\n<p style=\"text-align: right;\"><a href=\"https:\/\/www.franciskani.si\/?page_id=383\"><strong>spletni ARHIV revije BF<\/strong><\/a><\/p>\n<p style=\"text-align: left;\">Glasilo Fran\u010di\u0161kovega svetnega reda (OFS) v Sloveniji in molilcev \u017divega ro\u017enega venca (\u017dRV) ter Dru\u0161tva prijateljev Svete de\u017eele (DPS)<\/p>\n<p>Revija izhaja \u0161estkrat letno.<\/p>\n<p>Izdajatelj: <em><a href=\"https:\/\/www.franciskani.si\/zbf\" target=\"_blank\" rel=\"noopener\">Zalo\u017eba Brat Fran\u010di\u0161ek<\/a><\/em><\/p>\n<p><em>\u010clani uredni\u0161kega odbora:<\/em><br \/>\n<strong>Janez Papa OFM<\/strong>, odgovorni urednik<br \/>\n<strong>Fani pe\u010dar OFS<\/strong>, glavni urednik<br \/>\n<strong>Peter Skoberne OFS<\/strong>, naslovnica<br \/>\n<strong>Fani pe\u010dar OFS<\/strong>, Na\u0161a evangelizacija<br \/>\n<strong>Metod in Mateja Trajbari\u010d OFS<\/strong>, FSR<br \/>\n<strong>Gregor Pavli\u010d OFS<\/strong>, Razvedrilo<br \/>\n<strong>NS FRAMA<\/strong>, Mladi Fran\u010di\u0161ku<br \/>\n<strong>Fani pe\u010dar OFS<\/strong>, Pravi\u010dnost in mir<br \/>\n<strong>Miran \u0160peli\u010d OFM<\/strong>, Korenine in sadovi, Na\u0161e knjige<br \/>\n<strong>Peter Lavrih OFM<\/strong>, Sveta de\u017eela<\/p>\n<p><em>Lektorira:<\/em> <strong>Vera Lamut<\/strong><br \/>\n<em>Logotip rubrik:<\/em> <strong>Ale\u0161 Porenta<\/strong><br \/>\n<em>Oblikovanje in priprava:<\/em> <strong>Tina Prin\u010di\u010d<\/strong>, ZBF, Ljubljana<\/p>\n<p><em>Naslov uredni\u0161tva:<\/em><br \/>\nUlica \u0161kofa Maksimilijana Dr\u017ee\u010dnika 7<br \/>\nSI-2000 Novo mesto<br \/>\ntel.: 02 22 85 113<br \/>\ne-mail: <a href=\"mailto:revija.brat.francisek@ofm.si\" target=\"_blank\" rel=\"noopener\">revija.brat.francisek@ofm.si<\/a><\/p>\n<p>Rokopisov in slik ne vra\u010damo.<\/p>\n<p>Revija se vzdr\u017euje s prostovoljnimi prispevki.<\/p>\n<blockquote><p><strong>\u010clani FSR<\/strong> nakazujte prispevke na:<br \/>\n<em>Narodni svet FSR Slovenije,<\/em><br \/>\nPre\u0161ernov trg 4,<br \/>\nSI-1000 Ljubljana<br \/>\nTRR SI56 0430 2000 3307 102, NOVA KBM d.d.;<br \/>\nsklic na 00 700-22.<\/p>\n<p>ali<\/p>\n<p><strong>\u010clani \u017dRV<\/strong> nakazujte prispevke na:<br \/>\n<em>Zalo\u017eba Brat Fran\u010di\u0161ek,<\/em><br \/>\nPre\u0161ernov trg 4,<br \/>\nSI-1000 Ljubljana<br \/>\nTRR SI56 6100 0001 2574 166, Delavska hranilnica d.d.;<br \/>\nsklic na 00 700-22.<\/p><\/blockquote>\n<p>Glasilo izhaja z dovoljenjem cerkvenih oblasti.<\/p>\n<p>Prelistajte <a href=\"https:\/\/www.franciskani.si\/?page_id=383\"><strong>spletni ARHIV revije BF<\/strong><\/a>!<\/p>\n<p><em>br. Janez Papa, urednik revije BF<\/em><\/p>\n","protected":false},"excerpt":{"rendered":"<p>Revija BRAT FRAN\u010cI\u0160EK \u2013 ISSN 1408-0192. spletni ARHIV revije BF Glasilo Fran\u010di\u0161kovega svetnega reda (OFS) v Sloveniji in molilcev \u017divega ro\u017enega venca (\u017dRV) ter Dru\u0161tva prijateljev Svete de\u017eele (DPS) Revija izhaja \u0161estkrat letno. Izdajatelj: Zalo\u017eba Brat Fran\u010di\u0161ek \u010clani uredni\u0161kega odbora: Janez Papa OFM, odgovorni urednik Fani pe\u010dar OFS, glavni urednik Peter Skoberne OFS, naslovnica Fani [&hellip;]<\/p>\n","protected":false},"author":1,"featured_media":0,"parent":0,"menu_order":0,"comment_status":"closed","ping_status":"closed","template":"template-fullwidth.php","meta":{"footnotes":""},"class_list":["post-1166","page","type-page","status-publish","hentry"],"_links":{"self":[{"href":"https:\/\/www.franciskani.si\/zbf\/wp-json\/wp\/v2\/pages\/1166","targetHints":{"allow":["GET"]}}],"collection":[{"href":"https:\/\/www.franciskani.si\/zbf\/wp-json\/wp\/v2\/pages"}],"about":[{"href":"https:\/\/www.franciskani.si\/zbf\/wp-json\/wp\/v2\/types\/page"}],"author":[{"embeddable":true,"href":"https:\/\/www.franciskani.si\/zbf\/wp-json\/wp\/v2\/users\/1"}],"replies":[{"embeddable":true,"href":"https:\/\/www.franciskani.si\/zbf\/wp-json\/wp\/v2\/comments?post=1166"}],"version-history":[{"count":3,"href":"https:\/\/www.franciskani.si\/zbf\/wp-json\/wp\/v2\/pages\/1166\/revisions"}],"predecessor-version":[{"id":1169,"href":"https:\/\/www.franciskani.si\/zbf\/wp-json\/wp\/v2\/pages\/1166\/revisions\/1169"}],"wp:attachment":[{"href":"https:\/\/www.franciskani.si\/zbf\/wp-json\/wp\/v2\/media?parent=1166"}],"curies":[{"name":"wp","href":"https:\/\/api.w.org\/{rel}","templated":true}]}}