{"id":56,"date":"2017-08-19T18:04:06","date_gmt":"2017-08-19T16:04:06","guid":{"rendered":"http:\/\/www.franciskani.si\/zbf\/?page_id=56"},"modified":"2017-08-23T10:36:29","modified_gmt":"2017-08-23T08:36:29","slug":"zbirke-knjig","status":"publish","type":"page","link":"https:\/\/www.franciskani.si\/zbf\/zbirke-knjig\/","title":{"rendered":"Zbirke knjig"},"content":{"rendered":"<p><a href=\"https:\/\/www.franciskani.si\/zbf\/kategorija-izdelka\/asiski-vir\/\">Asi\u0161ki vir<\/a><br \/>\nZbirka knjig z zapisi Fran\u010di\u0161kovih sodobnikov iz Assisija.<\/p>\n<p><a href=\"https:\/\/www.franciskani.si\/zbf\/kategorija-izdelka\/besede-zivljenja\/\">Besede \u017eivljenja<\/a><br \/>\nZbirka katehetskih priro\u010dnikov na svetopisemski osnovi.<\/p>\n<p><a href=\"https:\/\/www.franciskani.si\/zbf\/kategorija-izdelka\/francisek-med-nami\/\">Fran\u010di\u0161ek med nami<\/a><br \/>\nZbirka vsebuje knjige razli\u010dnih avtorjev, ki opisujejo \u017eivljenje sv. Fran\u010di\u0161ka.<\/p>\n<p><a href=\"https:\/\/www.franciskani.si\/zbf\/kategorija-izdelka\/franciskanska-dediscina\/\">Fran\u010di\u0161kanska dedi\u0161\u010dina<\/a><br \/>\nZbirka Fran\u010di\u0161kanska dedi\u0161\u010dina je zasnovana tako, da bo u\u010diteljem, pridigarjem, vzgojiteljem in odgovornim za formacijo, pastoralnim delavcem in laikom, ki so povezani s fran\u010di\u0161kanskim gibanjem ponudila nekaj temeljnih tem, ki prevladujejo v na\u0161em intelektualnem izro\u010dilu.<\/p>\n<p><a href=\"https:\/\/www.franciskani.si\/zbf\/kategorija-izdelka\/franciskove-drobtinice\/\">Fran\u010di\u0161kove drobtinice<\/a><br \/>\nZbirka vsebuje knjige, ki sledijo molitveni dr\u017ei sv. Fran\u010di\u0161ka.<\/p>\n<p><a href=\"https:\/\/www.franciskani.si\/zbf\/kategorija-izdelka\/izzivi-ljubezni\/\">Izzivi ljubezni<\/a><br \/>\nV tej zbirki bodo izhajale knjige, prek katerih bomo z avtorji in bralci iskali pristne vire ljubezni v dru\u017einskem in sploh duhovnem \u017eivljenju.<\/p>\n<p><a href=\"https:\/\/www.franciskani.si\/zbf\/kategorija-izdelka\/knjige-f-i-baraga\/\">Knjige F. I. Baraga<\/a><br \/>\nTukaj so zbrane knjige, ki jih je spisal svetni\u0161ki kandidat \u0161kof Friderik Irenej Baraga.<\/p>\n<p><a href=\"https:\/\/www.franciskani.si\/zbf\/kategorija-izdelka\/krik-po-odnosu\/\">Krik po odnosu<\/a><br \/>\nZbirka vsebuje poljudne knjige klini\u010dnega psihologa p. dr. Christiana Goste\u010dnika z dru\u017einsko tematiko.<\/p>\n<p><a href=\"https:\/\/www.franciskani.si\/zbf\/kategorija-izdelka\/monografije-fdi\/\">Monografije FDI<\/a><br \/>\nZbirka vsebuje knjige, ki so nastale v okviru Fran\u010di\u0161kanskega dru\u017einskega in\u0161tituta.<\/p>\n<p><a href=\"https:\/\/www.franciskani.si\/zbf\/kategorija-izdelka\/nasa-zgodovina\/\">Na\u0161a zgodovina<\/a><br \/>\nZbirka vsebuje knjige, ki opisujejo zgodovino reda manj\u0161ih bratov.<\/p>\n<p><a href=\"https:\/\/www.franciskani.si\/zbf\/kategorija-izdelka\/pergamenti\/\">Pergamenti<\/a><br \/>\nZbirka \\\\\\\u201dslavna\\\\\\\u201d dela Fran\u010di\u0161kovih bratov.<\/p>\n<p><a href=\"https:\/\/www.franciskani.si\/zbf\/kategorija-izdelka\/po-njihovih-stopinjah\/\">Po njihovih stopinjah<\/a><br \/>\nZbirka vsebuje knjige, ki opisujejo \u017eivljenje \\\u201dvelikih\\\u201d fran\u010di\u0161kanov.<\/p>\n<p><a href=\"https:\/\/www.franciskani.si\/zbf\/kategorija-izdelka\/sinodi-naproti\/\">Sinodi naproti<\/a><br \/>\nZbirka vsebuje knjige nastale ob pri\u010dakovanju vseslovenskega plenarnega zbora.<\/p>\n<p><a href=\"https:\/\/www.franciskani.si\/zbf\/kategorija-izdelka\/slikanice\/\">Slikanice<\/a><br \/>\nZbirka vsebuje slikanice, ki so iz\u0161le pri zalo\u017ebi BF.<\/p>\n<p><a href=\"https:\/\/www.franciskani.si\/zbf\/kategorija-izdelka\/v-soli-velikih-molilcev\/\">V \u0161oli velikih molilcev<\/a><br \/>\nZbirka vsebuje knjige, s katerimi v 15 dneh spoznamo, kako so molili sveti mo\u017eje in \u017eene. Izhaja v sodelovanju z Novim svetom.<\/p>\n<p><a href=\"https:\/\/www.franciskani.si\/zbf\/kategorija-izdelka\/zgoscenke\/\">Zgo\u0161\u010denke<\/a><br \/>\nTukaj so zbrane vse zgo\u0161\u010denke, ki jih je izdala ZBF.<\/p>\n<p><a href=\"https:\/\/www.franciskani.si\/zbf\/kategorija-izdelka\/zunaj-zbirk\/\">Zunaj zbirk<\/a><br \/>\nTu so zbrane knjige, ki ne sodijo v nobeno izmed zbirk.<\/p>\n","protected":false},"excerpt":{"rendered":"<p>Asi\u0161ki vir Zbirka knjig z zapisi Fran\u010di\u0161kovih sodobnikov iz Assisija. Besede \u017eivljenja Zbirka katehetskih priro\u010dnikov na svetopisemski osnovi. Fran\u010di\u0161ek med nami Zbirka vsebuje knjige razli\u010dnih avtorjev, ki opisujejo \u017eivljenje sv. Fran\u010di\u0161ka. Fran\u010di\u0161kanska dedi\u0161\u010dina Zbirka Fran\u010di\u0161kanska dedi\u0161\u010dina je zasnovana tako, da bo u\u010diteljem, pridigarjem, vzgojiteljem in odgovornim za formacijo, pastoralnim delavcem in laikom, ki so povezani [&hellip;]<\/p>\n","protected":false},"author":1,"featured_media":0,"parent":0,"menu_order":0,"comment_status":"closed","ping_status":"closed","template":"template-homepage.php","meta":{"footnotes":""},"class_list":["post-56","page","type-page","status-publish","hentry"],"_links":{"self":[{"href":"https:\/\/www.franciskani.si\/zbf\/wp-json\/wp\/v2\/pages\/56","targetHints":{"allow":["GET"]}}],"collection":[{"href":"https:\/\/www.franciskani.si\/zbf\/wp-json\/wp\/v2\/pages"}],"about":[{"href":"https:\/\/www.franciskani.si\/zbf\/wp-json\/wp\/v2\/types\/page"}],"author":[{"embeddable":true,"href":"https:\/\/www.franciskani.si\/zbf\/wp-json\/wp\/v2\/users\/1"}],"replies":[{"embeddable":true,"href":"https:\/\/www.franciskani.si\/zbf\/wp-json\/wp\/v2\/comments?post=56"}],"version-history":[{"count":8,"href":"https:\/\/www.franciskani.si\/zbf\/wp-json\/wp\/v2\/pages\/56\/revisions"}],"predecessor-version":[{"id":455,"href":"https:\/\/www.franciskani.si\/zbf\/wp-json\/wp\/v2\/pages\/56\/revisions\/455"}],"wp:attachment":[{"href":"https:\/\/www.franciskani.si\/zbf\/wp-json\/wp\/v2\/media?parent=56"}],"curies":[{"name":"wp","href":"https:\/\/api.w.org\/{rel}","templated":true}]}}