{"id":58,"date":"2017-08-19T18:04:06","date_gmt":"2017-08-19T16:04:06","guid":{"rendered":"http:\/\/www.franciskani.si\/zbf\/?page_id=58"},"modified":"2017-08-20T23:54:11","modified_gmt":"2017-08-20T21:54:11","slug":"contact","status":"publish","type":"page","link":"https:\/\/www.franciskani.si\/zbf\/contact\/","title":{"rendered":"Kontakt"},"content":{"rendered":"<p><strong>Zalo\u017eba Brat Fran\u010di\u0161ek<\/strong><br \/>\nPre\u0161ernov trg 4<br \/>\nSI-1000 Ljubljana<\/p>\n<p>tel.: 01\/ 24 29 314<\/p>\n<p>FB: <a href=\"https:\/\/www.facebook.com\/zalozba.bratfrancisek?fref=ts\" target=\"_blank\">zalozba.bratfrancisek<\/a><\/p>\n<p><strong><a href=\"mailto:zalozba.brat.francisek@ofm.si\" target=\"_blank\">zalozba.brat.francisek@ofm.si<\/a><\/strong><\/p>\n<p>ravnatelj: br. Miran \u0160peli\u010d OFM<\/p>\n<p><iframe loading=\"lazy\" src=\"https:\/\/www.google.com\/maps\/embed?pb=!1m18!1m12!1m3!1d2768.969014942031!2d14.50343141595061!3d46.05171627911229!2m3!1f0!2f0!3f0!3m2!1i1024!2i768!4f13.1!3m3!1m2!1s0x47652d6231a15c43%3A0x2aa8a71565368f36!2zWmFsb8W-YmEgYnJhdCBGcmFuxI1pxaFlaywgemF2b2QgbmEgcG9kcm_EjWp1IFphbG_Fvm5pxaF0dmE!5e0!3m2!1ssl!2ssi!4v1503168612736\" width=\"90%\" height=\"500\" frameborder=\"0\" style=\"border:0\" allowfullscreen><\/iframe><\/p>\n","protected":false},"excerpt":{"rendered":"<p>Zalo\u017eba Brat Fran\u010di\u0161ek Pre\u0161ernov trg 4 SI-1000 Ljubljana tel.: 01\/ 24 29 314 FB: zalozba.bratfrancisek zalozba.brat.francisek@ofm.si ravnatelj: br. Miran \u0160peli\u010d OFM<\/p>\n","protected":false},"author":1,"featured_media":74,"parent":0,"menu_order":0,"comment_status":"closed","ping_status":"closed","template":"template-homepage.php","meta":{"footnotes":""},"class_list":["post-58","page","type-page","status-publish","has-post-thumbnail","hentry"],"_links":{"self":[{"href":"https:\/\/www.franciskani.si\/zbf\/wp-json\/wp\/v2\/pages\/58","targetHints":{"allow":["GET"]}}],"collection":[{"href":"https:\/\/www.franciskani.si\/zbf\/wp-json\/wp\/v2\/pages"}],"about":[{"href":"https:\/\/www.franciskani.si\/zbf\/wp-json\/wp\/v2\/types\/page"}],"author":[{"embeddable":true,"href":"https:\/\/www.franciskani.si\/zbf\/wp-json\/wp\/v2\/users\/1"}],"replies":[{"embeddable":true,"href":"https:\/\/www.franciskani.si\/zbf\/wp-json\/wp\/v2\/comments?post=58"}],"version-history":[{"count":8,"href":"https:\/\/www.franciskani.si\/zbf\/wp-json\/wp\/v2\/pages\/58\/revisions"}],"predecessor-version":[{"id":171,"href":"https:\/\/www.franciskani.si\/zbf\/wp-json\/wp\/v2\/pages\/58\/revisions\/171"}],"wp:featuredmedia":[{"embeddable":true,"href":"https:\/\/www.franciskani.si\/zbf\/wp-json\/wp\/v2\/media\/74"}],"wp:attachment":[{"href":"https:\/\/www.franciskani.si\/zbf\/wp-json\/wp\/v2\/media?parent=58"}],"curies":[{"name":"wp","href":"https:\/\/api.w.org\/{rel}","templated":true}]}}