{"id":1132,"date":"2022-10-18T12:49:11","date_gmt":"2022-10-18T10:49:11","guid":{"rendered":"https:\/\/www.franciskani.si\/zbf\/?post_type=product&#038;p=1132"},"modified":"2022-10-19T09:08:10","modified_gmt":"2022-10-19T07:08:10","slug":"plecnik-zivim-in-mrtvim","status":"publish","type":"product","link":"https:\/\/www.franciskani.si\/zbf\/izdelek\/plecnik-zivim-in-mrtvim\/","title":{"rendered":"PLE\u010cNIK \u017dIVIM IN MRTVIM"},"content":{"rendered":"<h4>PLE\u010cNIK<br \/>\n\u017dIVIM IN MRTVIM<\/h4>\n<p><strong>PLE\u010cNIKOVA CERKEV ZA BE\u017dIGRADOM<\/strong><br \/>\n<strong>IN ARHITEKTOVE VIZIJE ZA OBMO\u010cJE POKOPALI\u0160\u010cA<\/strong><\/p>\n<p>Ta knjiga je v nekem smislu tiskana verzija dokumentarca \u00bbPle\u010dnikov skriti biser\u00ab. Fotografije na filmu se namre\u010d prehitro odvrtijo in se ne moremo posvetiti posameznemu zanimivemu dogodku, ki ga je za nas ohranil fotograf.<\/p>\n<p>V \u017eelji, da bi pri\u010dujo\u010da knjiga ne bila zgolj tiskana verzija filma, je re\u017eiser Andra\u017e Arko povabil k sodelovanju \u0161tiri avtorje dr. Francija Lazarinija (STAREJ\u0160A ZGODOVINA CERKVE SV. CIRILA IN METODA), dr. Tino Poto\u010dnik in dr. Tanjo Simoni\u010d Koro\u0161ak (POKOPALI\u0160\u010cE NAVJE IN BARAGOVO SEMENI\u0160\u010cE) in p. dr. Silvina Krajnca (PASTORALNO DELO V \u017dUPNIJI OD 1959 DO 2016), da so raz\u0161irili in poglobili ali dopolnili zgodovinski kontekst, ki ga obravnava dokumentarec, sam pa delo dopolnil z zadnjim poglavjem (\u017dIVLJENJE V \u017dUPNIJI OD 2016 DO 2022).<\/p>\n<p>Poleg fotografij iz bogatega \u017eupnijskega arhiva ter fotografij iz muzejev in arhivov predstavljajo zelo velik doprinos fotografije Petra Nagli\u010da, ki jih je podaril njegov vnuk Matja\u017e \u0160porar, medtem ko je za mnoge sodobne poskrbel David Kozamernik.<\/p>\n<p>Naj ta na\u0161 poskus zaobjetja zgodovinskih obdobij, prelomnih dogodkov, vsega tega, kar je tudi arhitekt Ple\u010dnik \u017eelel posvetiti mrtvim, s hvale\u017enostjo ohranja in predaja spomin naprej \u017eivim, da bi se zavedali svojih korenin in iz njih tudi \u017eiveli Bogu v \u010dast in slavo.<\/p>\n<p>format 20 \u00d7 27 cm<br \/>\nbarvni tisk, preko 700 fotografij<br \/>\n432 strani<br \/>\n49 \u20ac<\/p>\n","protected":false},"excerpt":{"rendered":"<p>PLE\u010cNIK \u017dIVIM IN MRTVIM PLE\u010cNIKOVA CERKEV ZA BE\u017dIGRADOM IN ARHITEKTOVE VIZIJE ZA OBMO\u010cJE POKOPALI\u0160\u010cA Ta knjiga je v nekem smislu tiskana verzija dokumentarca \u00bbPle\u010dnikov skriti biser\u00ab. Fotografije na filmu se namre\u010d prehitro odvrtijo in se ne moremo posvetiti posameznemu zanimivemu dogodku, ki ga je za nas ohranil fotograf. V \u017eelji, da bi pri\u010dujo\u010da knjiga ne [&hellip;]<\/p>\n","protected":false},"featured_media":1133,"comment_status":"open","ping_status":"closed","template":"","meta":[],"product_brand":[],"product_cat":[21,27,120,36],"product_tag":[],"class_list":{"0":"post-1132","1":"product","2":"type-product","3":"status-publish","4":"has-post-thumbnail","6":"product_cat-franciskanska-dediscina","7":"product_cat-nasa-zgodovina","8":"product_cat-uncategorized","9":"product_cat-zunaj-zbirk","11":"first","12":"instock","13":"taxable","14":"shipping-taxable","15":"purchasable","16":"product-type-simple"},"_links":{"self":[{"href":"https:\/\/www.franciskani.si\/zbf\/wp-json\/wp\/v2\/product\/1132","targetHints":{"allow":["GET"]}}],"collection":[{"href":"https:\/\/www.franciskani.si\/zbf\/wp-json\/wp\/v2\/product"}],"about":[{"href":"https:\/\/www.franciskani.si\/zbf\/wp-json\/wp\/v2\/types\/product"}],"replies":[{"embeddable":true,"href":"https:\/\/www.franciskani.si\/zbf\/wp-json\/wp\/v2\/comments?post=1132"}],"wp:featuredmedia":[{"embeddable":true,"href":"https:\/\/www.franciskani.si\/zbf\/wp-json\/wp\/v2\/media\/1133"}],"wp:attachment":[{"href":"https:\/\/www.franciskani.si\/zbf\/wp-json\/wp\/v2\/media?parent=1132"}],"wp:term":[{"taxonomy":"product_brand","embeddable":true,"href":"https:\/\/www.franciskani.si\/zbf\/wp-json\/wp\/v2\/product_brand?post=1132"},{"taxonomy":"product_cat","embeddable":true,"href":"https:\/\/www.franciskani.si\/zbf\/wp-json\/wp\/v2\/product_cat?post=1132"},{"taxonomy":"product_tag","embeddable":true,"href":"https:\/\/www.franciskani.si\/zbf\/wp-json\/wp\/v2\/product_tag?post=1132"}],"curies":[{"name":"wp","href":"https:\/\/api.w.org\/{rel}","templated":true}]}}