{"id":117,"date":"2017-08-19T20:57:03","date_gmt":"2017-08-19T18:57:03","guid":{"rendered":"http:\/\/www.franciskani.si\/zbf\/?post_type=product&#038;p=117"},"modified":"2024-03-01T08:34:56","modified_gmt":"2024-03-01T07:34:56","slug":"franciskansko-intelektualno-izrocilo","status":"publish","type":"product","link":"https:\/\/www.franciskani.si\/zbf\/izdelek\/franciskansko-intelektualno-izrocilo\/","title":{"rendered":"Fran\u010di\u0161kansko intelektualno izro\u010dilo"},"content":{"rendered":"<p><strong>Kenan B. Osborne OFM<\/strong><\/p>\n<p>Zbirka Fran\u010di\u0161kanska dedi\u0161\u010dina je zasnovana tako, da bo u\u010diteljem, pridigarjem, vzgojiteljem in odgovornim za formacijo, pastoralnim delavcem in laikom, ki so povezani s fran\u010di\u0161kanskim gibanjem ponudila nekaj temeljnih tem, ki prevladujejo v na\u0161em intelektualnem izro\u010dilu. Vsak zvezek bo sicer zaokro\u017eena celota, kar pa ne pomeni, da razlo\u017ei \u017ee vse. Dolgoro\u010dno pa upamo, da bodo paberkovanja mnogoterih zvezkov zvedavemu \u0161tudentu omogo\u010dila, da dojame fran\u010di\u0161kansko intelektualno izro\u010dilo v njegovi celovitosti.<\/p>\n<p>Format: 16 x 23 cm; bro\u0161irano<\/p>\n<p>Obseg: 88 strani<\/p>\n","protected":false},"excerpt":{"rendered":"<p>Kenan B. Osborne OFM Zbirka Fran\u010di\u0161kanska dedi\u0161\u010dina je zasnovana tako, da bo u\u010diteljem, pridigarjem, vzgojiteljem in odgovornim za formacijo, pastoralnim delavcem in laikom, ki so povezani s fran\u010di\u0161kanskim gibanjem ponudila nekaj temeljnih tem, ki prevladujejo v na\u0161em intelektualnem izro\u010dilu. Vsak zvezek bo sicer zaokro\u017eena celota, kar pa ne pomeni, da razlo\u017ei \u017ee vse. Dolgoro\u010dno pa [&hellip;]<\/p>\n","protected":false},"featured_media":118,"comment_status":"open","ping_status":"closed","template":"","meta":[],"product_brand":[],"product_cat":[21],"product_tag":[37],"class_list":{"0":"post-117","1":"product","2":"type-product","3":"status-publish","4":"has-post-thumbnail","6":"product_cat-franciskanska-dediscina","7":"product_tag-kenan-b-osborne-ofm","9":"first","10":"instock","11":"taxable","12":"shipping-taxable","13":"purchasable","14":"product-type-simple"},"_links":{"self":[{"href":"https:\/\/www.franciskani.si\/zbf\/wp-json\/wp\/v2\/product\/117","targetHints":{"allow":["GET"]}}],"collection":[{"href":"https:\/\/www.franciskani.si\/zbf\/wp-json\/wp\/v2\/product"}],"about":[{"href":"https:\/\/www.franciskani.si\/zbf\/wp-json\/wp\/v2\/types\/product"}],"replies":[{"embeddable":true,"href":"https:\/\/www.franciskani.si\/zbf\/wp-json\/wp\/v2\/comments?post=117"}],"wp:featuredmedia":[{"embeddable":true,"href":"https:\/\/www.franciskani.si\/zbf\/wp-json\/wp\/v2\/media\/118"}],"wp:attachment":[{"href":"https:\/\/www.franciskani.si\/zbf\/wp-json\/wp\/v2\/media?parent=117"}],"wp:term":[{"taxonomy":"product_brand","embeddable":true,"href":"https:\/\/www.franciskani.si\/zbf\/wp-json\/wp\/v2\/product_brand?post=117"},{"taxonomy":"product_cat","embeddable":true,"href":"https:\/\/www.franciskani.si\/zbf\/wp-json\/wp\/v2\/product_cat?post=117"},{"taxonomy":"product_tag","embeddable":true,"href":"https:\/\/www.franciskani.si\/zbf\/wp-json\/wp\/v2\/product_tag?post=117"}],"curies":[{"name":"wp","href":"https:\/\/api.w.org\/{rel}","templated":true}]}}