{"id":1176,"date":"2023-01-21T11:39:33","date_gmt":"2023-01-21T10:39:33","guid":{"rendered":"https:\/\/www.franciskani.si\/zbf\/?post_type=product&#038;p=1176"},"modified":"2025-12-11T10:11:56","modified_gmt":"2025-12-11T09:11:56","slug":"c-gostecnik-prvih-1000-dni","status":"publish","type":"product","link":"https:\/\/www.franciskani.si\/zbf\/izdelek\/c-gostecnik-prvih-1000-dni\/","title":{"rendered":"Christian Goste\u010dnik OFM: Prvih 1000 dni \/ RAZPRODANO!"},"content":{"rendered":"<p>RAZPRODANO!<\/p>\n<p>&nbsp;<\/p>\n<p>Christian Goste\u010dnik: Prvih 1000 dni<\/p>\n<p>V prvih tiso\u010d dneh, natan\u010dneje, vse od spo\u010detja, prek 270 dni nose\u010dnosti in do konca drugega leta otrokove starosti se izoblikujejo otrokovi mo\u017egani, in sicer na osnovi odnosa s star\u0161i. Zato je tudi dru\u017einsko okolje, v katero je otrok rojen, klju\u010dno za razvoj sicer zelo ranljivih ter izjemno susceptibilnih in sugestibilnih otrokovih mo\u017eganskih struktur, ki dozorijo ravno v tem najpomembnej\u0161em obdobju otrokovega razvoja.<\/p>\n<p>Klju\u010dne besede: razvoj otrokovih mo\u017eganov; razlike med spoloma; star\u0161evska ljubezen; najzgodnej\u0161i meseci razvoja; podlaga za ves nadaljnji razvoj; odrasla intima<\/p>\n","protected":false},"excerpt":{"rendered":"<p>RAZPRODANO!<\/p>\n<p>Christian Goste\u010dnik: Prvih 1000 dni<\/p>\n<p>V prvih tiso\u010d dneh, natan\u010dneje, vse od spo\u010detja, prek 270 dni nose\u010dnosti in do konca drugega leta otrokove starosti se izoblikujejo otrokovi mo\u017egani, in sicer na osnovi odnosa s star\u0161i. Zato je tudi dru\u017einsko okolje, v katero je otrok rojen, klju\u010dno za razvoj sicer zelo ranljivih ter izjemno susceptibilnih in sugestibilnih otrokovih mo\u017eganskih struktur, ki dozorijo ravno v tem najpomembnej\u0161em obdobju otrokovega razvoja.<\/p>\n<p>Klju\u010dne besede: razvoj otrokovih mo\u017eganov; razlike med spoloma; star\u0161evska ljubezen; najzgodnej\u0161i meseci razvoja; podlaga za ves nadaljnji razvoj; odrasla intima<\/p>\n","protected":false},"featured_media":1177,"comment_status":"open","ping_status":"closed","template":"","meta":[],"product_brand":[],"product_cat":[35],"product_tag":[],"class_list":{"0":"post-1176","1":"product","2":"type-product","3":"status-publish","4":"has-post-thumbnail","6":"product_cat-monografije-fdi","8":"first","9":"outofstock","10":"taxable","11":"shipping-taxable","12":"purchasable","13":"product-type-simple"},"_links":{"self":[{"href":"https:\/\/www.franciskani.si\/zbf\/wp-json\/wp\/v2\/product\/1176","targetHints":{"allow":["GET"]}}],"collection":[{"href":"https:\/\/www.franciskani.si\/zbf\/wp-json\/wp\/v2\/product"}],"about":[{"href":"https:\/\/www.franciskani.si\/zbf\/wp-json\/wp\/v2\/types\/product"}],"replies":[{"embeddable":true,"href":"https:\/\/www.franciskani.si\/zbf\/wp-json\/wp\/v2\/comments?post=1176"}],"wp:featuredmedia":[{"embeddable":true,"href":"https:\/\/www.franciskani.si\/zbf\/wp-json\/wp\/v2\/media\/1177"}],"wp:attachment":[{"href":"https:\/\/www.franciskani.si\/zbf\/wp-json\/wp\/v2\/media?parent=1176"}],"wp:term":[{"taxonomy":"product_brand","embeddable":true,"href":"https:\/\/www.franciskani.si\/zbf\/wp-json\/wp\/v2\/product_brand?post=1176"},{"taxonomy":"product_cat","embeddable":true,"href":"https:\/\/www.franciskani.si\/zbf\/wp-json\/wp\/v2\/product_cat?post=1176"},{"taxonomy":"product_tag","embeddable":true,"href":"https:\/\/www.franciskani.si\/zbf\/wp-json\/wp\/v2\/product_tag?post=1176"}],"curies":[{"name":"wp","href":"https:\/\/api.w.org\/{rel}","templated":true}]}}