{"id":121,"date":"2017-08-19T21:03:29","date_gmt":"2017-08-19T19:03:29","guid":{"rendered":"http:\/\/www.franciskani.si\/zbf\/?post_type=product&#038;p=121"},"modified":"2024-03-01T08:34:41","modified_gmt":"2024-03-01T07:34:41","slug":"potovanje-duse-k-bogu","status":"publish","type":"product","link":"https:\/\/www.franciskani.si\/zbf\/izdelek\/potovanje-duse-k-bogu\/","title":{"rendered":"Potovanje du\u0161e k Bogu"},"content":{"rendered":"<p><strong>sv. Bonaventura<\/strong><\/p>\n<p>Ljubljana, 1999<\/p>\n<p>Sveti Bonaventura, ki je nasledil Fran\u010di\u0161ka pri vodenju reda, je na La Verni tudi do\u017eivel nekaj izrednega. Na svoj na\u010din je zapisal, kako du\u0161a v misti\u010dnem zanosu bli\u017ea Bogu. Od \u010dutnega sveta, kjer zaznava njegove sledi, se dviga do misti\u010dnega zamaknjenja, ki ga kljub nedopovedljivosti sku\u0161a opisati z besedami.<\/p>\n<p>Delo je eden od vrhuncev sholasti\u010dne teologije in mistike. Besedilo je latinsko in slovensko.<\/p>\n<p>&#8220;Ker je torej milost temelj pravilno naravnane volje in jasno razsvetljenega razuma, moramo najprej moliti, potem sveto \u017eiveti, slednji\u010d stremeti h gledanju prizorov resnice, in se tako ob tem stremljenju postopoma vzpenjati, dokler ne dospemo do visoke gore, kjer naj se vidi Bog nad bogovi na Sionu.&#8221;<\/p>\n<p>Format: 150 str., 20 cm, bro\u0161irano.<\/p>\n<p>ISBN 961-90564-9-3<\/p>\n","protected":false},"excerpt":{"rendered":"<p>sv. Bonaventura Ljubljana, 1999 Sveti Bonaventura, ki je nasledil Fran\u010di\u0161ka pri vodenju reda, je na La Verni tudi do\u017eivel nekaj izrednega. Na svoj na\u010din je zapisal, kako du\u0161a v misti\u010dnem zanosu bli\u017ea Bogu. Od \u010dutnega sveta, kjer zaznava njegove sledi, se dviga do misti\u010dnega zamaknjenja, ki ga kljub nedopovedljivosti sku\u0161a opisati z besedami. Delo je [&hellip;]<\/p>\n","protected":false},"featured_media":122,"comment_status":"open","ping_status":"closed","template":"","meta":[],"product_brand":[],"product_cat":[24],"product_tag":[38],"class_list":{"0":"post-121","1":"product","2":"type-product","3":"status-publish","4":"has-post-thumbnail","6":"product_cat-pergamenti","7":"product_tag-sv-bonaventura","9":"first","10":"instock","11":"taxable","12":"shipping-taxable","13":"purchasable","14":"product-type-simple"},"_links":{"self":[{"href":"https:\/\/www.franciskani.si\/zbf\/wp-json\/wp\/v2\/product\/121","targetHints":{"allow":["GET"]}}],"collection":[{"href":"https:\/\/www.franciskani.si\/zbf\/wp-json\/wp\/v2\/product"}],"about":[{"href":"https:\/\/www.franciskani.si\/zbf\/wp-json\/wp\/v2\/types\/product"}],"replies":[{"embeddable":true,"href":"https:\/\/www.franciskani.si\/zbf\/wp-json\/wp\/v2\/comments?post=121"}],"wp:featuredmedia":[{"embeddable":true,"href":"https:\/\/www.franciskani.si\/zbf\/wp-json\/wp\/v2\/media\/122"}],"wp:attachment":[{"href":"https:\/\/www.franciskani.si\/zbf\/wp-json\/wp\/v2\/media?parent=121"}],"wp:term":[{"taxonomy":"product_brand","embeddable":true,"href":"https:\/\/www.franciskani.si\/zbf\/wp-json\/wp\/v2\/product_brand?post=121"},{"taxonomy":"product_cat","embeddable":true,"href":"https:\/\/www.franciskani.si\/zbf\/wp-json\/wp\/v2\/product_cat?post=121"},{"taxonomy":"product_tag","embeddable":true,"href":"https:\/\/www.franciskani.si\/zbf\/wp-json\/wp\/v2\/product_tag?post=121"}],"curies":[{"name":"wp","href":"https:\/\/api.w.org\/{rel}","templated":true}]}}