{"id":123,"date":"2017-08-19T21:06:09","date_gmt":"2017-08-19T19:06:09","guid":{"rendered":"http:\/\/www.franciskani.si\/zbf\/?post_type=product&#038;p=123"},"modified":"2024-03-01T08:34:28","modified_gmt":"2024-03-01T07:34:28","slug":"francisek-asiski","status":"publish","type":"product","link":"https:\/\/www.franciskani.si\/zbf\/izdelek\/francisek-asiski\/","title":{"rendered":"Fran\u010di\u0161ek Asi\u0161ki"},"content":{"rendered":"<p><strong>Thadd\u00e9e Matura OFM<\/strong><\/p>\n<p>Ljubljana, 2008<\/p>\n<p>Fran\u010di\u0161ek Asi\u0161ki (1181\/2-1226) je bolj znan po svojem izrednem \u017eivljenju kot po svojih spisih. In vendar je zapustil zapisano sporo\u010dilo za ljudi vseh \u010dasov. To so preprosta, evangeljska in pesni\u0161ka besedila z ve\u010dnostno vsebino: odkrivanje sebe, bli\u017enjega in poleg tega skrivnosti trinitari\u010dnega Boga, ki je sredi\u0161\u010de vsakega kr\u0161\u010danskega \u017eivljenja. Na tem temelju nas brat Thadd\u00e9e Matura uvaja v duhovni pogled in molitev svetega Fran\u010di\u0161ka Asi\u0161kega. Thadd\u00e9e Matura, kanadski fran\u010di\u0161kan poljskega rodu, svetopisemski strokovnjak, je priznan kot eden najve\u010djih specialistov fran\u010di\u0161kanske duhovnosti. Sodeloval je tudi pri kriti\u010dni izdaji spisov sv. Fran\u010di\u0161ka in sv. Klare v zbirki Sources chr\u00e9tiennes (Izviri kr\u0161\u010danstva). V sloven\u0161\u010dino imamo prevedeno njegovo delo Fran\u010di\u0161ek, u\u010ditelj duhovnega \u017eivljenja.<\/p>\n<p>Format: 11,5&#215;19,2 cm,<\/p>\n<p>Obseg: 128 str.<\/p>\n<p>ISBN: 978-961-6338-54-7<\/p>\n","protected":false},"excerpt":{"rendered":"<p>Thadd\u00e9e Matura OFM Ljubljana, 2008 Fran\u010di\u0161ek Asi\u0161ki (1181\/2-1226) je bolj znan po svojem izrednem \u017eivljenju kot po svojih spisih. In vendar je zapustil zapisano sporo\u010dilo za ljudi vseh \u010dasov. To so preprosta, evangeljska in pesni\u0161ka besedila z ve\u010dnostno vsebino: odkrivanje sebe, bli\u017enjega in poleg tega skrivnosti trinitari\u010dnega Boga, ki je sredi\u0161\u010de vsakega kr\u0161\u010danskega \u017eivljenja. Na [&hellip;]<\/p>\n","protected":false},"featured_media":124,"comment_status":"open","ping_status":"closed","template":"","meta":[],"product_brand":[],"product_cat":[25],"product_tag":[39],"class_list":{"0":"post-123","1":"product","2":"type-product","3":"status-publish","4":"has-post-thumbnail","6":"product_cat-v-soli-velikih-molilcev","7":"product_tag-thaddee-matura-ofm","9":"first","10":"instock","11":"taxable","12":"shipping-taxable","13":"purchasable","14":"product-type-simple"},"_links":{"self":[{"href":"https:\/\/www.franciskani.si\/zbf\/wp-json\/wp\/v2\/product\/123","targetHints":{"allow":["GET"]}}],"collection":[{"href":"https:\/\/www.franciskani.si\/zbf\/wp-json\/wp\/v2\/product"}],"about":[{"href":"https:\/\/www.franciskani.si\/zbf\/wp-json\/wp\/v2\/types\/product"}],"replies":[{"embeddable":true,"href":"https:\/\/www.franciskani.si\/zbf\/wp-json\/wp\/v2\/comments?post=123"}],"wp:featuredmedia":[{"embeddable":true,"href":"https:\/\/www.franciskani.si\/zbf\/wp-json\/wp\/v2\/media\/124"}],"wp:attachment":[{"href":"https:\/\/www.franciskani.si\/zbf\/wp-json\/wp\/v2\/media?parent=123"}],"wp:term":[{"taxonomy":"product_brand","embeddable":true,"href":"https:\/\/www.franciskani.si\/zbf\/wp-json\/wp\/v2\/product_brand?post=123"},{"taxonomy":"product_cat","embeddable":true,"href":"https:\/\/www.franciskani.si\/zbf\/wp-json\/wp\/v2\/product_cat?post=123"},{"taxonomy":"product_tag","embeddable":true,"href":"https:\/\/www.franciskani.si\/zbf\/wp-json\/wp\/v2\/product_tag?post=123"}],"curies":[{"name":"wp","href":"https:\/\/api.w.org\/{rel}","templated":true}]}}