{"id":125,"date":"2017-08-19T21:09:16","date_gmt":"2017-08-19T19:09:16","guid":{"rendered":"http:\/\/www.franciskani.si\/zbf\/?post_type=product&#038;p=125"},"modified":"2024-03-01T08:34:19","modified_gmt":"2024-03-01T07:34:19","slug":"klara-asiska","status":"publish","type":"product","link":"https:\/\/www.franciskani.si\/zbf\/izdelek\/klara-asiska\/","title":{"rendered":"Klara Asi\u0161ka"},"content":{"rendered":"<p><strong>Marie-France Becker<\/strong><\/p>\n<p>Ljubljana, 2009<\/p>\n<p>Klara Asi\u0161ka (1193-1253), ki se je imela za malo sadiko sv. Fran\u010di\u0161ka, je prva \u017eenska na svetu, ki je sama napisala redovno vodilo in ji ga je Cerkev tudi potrdila. Svojim sestram, ki so po njej dobile ime klarise, pa je izro\u010dila tudi duhovno dedi\u0161\u010dino v svojih spisih. Tako se s pomo\u010djo nekaterih besedil iz virov, lahko tudi ob njej u\u010dimo molitve in zaupanja v ljube\u010dem odnosu z Gospodom, kamor nas vodi \u017eeno, ki \u017ee osemsto let spremlja mnoge du\u0161e na poti k ob\u010destvu z Bogom.<\/p>\n<p>Marie-France Becker, belgijska klarisa, se je poglobila v Klarine spise, ko jih je prevajala za zbirko Sources chretiennes. Vodi tudi te\u010daje in duhovne vaje na osnovi karizme, ki jo \u017eivi.<\/p>\n<p>Format: 11,5&#215;19,2 cm, bro\u0161irano, 120 str.<\/p>\n<p>ISBN: 978-961-6338-67-7<\/p>\n","protected":false},"excerpt":{"rendered":"<p>Marie-France Becker Ljubljana, 2009 Klara Asi\u0161ka (1193-1253), ki se je imela za malo sadiko sv. Fran\u010di\u0161ka, je prva \u017eenska na svetu, ki je sama napisala redovno vodilo in ji ga je Cerkev tudi potrdila. Svojim sestram, ki so po njej dobile ime klarise, pa je izro\u010dila tudi duhovno dedi\u0161\u010dino v svojih spisih. Tako se s [&hellip;]<\/p>\n","protected":false},"featured_media":126,"comment_status":"open","ping_status":"closed","template":"","meta":[],"product_brand":[],"product_cat":[25],"product_tag":[40],"class_list":{"0":"post-125","1":"product","2":"type-product","3":"status-publish","4":"has-post-thumbnail","6":"product_cat-v-soli-velikih-molilcev","7":"product_tag-marie-france-becker","9":"first","10":"instock","11":"taxable","12":"shipping-taxable","13":"purchasable","14":"product-type-simple"},"_links":{"self":[{"href":"https:\/\/www.franciskani.si\/zbf\/wp-json\/wp\/v2\/product\/125","targetHints":{"allow":["GET"]}}],"collection":[{"href":"https:\/\/www.franciskani.si\/zbf\/wp-json\/wp\/v2\/product"}],"about":[{"href":"https:\/\/www.franciskani.si\/zbf\/wp-json\/wp\/v2\/types\/product"}],"replies":[{"embeddable":true,"href":"https:\/\/www.franciskani.si\/zbf\/wp-json\/wp\/v2\/comments?post=125"}],"wp:featuredmedia":[{"embeddable":true,"href":"https:\/\/www.franciskani.si\/zbf\/wp-json\/wp\/v2\/media\/126"}],"wp:attachment":[{"href":"https:\/\/www.franciskani.si\/zbf\/wp-json\/wp\/v2\/media?parent=125"}],"wp:term":[{"taxonomy":"product_brand","embeddable":true,"href":"https:\/\/www.franciskani.si\/zbf\/wp-json\/wp\/v2\/product_brand?post=125"},{"taxonomy":"product_cat","embeddable":true,"href":"https:\/\/www.franciskani.si\/zbf\/wp-json\/wp\/v2\/product_cat?post=125"},{"taxonomy":"product_tag","embeddable":true,"href":"https:\/\/www.franciskani.si\/zbf\/wp-json\/wp\/v2\/product_tag?post=125"}],"curies":[{"name":"wp","href":"https:\/\/api.w.org\/{rel}","templated":true}]}}