{"id":127,"date":"2017-08-19T21:12:24","date_gmt":"2017-08-19T19:12:24","guid":{"rendered":"http:\/\/www.franciskani.si\/zbf\/?post_type=product&#038;p=127"},"modified":"2017-08-25T22:43:32","modified_gmt":"2017-08-25T20:43:32","slug":"modrost-nekega-ubozca","status":"publish","type":"product","link":"https:\/\/www.franciskani.si\/zbf\/izdelek\/modrost-nekega-ubozca\/","title":{"rendered":"Modrost nekega ubo\u017eca"},"content":{"rendered":"<p><strong>Eloi Leclerc OFM<\/strong><\/p>\n<p>Ljubljana, 1998<\/p>\n<p>To je eno temeljnih del sodobnega fran\u010di\u0161koslovja in je navdihnilo \u017ee nekaj generacij, ki so se preko njega seznanile s skrivnostjo asi\u0161kega Ubo\u017eca. Fran\u010di\u0161ek ni le posladkani svetnik s podobice, ampak silen mo\u017e, ki se je moral boriti s seboj in drugimi. Njegova svetost iz te knjige \u0161e bolj jasno zasije. Knjigo je iz franco\u0161\u010dine prevedel na\u0161 sobrat Peter Vrabec.<\/p>\n<p>Format: 20 cm, bro\u0161irano, 128 str.<\/p>\n<p>ISBN 961-90564-1-8<\/p>\n","protected":false},"excerpt":{"rendered":"<p>Eloi Leclerc OFM Ljubljana, 1998 To je eno temeljnih del sodobnega fran\u010di\u0161koslovja in je navdihnilo \u017ee nekaj generacij, ki so se preko njega seznanile s skrivnostjo asi\u0161kega Ubo\u017eca. Fran\u010di\u0161ek ni le posladkani svetnik s podobice, ampak silen mo\u017e, ki se je moral boriti s seboj in drugimi. Njegova svetost iz te knjige \u0161e bolj jasno [&hellip;]<\/p>\n","protected":false},"featured_media":128,"comment_status":"open","ping_status":"closed","template":"","meta":[],"product_brand":[],"product_cat":[22,117],"product_tag":[41],"class_list":{"0":"post-127","1":"product","2":"type-product","3":"status-publish","4":"has-post-thumbnail","6":"product_cat-francisek-med-nami","7":"product_cat-razprodano","8":"product_tag-eloi-leclerc-ofm","10":"first","11":"outofstock","12":"taxable","13":"shipping-taxable","14":"purchasable","15":"product-type-simple"},"_links":{"self":[{"href":"https:\/\/www.franciskani.si\/zbf\/wp-json\/wp\/v2\/product\/127","targetHints":{"allow":["GET"]}}],"collection":[{"href":"https:\/\/www.franciskani.si\/zbf\/wp-json\/wp\/v2\/product"}],"about":[{"href":"https:\/\/www.franciskani.si\/zbf\/wp-json\/wp\/v2\/types\/product"}],"replies":[{"embeddable":true,"href":"https:\/\/www.franciskani.si\/zbf\/wp-json\/wp\/v2\/comments?post=127"}],"wp:featuredmedia":[{"embeddable":true,"href":"https:\/\/www.franciskani.si\/zbf\/wp-json\/wp\/v2\/media\/128"}],"wp:attachment":[{"href":"https:\/\/www.franciskani.si\/zbf\/wp-json\/wp\/v2\/media?parent=127"}],"wp:term":[{"taxonomy":"product_brand","embeddable":true,"href":"https:\/\/www.franciskani.si\/zbf\/wp-json\/wp\/v2\/product_brand?post=127"},{"taxonomy":"product_cat","embeddable":true,"href":"https:\/\/www.franciskani.si\/zbf\/wp-json\/wp\/v2\/product_cat?post=127"},{"taxonomy":"product_tag","embeddable":true,"href":"https:\/\/www.franciskani.si\/zbf\/wp-json\/wp\/v2\/product_tag?post=127"}],"curies":[{"name":"wp","href":"https:\/\/api.w.org\/{rel}","templated":true}]}}