{"id":129,"date":"2017-08-19T21:17:53","date_gmt":"2017-08-19T19:17:53","guid":{"rendered":"http:\/\/www.franciskani.si\/zbf\/?post_type=product&#038;p=129"},"modified":"2017-08-19T21:47:11","modified_gmt":"2017-08-19T19:47:11","slug":"brat-francisek","status":"publish","type":"product","link":"https:\/\/www.franciskani.si\/zbf\/izdelek\/brat-francisek\/","title":{"rendered":"Brat Fran\u010di\u0161ek"},"content":{"rendered":"<p><strong>France Bevk<\/strong><\/p>\n<p>Ljubljana, 1998<\/p>\n<p>Ta na\u0161 znani pripovednik se je v \u010dasu, ki ga je prebil v gori\u0161kih zaporih pribli\u017eal asi\u0161kemu Ubo\u017ecu, ki mu izkustvo zapora ni bilo neznano. In v dolgih dneh se mu je izpod peresa izlivala zgodba, tako polna umbrijske topline in slovenske ob\u010dutenosti. Fran\u010di\u0161ek mu je zares spregovoril po na\u0161e. Leta 1926 sta iz\u0161li ena za drugo dve izdaji, to pa je prvi ponatis.<\/p>\n<p>Format: 138 str, 20 cm, bro\u0161irano.<\/p>\n<p>ISBN 961-90564-2-6<\/p>\n","protected":false},"excerpt":{"rendered":"<p>France Bevk Ljubljana, 1998 Ta na\u0161 znani pripovednik se je v \u010dasu, ki ga je prebil v gori\u0161kih zaporih pribli\u017eal asi\u0161kemu Ubo\u017ecu, ki mu izkustvo zapora ni bilo neznano. In v dolgih dneh se mu je izpod peresa izlivala zgodba, tako polna umbrijske topline in slovenske ob\u010dutenosti. Fran\u010di\u0161ek mu je zares spregovoril po na\u0161e. Leta [&hellip;]<\/p>\n","protected":false},"featured_media":130,"comment_status":"open","ping_status":"closed","template":"","meta":[],"product_brand":[],"product_cat":[22],"product_tag":[42],"class_list":{"0":"post-129","1":"product","2":"type-product","3":"status-publish","4":"has-post-thumbnail","6":"product_cat-francisek-med-nami","7":"product_tag-france-bevk","9":"first","10":"instock","11":"taxable","12":"shipping-taxable","13":"purchasable","14":"product-type-simple"},"_links":{"self":[{"href":"https:\/\/www.franciskani.si\/zbf\/wp-json\/wp\/v2\/product\/129","targetHints":{"allow":["GET"]}}],"collection":[{"href":"https:\/\/www.franciskani.si\/zbf\/wp-json\/wp\/v2\/product"}],"about":[{"href":"https:\/\/www.franciskani.si\/zbf\/wp-json\/wp\/v2\/types\/product"}],"replies":[{"embeddable":true,"href":"https:\/\/www.franciskani.si\/zbf\/wp-json\/wp\/v2\/comments?post=129"}],"wp:featuredmedia":[{"embeddable":true,"href":"https:\/\/www.franciskani.si\/zbf\/wp-json\/wp\/v2\/media\/130"}],"wp:attachment":[{"href":"https:\/\/www.franciskani.si\/zbf\/wp-json\/wp\/v2\/media?parent=129"}],"wp:term":[{"taxonomy":"product_brand","embeddable":true,"href":"https:\/\/www.franciskani.si\/zbf\/wp-json\/wp\/v2\/product_brand?post=129"},{"taxonomy":"product_cat","embeddable":true,"href":"https:\/\/www.franciskani.si\/zbf\/wp-json\/wp\/v2\/product_cat?post=129"},{"taxonomy":"product_tag","embeddable":true,"href":"https:\/\/www.franciskani.si\/zbf\/wp-json\/wp\/v2\/product_tag?post=129"}],"curies":[{"name":"wp","href":"https:\/\/api.w.org\/{rel}","templated":true}]}}