{"id":1318,"date":"2024-12-18T09:25:39","date_gmt":"2024-12-18T08:25:39","guid":{"rendered":"https:\/\/www.franciskani.si\/zbf\/?post_type=product&#038;p=1318"},"modified":"2024-12-18T09:26:58","modified_gmt":"2024-12-18T08:26:58","slug":"christian-gostecnik-ofm-ples-z-ognjem","status":"publish","type":"product","link":"https:\/\/www.franciskani.si\/zbf\/izdelek\/christian-gostecnik-ofm-ples-z-ognjem\/","title":{"rendered":"Christian Goste\u010dnik OFM: Ples z ognjem"},"content":{"rendered":"<p>Christian Goste\u010dnik: Ples z ognjem<\/p>\n<p>Mladostnik daje svojim star\u0161em izjemno mo\u017enost, da mu tisto, \u010desar niso uspeli vgraditi vanj, ko je bil \u0161e otrok, posredujejo v njegovi mladostni\u0161ki dobi. Gre za ponovitev primarnega odnosa iz zgodnjega otro\u0161tva, ko \u0161e ni bil star niti dve leti. Zaradi mladostnikovega uporni\u0161tva in dozorevanja ter star\u0161evskega nerazumevanja mladostnikovega notranjega sveta je njihov medsebojni odnos postal izjemno naporen. Ko star\u0161i slednji\u010d doumejo, da mladostnik ne more dozoreti brez njihove izrecne pomo\u010di, in v ta odnos dejavno vstopijo, lahko to tudi star\u0161em prinese veliko zadovoljstva, saj postane zrela in odgovorna odrasla oseba.<\/p>\n<p>Klju\u010dne besede:\u00a0razvoj mladostnikovih mo\u017eganov, mladostnikove dileme doba velikih preobratov, zapleti v dru\u017eini nevarno in nepredvidljivo okolje, izziv star\u0161evstva funkcionalno odra\u0161\u010danje<\/p>\n","protected":false},"excerpt":{"rendered":"<p>Christian Goste\u010dnik: Ples z ognjem<\/p>\n<p>Mladostnik daje svojim star\u0161em izjemno mo\u017enost, da mu tisto, \u010desar niso uspeli vgraditi vanj, ko je bil \u0161e otrok, posredujejo v njegovi mladostni\u0161ki dobi. Gre za ponovitev primarnega odnosa iz zgodnjega otro\u0161tva, ko \u0161e ni bil star niti dve leti. Zaradi mladostnikovega uporni\u0161tva in dozorevanja ter star\u0161evskega nerazumevanja mladostnikovega notranjega sveta je njihov medsebojni odnos postal izjemno naporen. Ko star\u0161i slednji\u010d doumejo, da mladostnik ne more dozoreti brez njihove izrecne pomo\u010di, in v ta odnos dejavno vstopijo, lahko to tudi star\u0161em prinese veliko zadovoljstva, saj postane zrela in odgovorna odrasla oseba.<\/p>\n<p>Klju\u010dne besede:\u00a0razvoj mladostnikovih mo\u017eganov, mladostnikove dileme doba velikih preobratov, zapleti v dru\u017eini nevarno in nepredvidljivo okolje, izziv star\u0161evstva funkcionalno odra\u0161\u010danje<\/p>\n","protected":false},"featured_media":1320,"comment_status":"open","ping_status":"closed","template":"","meta":[],"product_brand":[],"product_cat":[35],"product_tag":[],"class_list":{"0":"post-1318","1":"product","2":"type-product","3":"status-publish","4":"has-post-thumbnail","6":"product_cat-monografije-fdi","8":"first","9":"instock","10":"taxable","11":"shipping-taxable","12":"purchasable","13":"product-type-simple"},"_links":{"self":[{"href":"https:\/\/www.franciskani.si\/zbf\/wp-json\/wp\/v2\/product\/1318","targetHints":{"allow":["GET"]}}],"collection":[{"href":"https:\/\/www.franciskani.si\/zbf\/wp-json\/wp\/v2\/product"}],"about":[{"href":"https:\/\/www.franciskani.si\/zbf\/wp-json\/wp\/v2\/types\/product"}],"replies":[{"embeddable":true,"href":"https:\/\/www.franciskani.si\/zbf\/wp-json\/wp\/v2\/comments?post=1318"}],"wp:featuredmedia":[{"embeddable":true,"href":"https:\/\/www.franciskani.si\/zbf\/wp-json\/wp\/v2\/media\/1320"}],"wp:attachment":[{"href":"https:\/\/www.franciskani.si\/zbf\/wp-json\/wp\/v2\/media?parent=1318"}],"wp:term":[{"taxonomy":"product_brand","embeddable":true,"href":"https:\/\/www.franciskani.si\/zbf\/wp-json\/wp\/v2\/product_brand?post=1318"},{"taxonomy":"product_cat","embeddable":true,"href":"https:\/\/www.franciskani.si\/zbf\/wp-json\/wp\/v2\/product_cat?post=1318"},{"taxonomy":"product_tag","embeddable":true,"href":"https:\/\/www.franciskani.si\/zbf\/wp-json\/wp\/v2\/product_tag?post=1318"}],"curies":[{"name":"wp","href":"https:\/\/api.w.org\/{rel}","templated":true}]}}