{"id":135,"date":"2017-08-19T21:25:51","date_gmt":"2017-08-19T19:25:51","guid":{"rendered":"http:\/\/www.franciskani.si\/zbf\/?post_type=product&#038;p=135"},"modified":"2017-08-19T21:42:47","modified_gmt":"2017-08-19T19:42:47","slug":"sveti-francisek-asiski","status":"publish","type":"product","link":"https:\/\/www.franciskani.si\/zbf\/izdelek\/sveti-francisek-asiski\/","title":{"rendered":"Sveti Fran\u010di\u0161ek Asi\u0161ki"},"content":{"rendered":"<p><strong>Johannes Joergensen<\/strong><\/p>\n<p>Ljubljana, 2000<\/p>\n<p>Fran\u010di\u0161kovih \u017eivljenjepisov ni nikoli preve\u010d. In vsak nam zna odstreti nekaj novega v \u017eivljenju tega malega velikana, ki je zaznamoval evropsko duhovno zgodovino kot morda le malokdo. Johannes Joergensen, danski konvertit, je to delo napisal \u017ee v za\u010detku tega stoletja in je postalo resni\u010dna klasika. To dokazujejo \u0161tevilni prevodi in nenehni ponatisi. \u010car te biografije je v tem, da zna zdru\u017eiti \u0161tudij virov z romanopisjem. Opombe pod \u010drto zadostijo znanstvenosti, slog pisanja pa literarnosti. \u010ceprav je kritika virov odtlej naredila nekaj korakov, pa delo ostaja nepogre\u0161ljivo za vse, ki \u017eelijo poglobljeno spoznati \u017eivljenjsko pot umbrijskega Ubo\u017eca.<\/p>\n<p>Format: 360 str, 20 cm, bro\u0161irano.<\/p>\n<p>ISBN 961-6326-10-4<\/p>\n","protected":false},"excerpt":{"rendered":"<p>Johannes Joergensen Ljubljana, 2000 Fran\u010di\u0161kovih \u017eivljenjepisov ni nikoli preve\u010d. In vsak nam zna odstreti nekaj novega v \u017eivljenju tega malega velikana, ki je zaznamoval evropsko duhovno zgodovino kot morda le malokdo. Johannes Joergensen, danski konvertit, je to delo napisal \u017ee v za\u010detku tega stoletja in je postalo resni\u010dna klasika. To dokazujejo \u0161tevilni prevodi in nenehni [&hellip;]<\/p>\n","protected":false},"featured_media":136,"comment_status":"open","ping_status":"closed","template":"","meta":[],"product_brand":[],"product_cat":[22],"product_tag":[43],"class_list":{"0":"post-135","1":"product","2":"type-product","3":"status-publish","4":"has-post-thumbnail","6":"product_cat-francisek-med-nami","7":"product_tag-johannes-joergensen","9":"first","10":"instock","11":"taxable","12":"shipping-taxable","13":"purchasable","14":"product-type-simple"},"_links":{"self":[{"href":"https:\/\/www.franciskani.si\/zbf\/wp-json\/wp\/v2\/product\/135","targetHints":{"allow":["GET"]}}],"collection":[{"href":"https:\/\/www.franciskani.si\/zbf\/wp-json\/wp\/v2\/product"}],"about":[{"href":"https:\/\/www.franciskani.si\/zbf\/wp-json\/wp\/v2\/types\/product"}],"replies":[{"embeddable":true,"href":"https:\/\/www.franciskani.si\/zbf\/wp-json\/wp\/v2\/comments?post=135"}],"wp:featuredmedia":[{"embeddable":true,"href":"https:\/\/www.franciskani.si\/zbf\/wp-json\/wp\/v2\/media\/136"}],"wp:attachment":[{"href":"https:\/\/www.franciskani.si\/zbf\/wp-json\/wp\/v2\/media?parent=135"}],"wp:term":[{"taxonomy":"product_brand","embeddable":true,"href":"https:\/\/www.franciskani.si\/zbf\/wp-json\/wp\/v2\/product_brand?post=135"},{"taxonomy":"product_cat","embeddable":true,"href":"https:\/\/www.franciskani.si\/zbf\/wp-json\/wp\/v2\/product_cat?post=135"},{"taxonomy":"product_tag","embeddable":true,"href":"https:\/\/www.franciskani.si\/zbf\/wp-json\/wp\/v2\/product_tag?post=135"}],"curies":[{"name":"wp","href":"https:\/\/api.w.org\/{rel}","templated":true}]}}