{"id":138,"date":"2017-08-19T21:31:21","date_gmt":"2017-08-19T19:31:21","guid":{"rendered":"http:\/\/www.franciskani.si\/zbf\/?post_type=product&#038;p=138"},"modified":"2017-08-20T16:46:34","modified_gmt":"2017-08-20T14:46:34","slug":"francisek-asiski-ucitelj-duhovnega-zivljenja","status":"publish","type":"product","link":"https:\/\/www.franciskani.si\/zbf\/izdelek\/francisek-asiski-ucitelj-duhovnega-zivljenja\/","title":{"rendered":"Fran\u010di\u0161ek Asi\u0161ki &#8211; u\u010ditelj duhovnega \u017eivljenja"},"content":{"rendered":"<p><strong>Thadd\u00e9e Matura OFM<\/strong><\/p>\n<p>prevedel Miran \u0160peli\u010d OFM<\/p>\n<p>Ljubljana, 2001<\/p>\n<p>Med svetniki se malokdo lahko kosa s sv. Fran\u010di\u0161kom Asi\u0161kim v poznanosti in priljubljenosti. Ljudi vseh \u010dasov in kultur nagovarja s svojo preprostostjo. Mno\u017eijo se njegovi \u017eivljenjepisi, v katerih vedno znova spregovori z isto neposrednostjo. Zelo malo pa je bilo doslej napisanega o njegovi duhovni poti. Fran\u010di\u0161kan Thadd\u00e9e Matura je storil prav to: orisal je poglavitne poteze duhovnosti asi\u0161kega ubo\u017eca, zlasti z vidika njene nad\u010dasovnosti, saj je zaznamovala \u017ee neko\u010d in \u0161e vedno daje pe\u010dat vsej Cerkvi. Gotovo je aktualna tudi za dana\u0161nji \u010das. Kratko delo je prava \u0161ola duhovnega \u017eivljenja po stopinjah sv. Fran\u010di\u0161ka.<\/p>\n<p>Format: 20 x 12,5 cm, bro\u0161irano<\/p>\n<p>Obseg: 80 str.<\/p>\n<p>ISBN 961-6326-19-8<\/p>\n","protected":false},"excerpt":{"rendered":"<p>Thadd\u00e9e Matura OFM prevedel Miran \u0160peli\u010d OFM Ljubljana, 2001 Med svetniki se malokdo lahko kosa s sv. Fran\u010di\u0161kom Asi\u0161kim v poznanosti in priljubljenosti. Ljudi vseh \u010dasov in kultur nagovarja s svojo preprostostjo. Mno\u017eijo se njegovi \u017eivljenjepisi, v katerih vedno znova spregovori z isto neposrednostjo. Zelo malo pa je bilo doslej napisanega o njegovi duhovni poti. [&hellip;]<\/p>\n","protected":false},"featured_media":139,"comment_status":"open","ping_status":"closed","template":"","meta":[],"product_brand":[],"product_cat":[22],"product_tag":[100,39],"class_list":{"0":"post-138","1":"product","2":"type-product","3":"status-publish","4":"has-post-thumbnail","6":"product_cat-francisek-med-nami","7":"product_tag-miran-spelic-ofm","8":"product_tag-thaddee-matura-ofm","10":"first","11":"instock","12":"taxable","13":"shipping-taxable","14":"purchasable","15":"product-type-simple"},"_links":{"self":[{"href":"https:\/\/www.franciskani.si\/zbf\/wp-json\/wp\/v2\/product\/138","targetHints":{"allow":["GET"]}}],"collection":[{"href":"https:\/\/www.franciskani.si\/zbf\/wp-json\/wp\/v2\/product"}],"about":[{"href":"https:\/\/www.franciskani.si\/zbf\/wp-json\/wp\/v2\/types\/product"}],"replies":[{"embeddable":true,"href":"https:\/\/www.franciskani.si\/zbf\/wp-json\/wp\/v2\/comments?post=138"}],"wp:featuredmedia":[{"embeddable":true,"href":"https:\/\/www.franciskani.si\/zbf\/wp-json\/wp\/v2\/media\/139"}],"wp:attachment":[{"href":"https:\/\/www.franciskani.si\/zbf\/wp-json\/wp\/v2\/media?parent=138"}],"wp:term":[{"taxonomy":"product_brand","embeddable":true,"href":"https:\/\/www.franciskani.si\/zbf\/wp-json\/wp\/v2\/product_brand?post=138"},{"taxonomy":"product_cat","embeddable":true,"href":"https:\/\/www.franciskani.si\/zbf\/wp-json\/wp\/v2\/product_cat?post=138"},{"taxonomy":"product_tag","embeddable":true,"href":"https:\/\/www.franciskani.si\/zbf\/wp-json\/wp\/v2\/product_tag?post=138"}],"curies":[{"name":"wp","href":"https:\/\/api.w.org\/{rel}","templated":true}]}}