{"id":140,"date":"2017-08-19T21:34:05","date_gmt":"2017-08-19T19:34:05","guid":{"rendered":"http:\/\/www.franciskani.si\/zbf\/?post_type=product&#038;p=140"},"modified":"2017-08-19T21:42:05","modified_gmt":"2017-08-19T19:42:05","slug":"sveti-francisek-asiski-2","status":"publish","type":"product","link":"https:\/\/www.franciskani.si\/zbf\/izdelek\/sveti-francisek-asiski-2\/","title":{"rendered":"Sveti Fran\u010di\u0161ek Asi\u0161ki"},"content":{"rendered":"<p><strong>G. K. Chesterton<\/strong><\/p>\n<p>prevedel Boris \u0160inigoj<\/p>\n<p>Ljubljana, 2001<\/p>\n<p>Ko danes prebiramo Chestertonove spise, se ob vseh duhovitih dovtipih in iskrivih besednih igrah, ki si v njih neprestano podajajo roko, pogosto ne moremo izogniti \u010darobnemu ob\u010dutku nenavadne vedrine, silovitega poleta in globoke pronicljivosti njegovega duha. Na \u0161iroki njivi njegovih del nezgre\u0161ljivo vznikne Chestertonov paradoks, ki se v \u010dasu, ko se marsikdo sramuje kr\u0161\u010danstva, pogumno in brez sramu izrazi v podobi kri\u017ea. Pisateljevo spreobrnjenjsko navdu\u0161enje nad likom sv. Fran\u010di\u0161ka se je nalivu drznih paradoksov izlilo v do\u017eivet in pronicljiv \u017eivljenjepisni prikaz drobnega ubo\u017eca iz Assisija. Pisatelj ne skriva \u017eelje, da bi s Fran\u010di\u0161kom nagovoril zlasti zunanjega opazovalca in ga spodbudil h globljemu premi\u0161ljevanju kr\u0161\u010danstva, kakor ga je danes vajen iz povr\u0161nega \u010dasnikarskega poro\u010dila ali samov\u0161e\u010dnega televizijskega komentarja. Kdor ohrani dovzetnost za skriti smisel njegove \u017eivljenjske zgodbe, ki se za\u010dne z navidezno nesmiselno zaobljubo ubo\u0161tva sredi me\u0161\u010danske blaginje in zmore svoj nezaupljivi razum ne\u017eno spustiti v srce, ta sme upati, da bo s sv. Fran\u010di\u0161kom navsezadnje ob\u010dutil sr\u010dni utrip vsega stvarstva.<\/p>\n<p>Format: 20 x 12,5 cm, bro\u0161irano<\/p>\n<p>Obseg: 184 str.<\/p>\n<p>ISBN 961-6326-21-X<\/p>\n","protected":false},"excerpt":{"rendered":"<p>G. K. Chesterton prevedel Boris \u0160inigoj Ljubljana, 2001 Ko danes prebiramo Chestertonove spise, se ob vseh duhovitih dovtipih in iskrivih besednih igrah, ki si v njih neprestano podajajo roko, pogosto ne moremo izogniti \u010darobnemu ob\u010dutku nenavadne vedrine, silovitega poleta in globoke pronicljivosti njegovega duha. Na \u0161iroki njivi njegovih del nezgre\u0161ljivo vznikne Chestertonov paradoks, ki se [&hellip;]<\/p>\n","protected":false},"featured_media":141,"comment_status":"open","ping_status":"closed","template":"","meta":[],"product_brand":[],"product_cat":[22],"product_tag":[44],"class_list":{"0":"post-140","1":"product","2":"type-product","3":"status-publish","4":"has-post-thumbnail","6":"product_cat-francisek-med-nami","7":"product_tag-g-k-chesterton","9":"first","10":"instock","11":"taxable","12":"shipping-taxable","13":"purchasable","14":"product-type-simple"},"_links":{"self":[{"href":"https:\/\/www.franciskani.si\/zbf\/wp-json\/wp\/v2\/product\/140","targetHints":{"allow":["GET"]}}],"collection":[{"href":"https:\/\/www.franciskani.si\/zbf\/wp-json\/wp\/v2\/product"}],"about":[{"href":"https:\/\/www.franciskani.si\/zbf\/wp-json\/wp\/v2\/types\/product"}],"replies":[{"embeddable":true,"href":"https:\/\/www.franciskani.si\/zbf\/wp-json\/wp\/v2\/comments?post=140"}],"wp:featuredmedia":[{"embeddable":true,"href":"https:\/\/www.franciskani.si\/zbf\/wp-json\/wp\/v2\/media\/141"}],"wp:attachment":[{"href":"https:\/\/www.franciskani.si\/zbf\/wp-json\/wp\/v2\/media?parent=140"}],"wp:term":[{"taxonomy":"product_brand","embeddable":true,"href":"https:\/\/www.franciskani.si\/zbf\/wp-json\/wp\/v2\/product_brand?post=140"},{"taxonomy":"product_cat","embeddable":true,"href":"https:\/\/www.franciskani.si\/zbf\/wp-json\/wp\/v2\/product_cat?post=140"},{"taxonomy":"product_tag","embeddable":true,"href":"https:\/\/www.franciskani.si\/zbf\/wp-json\/wp\/v2\/product_tag?post=140"}],"curies":[{"name":"wp","href":"https:\/\/api.w.org\/{rel}","templated":true}]}}