{"id":142,"date":"2017-08-19T21:36:24","date_gmt":"2017-08-19T19:36:24","guid":{"rendered":"http:\/\/www.franciskani.si\/zbf\/?post_type=product&#038;p=142"},"modified":"2017-08-19T21:46:41","modified_gmt":"2017-08-19T19:46:41","slug":"francisek-pot-in-sanje","status":"publish","type":"product","link":"https:\/\/www.franciskani.si\/zbf\/izdelek\/francisek-pot-in-sanje\/","title":{"rendered":"Fran\u010di\u0161ek &#8211; pot in sanje"},"content":{"rendered":"<p><strong>Murray Bodo OFM<\/strong><\/p>\n<p>prevedla Bernarda Kej\u017ear in Branko Likar OFMConv<\/p>\n<p>Ljubljana, 2003<\/p>\n<p>Knjiga, ki je pred vami, je prevod dela ameri\u0161kega avtorja Murraya Bodoja Francis, the Journey and the Dream. \u017de hiter sprehod po kazalu nam pove, da osnovni namen te zbirke razmi\u0161ljanj ni podati \u017eivljenjepisa asi\u0161kega ubo\u017eca. V tuji literaturi in v zadnjem \u010dasu tudi na na\u0161ih knji\u017enih policah je vedno ve\u010d knjig, ki osvetljujejo \u017eivljenje tega preprostega svetnika. \u010ceprav nas od njegovega \u010dasa lo\u010di osem stoletij, njegov koreniti odgovor na ljubezen Kri\u017eanega \u0161e danes nagovarja sodobnega \u010dloveka.<\/p>\n<p>Format: 12,5 x 20 cm, bro\u0161irano<\/p>\n<p>Obseg: 200 str.<\/p>\n<p>ISBN 961-6326-28-7<\/p>\n","protected":false},"excerpt":{"rendered":"<p>Murray Bodo OFM prevedla Bernarda Kej\u017ear in Branko Likar OFMConv Ljubljana, 2003 Knjiga, ki je pred vami, je prevod dela ameri\u0161kega avtorja Murraya Bodoja Francis, the Journey and the Dream. \u017de hiter sprehod po kazalu nam pove, da osnovni namen te zbirke razmi\u0161ljanj ni podati \u017eivljenjepisa asi\u0161kega ubo\u017eca. V tuji literaturi in v zadnjem \u010dasu [&hellip;]<\/p>\n","protected":false},"featured_media":143,"comment_status":"open","ping_status":"closed","template":"","meta":[],"product_brand":[],"product_cat":[22],"product_tag":[45],"class_list":{"0":"post-142","1":"product","2":"type-product","3":"status-publish","4":"has-post-thumbnail","6":"product_cat-francisek-med-nami","7":"product_tag-murray-bodo-ofm","9":"first","10":"instock","11":"taxable","12":"shipping-taxable","13":"purchasable","14":"product-type-simple"},"_links":{"self":[{"href":"https:\/\/www.franciskani.si\/zbf\/wp-json\/wp\/v2\/product\/142","targetHints":{"allow":["GET"]}}],"collection":[{"href":"https:\/\/www.franciskani.si\/zbf\/wp-json\/wp\/v2\/product"}],"about":[{"href":"https:\/\/www.franciskani.si\/zbf\/wp-json\/wp\/v2\/types\/product"}],"replies":[{"embeddable":true,"href":"https:\/\/www.franciskani.si\/zbf\/wp-json\/wp\/v2\/comments?post=142"}],"wp:featuredmedia":[{"embeddable":true,"href":"https:\/\/www.franciskani.si\/zbf\/wp-json\/wp\/v2\/media\/143"}],"wp:attachment":[{"href":"https:\/\/www.franciskani.si\/zbf\/wp-json\/wp\/v2\/media?parent=142"}],"wp:term":[{"taxonomy":"product_brand","embeddable":true,"href":"https:\/\/www.franciskani.si\/zbf\/wp-json\/wp\/v2\/product_brand?post=142"},{"taxonomy":"product_cat","embeddable":true,"href":"https:\/\/www.franciskani.si\/zbf\/wp-json\/wp\/v2\/product_cat?post=142"},{"taxonomy":"product_tag","embeddable":true,"href":"https:\/\/www.franciskani.si\/zbf\/wp-json\/wp\/v2\/product_tag?post=142"}],"curies":[{"name":"wp","href":"https:\/\/api.w.org\/{rel}","templated":true}]}}