{"id":145,"date":"2017-08-19T21:39:58","date_gmt":"2017-08-19T19:39:58","guid":{"rendered":"http:\/\/www.franciskani.si\/zbf\/?post_type=product&#038;p=145"},"modified":"2017-08-19T21:41:09","modified_gmt":"2017-08-19T19:41:09","slug":"sveti-francisek-asiski-3","status":"publish","type":"product","link":"https:\/\/www.franciskani.si\/zbf\/izdelek\/sveti-francisek-asiski-3\/","title":{"rendered":"Sveti Fran\u010di\u0161ek Asi\u0161ki"},"content":{"rendered":"<p><strong>Marija Kmetova<\/strong><\/p>\n<p>druga (jezikovno posodobljena) izdaja<\/p>\n<p>Ljubljana, 2006<\/p>\n<p>Po osemdesetih letih bo ta povest zagotovo pritegnila bralce, in to ne le starej\u0161ih. Napisana je v plemeniti tradiciji slovenske povesti in ostaja zvesta zgodovinskim virom, a si jih drzne v dovoljeni meri tudi svobodno interpretirati. Tako kot je Fran\u010di\u0161ek &#8220;neaktualen&#8221; in ne pripada nobenemu \u010dasu, tako tudi to delo ne pripada le svojemu obdobju, ampak nagovarja \u0161e danes. Pa\u010d kot vsak Fran\u010di\u0161kov \u017eivljenjepis &#8230; Vas mika prva stran? Mohorjevi dru\u017ebi se zahvaljujemo za prijazno dovoljenje za izdajo.<\/p>\n<p>Format: 20 x 12,5 cm, bro\u0161irano<\/p>\n<p>Obseg: 271 str.<\/p>\n<p>ISBN 961-6326-44-9<\/p>\n","protected":false},"excerpt":{"rendered":"<p>Marija Kmetova druga (jezikovno posodobljena) izdaja Ljubljana, 2006 Po osemdesetih letih bo ta povest zagotovo pritegnila bralce, in to ne le starej\u0161ih. Napisana je v plemeniti tradiciji slovenske povesti in ostaja zvesta zgodovinskim virom, a si jih drzne v dovoljeni meri tudi svobodno interpretirati. Tako kot je Fran\u010di\u0161ek &#8220;neaktualen&#8221; in ne pripada nobenemu \u010dasu, tako [&hellip;]<\/p>\n","protected":false},"featured_media":146,"comment_status":"open","ping_status":"closed","template":"","meta":[],"product_brand":[],"product_cat":[22],"product_tag":[46],"class_list":{"0":"post-145","1":"product","2":"type-product","3":"status-publish","4":"has-post-thumbnail","6":"product_cat-francisek-med-nami","7":"product_tag-marija-kmetova","9":"first","10":"instock","11":"taxable","12":"shipping-taxable","13":"purchasable","14":"product-type-simple"},"_links":{"self":[{"href":"https:\/\/www.franciskani.si\/zbf\/wp-json\/wp\/v2\/product\/145","targetHints":{"allow":["GET"]}}],"collection":[{"href":"https:\/\/www.franciskani.si\/zbf\/wp-json\/wp\/v2\/product"}],"about":[{"href":"https:\/\/www.franciskani.si\/zbf\/wp-json\/wp\/v2\/types\/product"}],"replies":[{"embeddable":true,"href":"https:\/\/www.franciskani.si\/zbf\/wp-json\/wp\/v2\/comments?post=145"}],"wp:featuredmedia":[{"embeddable":true,"href":"https:\/\/www.franciskani.si\/zbf\/wp-json\/wp\/v2\/media\/146"}],"wp:attachment":[{"href":"https:\/\/www.franciskani.si\/zbf\/wp-json\/wp\/v2\/media?parent=145"}],"wp:term":[{"taxonomy":"product_brand","embeddable":true,"href":"https:\/\/www.franciskani.si\/zbf\/wp-json\/wp\/v2\/product_brand?post=145"},{"taxonomy":"product_cat","embeddable":true,"href":"https:\/\/www.franciskani.si\/zbf\/wp-json\/wp\/v2\/product_cat?post=145"},{"taxonomy":"product_tag","embeddable":true,"href":"https:\/\/www.franciskani.si\/zbf\/wp-json\/wp\/v2\/product_tag?post=145"}],"curies":[{"name":"wp","href":"https:\/\/api.w.org\/{rel}","templated":true}]}}