{"id":149,"date":"2017-08-19T21:52:24","date_gmt":"2017-08-19T19:52:24","guid":{"rendered":"http:\/\/www.franciskani.si\/zbf\/?post_type=product&#038;p=149"},"modified":"2017-08-19T21:52:24","modified_gmt":"2017-08-19T19:52:24","slug":"po-franciskovih-in-klarinih-stopinjah","status":"publish","type":"product","link":"https:\/\/www.franciskani.si\/zbf\/izdelek\/po-franciskovih-in-klarinih-stopinjah\/","title":{"rendered":"Po Fran\u010di\u0161kovih in Klarinih stopinjah"},"content":{"rendered":"<p><strong>Roch Niemier OFM<\/strong><\/p>\n<p>prevedla s. Vesna Jelen, \u0160S<\/p>\n<p>Ljubljana, 2010<\/p>\n<p>Assisi nam je vedno blizu, po srcu in tudi po kilometrih. Ko pa pridemo tja, ne vemo vselej, kaj se je kje dogajalo in kaj nam lahko ti kraji povedo danes. Dolgoletni voditelj romanj po Fran\u010di\u0161kovih krajih br. Roch Niemier v tej knjigi deli z nami to svoje izkustvo, ko na kratko opi\u0161e posamezen kraj, potem pa doda osebno refleksijo, na koncu pa tudi spodbudi k lastnemu razmi\u0161ljanju in odlo\u010danju. \u010ce pa kdo ne more v Assisi, si lahko ob tej knjigi zamisli, da stoji na tistem kraju in vstopi v Fran\u010di\u0161kovo skrivnost.<\/p>\n<p>Za posku\u0161njo se lahko sprehodite z avtorjem po Carcerih.<\/p>\n<p>Format: 20 x 12,5 cm, bro\u0161irano<\/p>\n<p>Obseg: 229 str.<\/p>\n<p>ISBN 978-961-6326-88-9<\/p>\n","protected":false},"excerpt":{"rendered":"<p>Roch Niemier OFM prevedla s. Vesna Jelen, \u0160S Ljubljana, 2010 Assisi nam je vedno blizu, po srcu in tudi po kilometrih. Ko pa pridemo tja, ne vemo vselej, kaj se je kje dogajalo in kaj nam lahko ti kraji povedo danes. Dolgoletni voditelj romanj po Fran\u010di\u0161kovih krajih br. Roch Niemier v tej knjigi deli z [&hellip;]<\/p>\n","protected":false},"featured_media":150,"comment_status":"open","ping_status":"closed","template":"","meta":[],"product_brand":[],"product_cat":[22],"product_tag":[48],"class_list":{"0":"post-149","1":"product","2":"type-product","3":"status-publish","4":"has-post-thumbnail","6":"product_cat-francisek-med-nami","7":"product_tag-roch-niemier-ofm","9":"first","10":"instock","11":"taxable","12":"shipping-taxable","13":"purchasable","14":"product-type-simple"},"_links":{"self":[{"href":"https:\/\/www.franciskani.si\/zbf\/wp-json\/wp\/v2\/product\/149","targetHints":{"allow":["GET"]}}],"collection":[{"href":"https:\/\/www.franciskani.si\/zbf\/wp-json\/wp\/v2\/product"}],"about":[{"href":"https:\/\/www.franciskani.si\/zbf\/wp-json\/wp\/v2\/types\/product"}],"replies":[{"embeddable":true,"href":"https:\/\/www.franciskani.si\/zbf\/wp-json\/wp\/v2\/comments?post=149"}],"wp:featuredmedia":[{"embeddable":true,"href":"https:\/\/www.franciskani.si\/zbf\/wp-json\/wp\/v2\/media\/150"}],"wp:attachment":[{"href":"https:\/\/www.franciskani.si\/zbf\/wp-json\/wp\/v2\/media?parent=149"}],"wp:term":[{"taxonomy":"product_brand","embeddable":true,"href":"https:\/\/www.franciskani.si\/zbf\/wp-json\/wp\/v2\/product_brand?post=149"},{"taxonomy":"product_cat","embeddable":true,"href":"https:\/\/www.franciskani.si\/zbf\/wp-json\/wp\/v2\/product_cat?post=149"},{"taxonomy":"product_tag","embeddable":true,"href":"https:\/\/www.franciskani.si\/zbf\/wp-json\/wp\/v2\/product_tag?post=149"}],"curies":[{"name":"wp","href":"https:\/\/api.w.org\/{rel}","templated":true}]}}