{"id":151,"date":"2017-08-19T21:54:29","date_gmt":"2017-08-19T19:54:29","guid":{"rendered":"http:\/\/www.franciskani.si\/zbf\/?post_type=product&#038;p=151"},"modified":"2017-08-20T16:46:05","modified_gmt":"2017-08-20T14:46:05","slug":"franciskova-pot","status":"publish","type":"product","link":"https:\/\/www.franciskani.si\/zbf\/izdelek\/franciskova-pot\/","title":{"rendered":"Fran\u010di\u0161kova pot"},"content":{"rendered":"<p><strong>Cesare Vaiani OFM<\/strong><\/p>\n<p>Ljubljana, 2011<\/p>\n<p>Italijanski fran\u010di\u0161koslovec br. Cesare Vaiani je v tej poljudni \u0161tudiji predstavil nekaj potez Fran\u010di\u0161kove duhovnosti. Pri tem se opira zlasti na Fran\u010di\u0161kove spise, ki jih obilno citira in razlaga. Tri glavne teme, okoli katerih se su\u010de njegova razprava, so: imeti Gospodovega Duha, brez lastnine (sine proprio) ter vrniti in vra\u010dati. Knjiga nam bo gotovo \u0161e bolj pribli\u017eala Fran\u010di\u0161ka in nas spodbudila, da iz njegove duhovnosti \u010drpamo prvine za svojo. Knjigo je prevedel br. Miran \u0160peli\u010d OFM.<\/p>\n<p>Format: 12,5 x 20 cm, bro\u0161irano<\/p>\n<p>Obseg: 119 str.<\/p>\n<p>ISBN 978-961-6873-00-0<\/p>\n","protected":false},"excerpt":{"rendered":"<p>Cesare Vaiani OFM Ljubljana, 2011 Italijanski fran\u010di\u0161koslovec br. Cesare Vaiani je v tej poljudni \u0161tudiji predstavil nekaj potez Fran\u010di\u0161kove duhovnosti. Pri tem se opira zlasti na Fran\u010di\u0161kove spise, ki jih obilno citira in razlaga. Tri glavne teme, okoli katerih se su\u010de njegova razprava, so: imeti Gospodovega Duha, brez lastnine (sine proprio) ter vrniti in vra\u010dati. [&hellip;]<\/p>\n","protected":false},"featured_media":152,"comment_status":"open","ping_status":"closed","template":"","meta":[],"product_brand":[],"product_cat":[22],"product_tag":[49,100],"class_list":{"0":"post-151","1":"product","2":"type-product","3":"status-publish","4":"has-post-thumbnail","6":"product_cat-francisek-med-nami","7":"product_tag-cesare-vaiani-ofm","8":"product_tag-miran-spelic-ofm","10":"first","11":"instock","12":"taxable","13":"shipping-taxable","14":"purchasable","15":"product-type-simple"},"_links":{"self":[{"href":"https:\/\/www.franciskani.si\/zbf\/wp-json\/wp\/v2\/product\/151","targetHints":{"allow":["GET"]}}],"collection":[{"href":"https:\/\/www.franciskani.si\/zbf\/wp-json\/wp\/v2\/product"}],"about":[{"href":"https:\/\/www.franciskani.si\/zbf\/wp-json\/wp\/v2\/types\/product"}],"replies":[{"embeddable":true,"href":"https:\/\/www.franciskani.si\/zbf\/wp-json\/wp\/v2\/comments?post=151"}],"wp:featuredmedia":[{"embeddable":true,"href":"https:\/\/www.franciskani.si\/zbf\/wp-json\/wp\/v2\/media\/152"}],"wp:attachment":[{"href":"https:\/\/www.franciskani.si\/zbf\/wp-json\/wp\/v2\/media?parent=151"}],"wp:term":[{"taxonomy":"product_brand","embeddable":true,"href":"https:\/\/www.franciskani.si\/zbf\/wp-json\/wp\/v2\/product_brand?post=151"},{"taxonomy":"product_cat","embeddable":true,"href":"https:\/\/www.franciskani.si\/zbf\/wp-json\/wp\/v2\/product_cat?post=151"},{"taxonomy":"product_tag","embeddable":true,"href":"https:\/\/www.franciskani.si\/zbf\/wp-json\/wp\/v2\/product_tag?post=151"}],"curies":[{"name":"wp","href":"https:\/\/api.w.org\/{rel}","templated":true}]}}