{"id":153,"date":"2017-08-19T21:57:24","date_gmt":"2017-08-19T19:57:24","guid":{"rendered":"http:\/\/www.franciskani.si\/zbf\/?post_type=product&#038;p=153"},"modified":"2017-08-19T21:58:09","modified_gmt":"2017-08-19T19:58:09","slug":"pot-svetega-franciska","status":"publish","type":"product","link":"https:\/\/www.franciskani.si\/zbf\/izdelek\/pot-svetega-franciska\/","title":{"rendered":"Pot svetega Fran\u010di\u0161ka"},"content":{"rendered":"<p><strong>Murray Bodo OFM<\/strong><\/p>\n<p>&#8220;Ko sem oblekel habit svetega Fran\u010di\u0161ka, sem bil star osemnajst let. Od takrat se je veliko spremenilo, v meni in v svetu okrog mene. Fran\u010di\u0161ek, ki ga poznam danes, ni tisti Fran\u010di\u0161ek, ki sem ga poznal pri osemnajstih, a njegove vrednote in pripovedi, ki govorijo o tem, kako je \u017eivel in kaj je govoril, \u0161e vedno spodbujajo na\u010din \u017eivljenja, ki sem si ga izbral.<br \/>\nFran\u010di\u0161ek Asi\u0161ki mi je dal na\u010din \u017eivljenja, ki me \u0161e naprej izziva in vznemirja ter me sili, da vedno znova preverjam mo\u017enosti v sebi in okrog sebe. Vedno znova se vra\u010dam k Fran\u010di\u0161ku in njegovim razlagalcem, da bi na\u0161el pomo\u010d za razumevanje lastnega izkustva.&#8221;<\/p>\n<p>Format: 20 x 12,5 cm<\/p>\n<p>Obseg: 192 strani; bro\u0161ura<\/p>\n","protected":false},"excerpt":{"rendered":"<p>Murray Bodo OFM &#8220;Ko sem oblekel habit svetega Fran\u010di\u0161ka, sem bil star osemnajst let. Od takrat se je veliko spremenilo, v meni in v svetu okrog mene. Fran\u010di\u0161ek, ki ga poznam danes, ni tisti Fran\u010di\u0161ek, ki sem ga poznal pri osemnajstih, a njegove vrednote in pripovedi, ki govorijo o tem, kako je \u017eivel in kaj [&hellip;]<\/p>\n","protected":false},"featured_media":154,"comment_status":"open","ping_status":"closed","template":"","meta":[],"product_brand":[],"product_cat":[22],"product_tag":[45],"class_list":{"0":"post-153","1":"product","2":"type-product","3":"status-publish","4":"has-post-thumbnail","6":"product_cat-francisek-med-nami","7":"product_tag-murray-bodo-ofm","9":"first","10":"instock","11":"taxable","12":"shipping-taxable","13":"purchasable","14":"product-type-simple"},"_links":{"self":[{"href":"https:\/\/www.franciskani.si\/zbf\/wp-json\/wp\/v2\/product\/153","targetHints":{"allow":["GET"]}}],"collection":[{"href":"https:\/\/www.franciskani.si\/zbf\/wp-json\/wp\/v2\/product"}],"about":[{"href":"https:\/\/www.franciskani.si\/zbf\/wp-json\/wp\/v2\/types\/product"}],"replies":[{"embeddable":true,"href":"https:\/\/www.franciskani.si\/zbf\/wp-json\/wp\/v2\/comments?post=153"}],"wp:featuredmedia":[{"embeddable":true,"href":"https:\/\/www.franciskani.si\/zbf\/wp-json\/wp\/v2\/media\/154"}],"wp:attachment":[{"href":"https:\/\/www.franciskani.si\/zbf\/wp-json\/wp\/v2\/media?parent=153"}],"wp:term":[{"taxonomy":"product_brand","embeddable":true,"href":"https:\/\/www.franciskani.si\/zbf\/wp-json\/wp\/v2\/product_brand?post=153"},{"taxonomy":"product_cat","embeddable":true,"href":"https:\/\/www.franciskani.si\/zbf\/wp-json\/wp\/v2\/product_cat?post=153"},{"taxonomy":"product_tag","embeddable":true,"href":"https:\/\/www.franciskani.si\/zbf\/wp-json\/wp\/v2\/product_tag?post=153"}],"curies":[{"name":"wp","href":"https:\/\/api.w.org\/{rel}","templated":true}]}}