{"id":155,"date":"2017-08-19T22:02:41","date_gmt":"2017-08-19T20:02:41","guid":{"rendered":"http:\/\/www.franciskani.si\/zbf\/?post_type=product&#038;p=155"},"modified":"2017-08-19T22:02:41","modified_gmt":"2017-08-19T20:02:41","slug":"hvalite-in-slavite","status":"publish","type":"product","link":"https:\/\/www.franciskani.si\/zbf\/izdelek\/hvalite-in-slavite\/","title":{"rendered":"Hvalite in slavite"},"content":{"rendered":"<p><strong>Molitve svetega Fran\u010di\u0161ka<\/strong><\/p>\n<p>Strasbourg-Ljubljana, 2008<\/p>\n<p>Ob 800-letnici Fran\u010di\u0161kove karizme je iz\u0161la knji\u017eica njegovih molitev, pospremljena s kratkimi razlagami, od kod izhajajo in kak\u0161en je njihov pomen. Pripravili so jo na fran\u010di\u0161kanski generalni kuriji, opremili z lepimi ilustracijami, iz\u0161la pa je v ve\u010d deset jezikih pri francoski zalo\u017ebi Signe v sodelovanju z lokalnimi hi\u0161ami, v na\u0161em primeru seveda z Bratom Fran\u010di\u0161kom. Knji\u017eica je zelo priro\u010dnega formata in naj bi spremljala vsakega Fran\u010di\u0161kovega brata ali sestro, v samostanu ali v svetu, na njegovi poti duhovne rasti.<\/p>\n<p>ISBN 978-2-7468-2106-4<\/p>\n<p>Format: 10,5 x 17 cm, bro\u0161irano, 56 strani<\/p>\n","protected":false},"excerpt":{"rendered":"<p>Molitve svetega Fran\u010di\u0161ka Strasbourg-Ljubljana, 2008 Ob 800-letnici Fran\u010di\u0161kove karizme je iz\u0161la knji\u017eica njegovih molitev, pospremljena s kratkimi razlagami, od kod izhajajo in kak\u0161en je njihov pomen. Pripravili so jo na fran\u010di\u0161kanski generalni kuriji, opremili z lepimi ilustracijami, iz\u0161la pa je v ve\u010d deset jezikih pri francoski zalo\u017ebi Signe v sodelovanju z lokalnimi hi\u0161ami, v na\u0161em [&hellip;]<\/p>\n","protected":false},"featured_media":156,"comment_status":"open","ping_status":"closed","template":"","meta":[],"product_brand":[],"product_cat":[26],"product_tag":[51],"class_list":{"0":"post-155","1":"product","2":"type-product","3":"status-publish","4":"has-post-thumbnail","6":"product_cat-franciskove-drobtinice","7":"product_tag-ofm","9":"first","10":"instock","11":"taxable","12":"shipping-taxable","13":"purchasable","14":"product-type-simple"},"_links":{"self":[{"href":"https:\/\/www.franciskani.si\/zbf\/wp-json\/wp\/v2\/product\/155","targetHints":{"allow":["GET"]}}],"collection":[{"href":"https:\/\/www.franciskani.si\/zbf\/wp-json\/wp\/v2\/product"}],"about":[{"href":"https:\/\/www.franciskani.si\/zbf\/wp-json\/wp\/v2\/types\/product"}],"replies":[{"embeddable":true,"href":"https:\/\/www.franciskani.si\/zbf\/wp-json\/wp\/v2\/comments?post=155"}],"wp:featuredmedia":[{"embeddable":true,"href":"https:\/\/www.franciskani.si\/zbf\/wp-json\/wp\/v2\/media\/156"}],"wp:attachment":[{"href":"https:\/\/www.franciskani.si\/zbf\/wp-json\/wp\/v2\/media?parent=155"}],"wp:term":[{"taxonomy":"product_brand","embeddable":true,"href":"https:\/\/www.franciskani.si\/zbf\/wp-json\/wp\/v2\/product_brand?post=155"},{"taxonomy":"product_cat","embeddable":true,"href":"https:\/\/www.franciskani.si\/zbf\/wp-json\/wp\/v2\/product_cat?post=155"},{"taxonomy":"product_tag","embeddable":true,"href":"https:\/\/www.franciskani.si\/zbf\/wp-json\/wp\/v2\/product_tag?post=155"}],"curies":[{"name":"wp","href":"https:\/\/api.w.org\/{rel}","templated":true}]}}