{"id":157,"date":"2017-08-19T22:05:30","date_gmt":"2017-08-19T20:05:30","guid":{"rendered":"http:\/\/www.franciskani.si\/zbf\/?post_type=product&#038;p=157"},"modified":"2023-08-07T08:27:28","modified_gmt":"2023-08-07T06:27:28","slug":"angelski-rozni-venec","status":"publish","type":"product","link":"https:\/\/www.franciskani.si\/zbf\/izdelek\/angelski-rozni-venec\/","title":{"rendered":"Angelski ro\u017eni venec"},"content":{"rendered":"<p>To pobo\u017enost je nadangel Mihael leta 1751 razodel Bo\u017eji slu\u017eabnici, karmeli\u010danski redovnici s. Ant\u00f3nii d\u2019Ast\u00f3naco na Portugalskem. Knez angelov ji je rekel, da \u017eeli, naj ga \u010dastijo z devetimi vzkliki v \u010dast devetim angelskim zborom. Vsak vzklik mora vsebovati omembo angelskega zbora, o\u010dena\u0161 in tri zdravamarije. Ob koncu ro\u017enega venca je treba zmoliti \u0161e \u0161tiri o\u010dena\u0161e, posve\u010dene po vrsti sv. Mihaelu, sv. Gabrielu, sv. Rafaelu in angelom varuhom.<\/p>\n<p>Nadangel je obljubil, da bo vsakega, ki pred obhajilom zmoli ta ro\u017eni venec, k oltarju spremljal po en angel iz vsakega od devetih zborov. Tistemu, ki ga bo zmolil vsak dan, pa je obljubil svojo nenehno pomo\u010d in pomo\u010d vseh svetih angelov, tako v \u017eivljenju kot v vicah po smrti. \u010ceprav Cerkev teh razodetij uradno ni priznala, se je molitev tega ro\u017enega venca raz\u0161irila med \u010dastilci nadangela Mihaela in svetih angelov.<\/p>\n<p>Molek, ki ga uporabljamo za molitev tega ro\u017enega venca, sestavlja devet delov. Vsak od njih ima devetkrat po eno srebrno ali belo jagodo za o\u010dena\u0161 in tri modre jagode za zdravamarije. Na koncu devetih delov smo povabljeni, da zmolimo \u0161e \u0161tiri o\u010dena\u0161e v \u010dast svetim nadangelom Mihaelu, Gabrielu in Rafaelu ter angelu varuhu.<\/p>\n","protected":false},"excerpt":{"rendered":"<p>To pobo\u017enost je nadangel Mihael leta 1751 razodel Bo\u017eji slu\u017eabnici, karmeli\u010danski redovnici s. Ant\u00f3nii d\u2019Ast\u00f3naco na Portugalskem. Knez angelov ji je rekel, da \u017eeli, naj ga \u010dastijo z devetimi vzkliki v \u010dast devetim angelskim zborom. Vsak vzklik mora vsebovati omembo angelskega zbora, o\u010dena\u0161 in tri zdravamarije. Ob koncu ro\u017enega venca je treba zmoliti \u0161e \u0161tiri [&hellip;]<\/p>\n","protected":false},"featured_media":158,"comment_status":"open","ping_status":"closed","template":"","meta":[],"product_brand":[],"product_cat":[26],"product_tag":[],"class_list":{"0":"post-157","1":"product","2":"type-product","3":"status-publish","4":"has-post-thumbnail","6":"product_cat-franciskove-drobtinice","8":"first","9":"instock","10":"taxable","11":"shipping-taxable","12":"purchasable","13":"product-type-simple"},"_links":{"self":[{"href":"https:\/\/www.franciskani.si\/zbf\/wp-json\/wp\/v2\/product\/157","targetHints":{"allow":["GET"]}}],"collection":[{"href":"https:\/\/www.franciskani.si\/zbf\/wp-json\/wp\/v2\/product"}],"about":[{"href":"https:\/\/www.franciskani.si\/zbf\/wp-json\/wp\/v2\/types\/product"}],"replies":[{"embeddable":true,"href":"https:\/\/www.franciskani.si\/zbf\/wp-json\/wp\/v2\/comments?post=157"}],"wp:featuredmedia":[{"embeddable":true,"href":"https:\/\/www.franciskani.si\/zbf\/wp-json\/wp\/v2\/media\/158"}],"wp:attachment":[{"href":"https:\/\/www.franciskani.si\/zbf\/wp-json\/wp\/v2\/media?parent=157"}],"wp:term":[{"taxonomy":"product_brand","embeddable":true,"href":"https:\/\/www.franciskani.si\/zbf\/wp-json\/wp\/v2\/product_brand?post=157"},{"taxonomy":"product_cat","embeddable":true,"href":"https:\/\/www.franciskani.si\/zbf\/wp-json\/wp\/v2\/product_cat?post=157"},{"taxonomy":"product_tag","embeddable":true,"href":"https:\/\/www.franciskani.si\/zbf\/wp-json\/wp\/v2\/product_tag?post=157"}],"curies":[{"name":"wp","href":"https:\/\/api.w.org\/{rel}","templated":true}]}}