{"id":159,"date":"2017-08-19T22:08:08","date_gmt":"2017-08-19T20:08:08","guid":{"rendered":"http:\/\/www.franciskani.si\/zbf\/?post_type=product&#038;p=159"},"modified":"2021-10-11T08:53:03","modified_gmt":"2021-10-11T06:53:03","slug":"duhovni-zarki","status":"publish","type":"product","link":"https:\/\/www.franciskani.si\/zbf\/izdelek\/duhovni-zarki\/","title":{"rendered":"Duhovni \u017earki"},"content":{"rendered":"<p><strong>Zdravko Jakop OFM<\/strong><\/p>\n<p>Duhovni \u017earki so nastajali ob premi\u0161ljevanju Bo\u017eje besede, ki je &#8216;duh in \u017eivljenje&#8217;, ob branju o \u017eivljenju svetnikov in razli\u010dnih duhovnih spisov. \u017darki bodo \u0161e mo\u010dneje za\u017eareli, \u010de jih bo\u0161, dragi bralec, primerjal s svojimi izku\u0161njami ali jim dodal svoj komentar. Sre\u010dati se \u017eelijo s tvojimi mislimi, saj so tudi nastali zato, da bi morda pomagali razsvetliti razum, ogreti srce in okrepiti voljo za nadaljnje iskanje.<\/p>\n<p>format 10 x 15 cm<\/p>\n<p>obseg 88 strani<\/p>\n","protected":false},"excerpt":{"rendered":"<p>Zdravko Jakop OFM Duhovni \u017earki so nastajali ob premi\u0161ljevanju Bo\u017eje besede, ki je &#8216;duh in \u017eivljenje&#8217;, ob branju o \u017eivljenju svetnikov in razli\u010dnih duhovnih spisov. \u017darki bodo \u0161e mo\u010dneje za\u017eareli, \u010de jih bo\u0161, dragi bralec, primerjal s svojimi izku\u0161njami ali jim dodal svoj komentar. Sre\u010dati se \u017eelijo s tvojimi mislimi, saj so tudi nastali zato, [&hellip;]<\/p>\n","protected":false},"featured_media":160,"comment_status":"open","ping_status":"closed","template":"","meta":[],"product_brand":[],"product_cat":[26],"product_tag":[53],"class_list":{"0":"post-159","1":"product","2":"type-product","3":"status-publish","4":"has-post-thumbnail","6":"product_cat-franciskove-drobtinice","7":"product_tag-zdravko-jakop-ofm","9":"first","10":"outofstock","11":"taxable","12":"shipping-taxable","13":"purchasable","14":"product-type-simple"},"_links":{"self":[{"href":"https:\/\/www.franciskani.si\/zbf\/wp-json\/wp\/v2\/product\/159","targetHints":{"allow":["GET"]}}],"collection":[{"href":"https:\/\/www.franciskani.si\/zbf\/wp-json\/wp\/v2\/product"}],"about":[{"href":"https:\/\/www.franciskani.si\/zbf\/wp-json\/wp\/v2\/types\/product"}],"replies":[{"embeddable":true,"href":"https:\/\/www.franciskani.si\/zbf\/wp-json\/wp\/v2\/comments?post=159"}],"wp:featuredmedia":[{"embeddable":true,"href":"https:\/\/www.franciskani.si\/zbf\/wp-json\/wp\/v2\/media\/160"}],"wp:attachment":[{"href":"https:\/\/www.franciskani.si\/zbf\/wp-json\/wp\/v2\/media?parent=159"}],"wp:term":[{"taxonomy":"product_brand","embeddable":true,"href":"https:\/\/www.franciskani.si\/zbf\/wp-json\/wp\/v2\/product_brand?post=159"},{"taxonomy":"product_cat","embeddable":true,"href":"https:\/\/www.franciskani.si\/zbf\/wp-json\/wp\/v2\/product_cat?post=159"},{"taxonomy":"product_tag","embeddable":true,"href":"https:\/\/www.franciskani.si\/zbf\/wp-json\/wp\/v2\/product_tag?post=159"}],"curies":[{"name":"wp","href":"https:\/\/api.w.org\/{rel}","templated":true}]}}