{"id":161,"date":"2017-08-19T22:10:21","date_gmt":"2017-08-19T20:10:21","guid":{"rendered":"http:\/\/www.franciskani.si\/zbf\/?post_type=product&#038;p=161"},"modified":"2017-08-20T15:04:00","modified_gmt":"2017-08-20T13:04:00","slug":"manjsi-marijin-majniski-oficij","status":"publish","type":"product","link":"https:\/\/www.franciskani.si\/zbf\/izdelek\/manjsi-marijin-majniski-oficij\/","title":{"rendered":"Manj\u0161i Marijin majni\u0161ki oficij"},"content":{"rendered":"<p>Po vzoru latinskega brevirja so \u017ee v srednjem veku nastali mali oficiji tako v latinskem kot v drugih jezikih. Po njih so segali tako redovniki in kleriki kot tudi pobo\u017eni laiki, saj so bili precej enostavnej\u0161i od brevirja. Ve\u010dinoma so bili posve\u010deni na \u010dast Mariji. Ker je po 2. vatikanskem koncilu brevir postal dostopnej\u0161i zaradi prevodov v doma\u010de jezike, so ti molitveniki skoraj zamrli.<br \/>\nKar vam nudimo tukaj, ni tisti pravi mali oficij, zato smo ga poimenovali manj\u0161i Marijin oficij. Narejen je kot dopolnilo majni\u0161ke pobo\u017enosti, \u010deprav se ga da moliti tudi v drugih mesecih. Pri molitvi se prepleta ljudska pesem s psalmom, Fran\u010di\u0161kovo besedilo s starodavnim vzhodnim Akatistom, litanije s Svetim pismom, vse pa te\u010de v dveh krogih, tedenskem in mese\u010dnem, namesto podobic pa je v knjigi cela vrsta marijanskih slik.<\/p>\n<p><a href=\"https:\/\/www.franciskani.si\/zbf\/vzorci\/m-m-oficij.pdf\" target=\"_blank\">VZOREC >>><\/a><\/p>\n<p>Format: 10,5 x 15,5 cm, bro\u0161irano; 144 str.<\/p>\n<p>ISBN 978-961-6873-08-6<\/p>\n","protected":false},"excerpt":{"rendered":"<p>Po vzoru latinskega brevirja so \u017ee v srednjem veku nastali mali oficiji tako v latinskem kot v drugih jezikih. Po njih so segali tako redovniki in kleriki kot tudi pobo\u017eni laiki, saj so bili precej enostavnej\u0161i od brevirja. Ve\u010dinoma so bili posve\u010deni na \u010dast Mariji. Ker je po 2. vatikanskem koncilu brevir postal dostopnej\u0161i zaradi [&hellip;]<\/p>\n","protected":false},"featured_media":162,"comment_status":"open","ping_status":"closed","template":"","meta":[],"product_brand":[],"product_cat":[26],"product_tag":[],"class_list":{"0":"post-161","1":"product","2":"type-product","3":"status-publish","4":"has-post-thumbnail","6":"product_cat-franciskove-drobtinice","8":"first","9":"instock","10":"taxable","11":"shipping-taxable","12":"purchasable","13":"product-type-simple"},"_links":{"self":[{"href":"https:\/\/www.franciskani.si\/zbf\/wp-json\/wp\/v2\/product\/161","targetHints":{"allow":["GET"]}}],"collection":[{"href":"https:\/\/www.franciskani.si\/zbf\/wp-json\/wp\/v2\/product"}],"about":[{"href":"https:\/\/www.franciskani.si\/zbf\/wp-json\/wp\/v2\/types\/product"}],"replies":[{"embeddable":true,"href":"https:\/\/www.franciskani.si\/zbf\/wp-json\/wp\/v2\/comments?post=161"}],"wp:featuredmedia":[{"embeddable":true,"href":"https:\/\/www.franciskani.si\/zbf\/wp-json\/wp\/v2\/media\/162"}],"wp:attachment":[{"href":"https:\/\/www.franciskani.si\/zbf\/wp-json\/wp\/v2\/media?parent=161"}],"wp:term":[{"taxonomy":"product_brand","embeddable":true,"href":"https:\/\/www.franciskani.si\/zbf\/wp-json\/wp\/v2\/product_brand?post=161"},{"taxonomy":"product_cat","embeddable":true,"href":"https:\/\/www.franciskani.si\/zbf\/wp-json\/wp\/v2\/product_cat?post=161"},{"taxonomy":"product_tag","embeddable":true,"href":"https:\/\/www.franciskani.si\/zbf\/wp-json\/wp\/v2\/product_tag?post=161"}],"curies":[{"name":"wp","href":"https:\/\/api.w.org\/{rel}","templated":true}]}}