{"id":166,"date":"2017-08-19T22:18:41","date_gmt":"2017-08-19T20:18:41","guid":{"rendered":"http:\/\/www.franciskani.si\/zbf\/?post_type=product&#038;p=166"},"modified":"2017-12-09T17:55:16","modified_gmt":"2017-12-09T16:55:16","slug":"serafinski-rozni-venec","status":"publish","type":"product","link":"https:\/\/www.franciskani.si\/zbf\/izdelek\/serafinski-rozni-venec\/","title":{"rendered":"Serafinski ro\u017eni venec"},"content":{"rendered":"<p><em>Fran\u010di\u0161kovi bratje in sestre<\/em><\/p>\n<p>Serafinski ro\u017eni venec sestavlja 72 zdravamarij in sedem o\u010dena\u0161ev. Prvotno se je molilo po sedemkrat deset zdravamarij, pozneje pa so dodali \u0161e dve, da so dosegli \u0161tevilo Marijinih let. Izro\u010dilo namre\u010d pravi, da je bila Marija stara 72 let, ko je umrla in bila vzeta v nebo.<br \/>\n\u0160e ve\u010d pa zveste o tej molitvi v knji\u017eici, s katero za\u010denjamo serijo majhnih ilustriranih molitvenikov Fran\u010di\u0161kove drobtinice. Prvo \u0161tevilko spremlja \u0161e zgo\u0161\u010denka.<\/p>\n<p>Serafinski ro\u017eni venec + zgo\u0161\u010denka Serafinski ro\u017eni venec + molek s sedmimi desetkami<\/p>\n","protected":false},"excerpt":{"rendered":"<p>Fran\u010di\u0161kovi bratje in sestre Serafinski ro\u017eni venec sestavlja 72 zdravamarij in sedem o\u010dena\u0161ev. Prvotno se je molilo po sedemkrat deset zdravamarij, pozneje pa so dodali \u0161e dve, da so dosegli \u0161tevilo Marijinih let. Izro\u010dilo namre\u010d pravi, da je bila Marija stara 72 let, ko je umrla in bila vzeta v nebo. \u0160e ve\u010d pa zveste [&hellip;]<\/p>\n","protected":false},"featured_media":167,"comment_status":"open","ping_status":"closed","template":"","meta":[],"product_brand":[],"product_cat":[26,117,29],"product_tag":[51],"class_list":{"0":"post-166","1":"product","2":"type-product","3":"status-publish","4":"has-post-thumbnail","6":"product_cat-franciskove-drobtinice","7":"product_cat-razprodano","8":"product_cat-zgoscenke","9":"product_tag-ofm","11":"first","12":"outofstock","13":"taxable","14":"shipping-taxable","15":"purchasable","16":"product-type-simple"},"_links":{"self":[{"href":"https:\/\/www.franciskani.si\/zbf\/wp-json\/wp\/v2\/product\/166","targetHints":{"allow":["GET"]}}],"collection":[{"href":"https:\/\/www.franciskani.si\/zbf\/wp-json\/wp\/v2\/product"}],"about":[{"href":"https:\/\/www.franciskani.si\/zbf\/wp-json\/wp\/v2\/types\/product"}],"replies":[{"embeddable":true,"href":"https:\/\/www.franciskani.si\/zbf\/wp-json\/wp\/v2\/comments?post=166"}],"wp:featuredmedia":[{"embeddable":true,"href":"https:\/\/www.franciskani.si\/zbf\/wp-json\/wp\/v2\/media\/167"}],"wp:attachment":[{"href":"https:\/\/www.franciskani.si\/zbf\/wp-json\/wp\/v2\/media?parent=166"}],"wp:term":[{"taxonomy":"product_brand","embeddable":true,"href":"https:\/\/www.franciskani.si\/zbf\/wp-json\/wp\/v2\/product_brand?post=166"},{"taxonomy":"product_cat","embeddable":true,"href":"https:\/\/www.franciskani.si\/zbf\/wp-json\/wp\/v2\/product_cat?post=166"},{"taxonomy":"product_tag","embeddable":true,"href":"https:\/\/www.franciskani.si\/zbf\/wp-json\/wp\/v2\/product_tag?post=166"}],"curies":[{"name":"wp","href":"https:\/\/api.w.org\/{rel}","templated":true}]}}