{"id":172,"date":"2017-08-19T22:41:19","date_gmt":"2017-08-19T20:41:19","guid":{"rendered":"http:\/\/www.franciskani.si\/zbf\/?post_type=product&#038;p=172"},"modified":"2017-08-19T22:41:19","modified_gmt":"2017-08-19T20:41:19","slug":"cudez-ki-traja-800-let","status":"publish","type":"product","link":"https:\/\/www.franciskani.si\/zbf\/izdelek\/cudez-ki-traja-800-let\/","title":{"rendered":"\u010cude\u017e, ki traja 800 let"},"content":{"rendered":"<p><strong>Robert Bah\u010di\u010d OFM<\/strong><\/p>\n<p>Zgodovina Fran\u010di\u0161kova karizme v svetu in pri nas<\/p>\n<p>Ljubljana, 2007<\/p>\n<p>Tretja knjiga iz sklopa zgodovinskih del je izpod tipkovnice slovenskega fran\u010di\u0161kana, ki trenutno opravlja slu\u017ebo gvardijana (hi\u0161nega predstojnika) na generalni kuriji fran\u010di\u0161kanskega reda. Med svojim podiplomskim \u0161tudijem na pape\u0161ki univerzi Antonianum v Rimu se je sre\u010deval z zgodovinsko problematiko reda na svetovni ravni, potem pa se je lotil \u0161e raziskovanja in zbiranja podatkov za slovenske kraje. V knjigi, ki prav tako kot ostale zaznamuje 800-letnico potrditve Fran\u010di\u0161kove odlo\u010ditve, je tako poleg zgodovine reda opisana tudi zgodovina Fran\u010di\u0161kovih redovnih ustanov na slovenskih tleh.<\/p>\n<p>Format: 360 str., 14 x 21,5 cm, bro\u0161irano<\/p>\n<p>ISBN 978-961-6326-61-2<\/p>\n","protected":false},"excerpt":{"rendered":"<p>Robert Bah\u010di\u010d OFM Zgodovina Fran\u010di\u0161kova karizme v svetu in pri nas Ljubljana, 2007 Tretja knjiga iz sklopa zgodovinskih del je izpod tipkovnice slovenskega fran\u010di\u0161kana, ki trenutno opravlja slu\u017ebo gvardijana (hi\u0161nega predstojnika) na generalni kuriji fran\u010di\u0161kanskega reda. Med svojim podiplomskim \u0161tudijem na pape\u0161ki univerzi Antonianum v Rimu se je sre\u010deval z zgodovinsko problematiko reda na svetovni [&hellip;]<\/p>\n","protected":false},"featured_media":173,"comment_status":"open","ping_status":"closed","template":"","meta":[],"product_brand":[],"product_cat":[27],"product_tag":[54],"class_list":{"0":"post-172","1":"product","2":"type-product","3":"status-publish","4":"has-post-thumbnail","6":"product_cat-nasa-zgodovina","7":"product_tag-robert-bahcic-ofm","9":"first","10":"instock","11":"taxable","12":"shipping-taxable","13":"purchasable","14":"product-type-simple"},"_links":{"self":[{"href":"https:\/\/www.franciskani.si\/zbf\/wp-json\/wp\/v2\/product\/172","targetHints":{"allow":["GET"]}}],"collection":[{"href":"https:\/\/www.franciskani.si\/zbf\/wp-json\/wp\/v2\/product"}],"about":[{"href":"https:\/\/www.franciskani.si\/zbf\/wp-json\/wp\/v2\/types\/product"}],"replies":[{"embeddable":true,"href":"https:\/\/www.franciskani.si\/zbf\/wp-json\/wp\/v2\/comments?post=172"}],"wp:featuredmedia":[{"embeddable":true,"href":"https:\/\/www.franciskani.si\/zbf\/wp-json\/wp\/v2\/media\/173"}],"wp:attachment":[{"href":"https:\/\/www.franciskani.si\/zbf\/wp-json\/wp\/v2\/media?parent=172"}],"wp:term":[{"taxonomy":"product_brand","embeddable":true,"href":"https:\/\/www.franciskani.si\/zbf\/wp-json\/wp\/v2\/product_brand?post=172"},{"taxonomy":"product_cat","embeddable":true,"href":"https:\/\/www.franciskani.si\/zbf\/wp-json\/wp\/v2\/product_cat?post=172"},{"taxonomy":"product_tag","embeddable":true,"href":"https:\/\/www.franciskani.si\/zbf\/wp-json\/wp\/v2\/product_tag?post=172"}],"curies":[{"name":"wp","href":"https:\/\/api.w.org\/{rel}","templated":true}]}}