{"id":174,"date":"2017-08-19T22:43:03","date_gmt":"2017-08-19T20:43:03","guid":{"rendered":"http:\/\/www.franciskani.si\/zbf\/?post_type=product&#038;p=174"},"modified":"2017-08-19T22:43:04","modified_gmt":"2017-08-19T20:43:04","slug":"iuridica-franciscana","status":"publish","type":"product","link":"https:\/\/www.franciskani.si\/zbf\/izdelek\/iuridica-franciscana\/","title":{"rendered":"Iuridica franciscana"},"content":{"rendered":"<p><strong>Priamo Etzi OFM<\/strong><\/p>\n<p>Pravne poti skozi zgodovino treh Fran\u010di\u0161kovih redov<\/p>\n<p>Ljubljana, 2007<\/p>\n<p>Naslov naj nas ne zavede: ne gre za zbirko pravnih aktov, pa\u010d pa za \u010disto svojski pogled na zgodovino Fran\u010di\u0161kovih redov, kakor ga je sposoben podati pravnik, strokovnjak za zgodovino prava. Resda je fran\u010di\u0161kan, torej pripadnik enega teh redov, vendar odli\u010dno pozna celotno zakonodajo vseh redov v zgodovinskem poteku. Na osnovi razli\u010dnih zakonodajnih besedil, ki mu slu\u017eijo kot zgodovinski viri, razbira, kak\u0161no je moralo biti dogajanje za paragrafi. V knjigi nam ponudi kar nekaj \u201cmonografskih poti\u201d, po katerih se sprehodimo in ogledamo dogajanja. Prevedel br. Stane Zore.<\/p>\n<p>Format: 360 str., 14 x 21,5 cm, bro\u0161irano<\/p>\n<p>ISBN 978-961-6326-56-8<\/p>\n","protected":false},"excerpt":{"rendered":"<p>Priamo Etzi OFM Pravne poti skozi zgodovino treh Fran\u010di\u0161kovih redov Ljubljana, 2007 Naslov naj nas ne zavede: ne gre za zbirko pravnih aktov, pa\u010d pa za \u010disto svojski pogled na zgodovino Fran\u010di\u0161kovih redov, kakor ga je sposoben podati pravnik, strokovnjak za zgodovino prava. Resda je fran\u010di\u0161kan, torej pripadnik enega teh redov, vendar odli\u010dno pozna celotno [&hellip;]<\/p>\n","protected":false},"featured_media":175,"comment_status":"open","ping_status":"closed","template":"","meta":[],"product_brand":[],"product_cat":[27],"product_tag":[55],"class_list":{"0":"post-174","1":"product","2":"type-product","3":"status-publish","4":"has-post-thumbnail","6":"product_cat-nasa-zgodovina","7":"product_tag-priamo-etzi-ofm","9":"first","10":"instock","11":"taxable","12":"shipping-taxable","13":"purchasable","14":"product-type-simple"},"_links":{"self":[{"href":"https:\/\/www.franciskani.si\/zbf\/wp-json\/wp\/v2\/product\/174","targetHints":{"allow":["GET"]}}],"collection":[{"href":"https:\/\/www.franciskani.si\/zbf\/wp-json\/wp\/v2\/product"}],"about":[{"href":"https:\/\/www.franciskani.si\/zbf\/wp-json\/wp\/v2\/types\/product"}],"replies":[{"embeddable":true,"href":"https:\/\/www.franciskani.si\/zbf\/wp-json\/wp\/v2\/comments?post=174"}],"wp:featuredmedia":[{"embeddable":true,"href":"https:\/\/www.franciskani.si\/zbf\/wp-json\/wp\/v2\/media\/175"}],"wp:attachment":[{"href":"https:\/\/www.franciskani.si\/zbf\/wp-json\/wp\/v2\/media?parent=174"}],"wp:term":[{"taxonomy":"product_brand","embeddable":true,"href":"https:\/\/www.franciskani.si\/zbf\/wp-json\/wp\/v2\/product_brand?post=174"},{"taxonomy":"product_cat","embeddable":true,"href":"https:\/\/www.franciskani.si\/zbf\/wp-json\/wp\/v2\/product_cat?post=174"},{"taxonomy":"product_tag","embeddable":true,"href":"https:\/\/www.franciskani.si\/zbf\/wp-json\/wp\/v2\/product_tag?post=174"}],"curies":[{"name":"wp","href":"https:\/\/api.w.org\/{rel}","templated":true}]}}