{"id":176,"date":"2017-08-19T22:45:00","date_gmt":"2017-08-19T20:45:00","guid":{"rendered":"http:\/\/www.franciskani.si\/zbf\/?post_type=product&#038;p=176"},"modified":"2017-08-19T22:45:01","modified_gmt":"2017-08-19T20:45:01","slug":"v-imenu-svetega-franciska","status":"publish","type":"product","link":"https:\/\/www.franciskani.si\/zbf\/izdelek\/v-imenu-svetega-franciska\/","title":{"rendered":"V imenu svetega Fran\u010di\u0161ka"},"content":{"rendered":"<p><strong>Grado Giovanni Merlo<\/strong><\/p>\n<p>Zgodovina manj\u0161ih bratov in fran\u010di\u0161kanstva do za\u010detka 16. stoletja<\/p>\n<p>Ljubljana, 2007<\/p>\n<p>Fran\u010di\u0161kovi redovi imajo silno zanimivo zgodovino razvejevanja in zdru\u017eevanja. Toliko silnic jih je razdvajalo in obenem zdru\u017eevala temeljna opredelitev za hojo po stopinjah svojega ustanovitelja. Avtor, ki ne pripada nobeni od vej Fran\u010di\u0161kovih redov, ima pa dobre stike z vsemi, lahko z ve\u010dstoletne razdalje in zaradi nevpletenosti dosti bolj objektivno prika\u017ee pestrost dogajanja prvih treh stoletij. Kot odli\u010den zgodovinar iz virov in s svojim uvidom razbira prvine zvestobe in nezvestobe prvotnemu idealu. Presoja, a ne obsoja; obenem pa daje na temelju starega reka Historia magistra vitae (Zgodovina u\u010diteljica \u017eivljenja) tihe napotke za ravnanje danes. Prevedel br. Stane Zore.<\/p>\n<p>Format: 520 str., 14 x 21,5 cm, bro\u0161irano<\/p>\n<p>ISBN 978-961-6326-57-5<\/p>\n","protected":false},"excerpt":{"rendered":"<p>Grado Giovanni Merlo Zgodovina manj\u0161ih bratov in fran\u010di\u0161kanstva do za\u010detka 16. stoletja Ljubljana, 2007 Fran\u010di\u0161kovi redovi imajo silno zanimivo zgodovino razvejevanja in zdru\u017eevanja. Toliko silnic jih je razdvajalo in obenem zdru\u017eevala temeljna opredelitev za hojo po stopinjah svojega ustanovitelja. Avtor, ki ne pripada nobeni od vej Fran\u010di\u0161kovih redov, ima pa dobre stike z vsemi, lahko [&hellip;]<\/p>\n","protected":false},"featured_media":177,"comment_status":"open","ping_status":"closed","template":"","meta":[],"product_brand":[],"product_cat":[27],"product_tag":[56],"class_list":{"0":"post-176","1":"product","2":"type-product","3":"status-publish","4":"has-post-thumbnail","6":"product_cat-nasa-zgodovina","7":"product_tag-grado-giovanni-merlo","9":"first","10":"instock","11":"taxable","12":"shipping-taxable","13":"purchasable","14":"product-type-simple"},"_links":{"self":[{"href":"https:\/\/www.franciskani.si\/zbf\/wp-json\/wp\/v2\/product\/176","targetHints":{"allow":["GET"]}}],"collection":[{"href":"https:\/\/www.franciskani.si\/zbf\/wp-json\/wp\/v2\/product"}],"about":[{"href":"https:\/\/www.franciskani.si\/zbf\/wp-json\/wp\/v2\/types\/product"}],"replies":[{"embeddable":true,"href":"https:\/\/www.franciskani.si\/zbf\/wp-json\/wp\/v2\/comments?post=176"}],"wp:featuredmedia":[{"embeddable":true,"href":"https:\/\/www.franciskani.si\/zbf\/wp-json\/wp\/v2\/media\/177"}],"wp:attachment":[{"href":"https:\/\/www.franciskani.si\/zbf\/wp-json\/wp\/v2\/media?parent=176"}],"wp:term":[{"taxonomy":"product_brand","embeddable":true,"href":"https:\/\/www.franciskani.si\/zbf\/wp-json\/wp\/v2\/product_brand?post=176"},{"taxonomy":"product_cat","embeddable":true,"href":"https:\/\/www.franciskani.si\/zbf\/wp-json\/wp\/v2\/product_cat?post=176"},{"taxonomy":"product_tag","embeddable":true,"href":"https:\/\/www.franciskani.si\/zbf\/wp-json\/wp\/v2\/product_tag?post=176"}],"curies":[{"name":"wp","href":"https:\/\/api.w.org\/{rel}","templated":true}]}}