{"id":178,"date":"2017-08-19T22:50:43","date_gmt":"2017-08-19T20:50:43","guid":{"rendered":"http:\/\/www.franciskani.si\/zbf\/?post_type=product&#038;p=178"},"modified":"2017-08-19T22:50:44","modified_gmt":"2017-08-19T20:50:44","slug":"serafska-nebesa","status":"publish","type":"product","link":"https:\/\/www.franciskani.si\/zbf\/izdelek\/serafska-nebesa\/","title":{"rendered":"Serafska nebesa"},"content":{"rendered":"<p><strong>Silvano Bracci OFM, Antonietta Pozzebon FMSC<\/strong><\/p>\n<p>V osmih stoletjih fran\u010di\u0161kanske zgodovine se je nabral dolg seznam sobratov, ki jih je Cerkev razglasila za bla\u017eene ali svete. Ti so \u017eiveli po na\u010drtu serafskega o\u010deta in brez pridr\u017ekov sprejeli Boga, ki je v\u017egal njihova srca in jih usposobil za velikodu\u0161no ljubezen do bli\u017enjih.<\/p>\n<p>Na tem seznamu izvoljenih lahko vidimo, kako se gnetejo in prepletajo jeziki okrog ene same Besede, kako mladi in manj mladi sedajo za edino gostijo Gospodovega telesa in krvi, kako se na razli\u010dne na\u010dine udejanja ena sama poklicanost k svetosti po vzoru svetega Fran\u010di\u0161ka, ko vsi \u017eivijo po istem Vodilu, ki ga je on zapustil svojim sledilcem.<br \/>\nOni nas spodbujajo, da \u017eivimo svetost, ki izvira iz zakramenta krsta in priteka po posebni posvetitvi Bogu v Cerkvi. Spodbujajo nas k takemu \u017eivljenjskemu slogu, ki je predpodoba prihodnosti: v ob\u010destvu z njimi, ki molijo z nami in za nas, da bi vsak od nas danes udejanjil na\u010drt, ki ga je Bog razodel Fran\u010di\u0161ku Asi\u0161kemu.<br \/>\nSpomnimo se trditve velikega fran\u010di\u0161kana p. Agostina Gemellija: \u00bbBiti fran\u010di\u0161kan ne pomeni, da imamo obrito glavo in bose noge, ampak da smo Kristusovi od glave do peta.\u00ab<\/p>\n<p>format 16,5 x 23,5 cm<br \/>\nmehka vezava<br \/>\nobseg 440 strani<\/p>\n","protected":false},"excerpt":{"rendered":"<p>Silvano Bracci OFM, Antonietta Pozzebon FMSC V osmih stoletjih fran\u010di\u0161kanske zgodovine se je nabral dolg seznam sobratov, ki jih je Cerkev razglasila za bla\u017eene ali svete. Ti so \u017eiveli po na\u010drtu serafskega o\u010deta in brez pridr\u017ekov sprejeli Boga, ki je v\u017egal njihova srca in jih usposobil za velikodu\u0161no ljubezen do bli\u017enjih. Na tem seznamu izvoljenih [&hellip;]<\/p>\n","protected":false},"featured_media":179,"comment_status":"open","ping_status":"closed","template":"","meta":[],"product_brand":[],"product_cat":[27],"product_tag":[57],"class_list":{"0":"post-178","1":"product","2":"type-product","3":"status-publish","4":"has-post-thumbnail","6":"product_cat-nasa-zgodovina","7":"product_tag-silvano-bracci-ofm","9":"first","10":"instock","11":"taxable","12":"shipping-taxable","13":"purchasable","14":"product-type-simple"},"_links":{"self":[{"href":"https:\/\/www.franciskani.si\/zbf\/wp-json\/wp\/v2\/product\/178","targetHints":{"allow":["GET"]}}],"collection":[{"href":"https:\/\/www.franciskani.si\/zbf\/wp-json\/wp\/v2\/product"}],"about":[{"href":"https:\/\/www.franciskani.si\/zbf\/wp-json\/wp\/v2\/types\/product"}],"replies":[{"embeddable":true,"href":"https:\/\/www.franciskani.si\/zbf\/wp-json\/wp\/v2\/comments?post=178"}],"wp:featuredmedia":[{"embeddable":true,"href":"https:\/\/www.franciskani.si\/zbf\/wp-json\/wp\/v2\/media\/179"}],"wp:attachment":[{"href":"https:\/\/www.franciskani.si\/zbf\/wp-json\/wp\/v2\/media?parent=178"}],"wp:term":[{"taxonomy":"product_brand","embeddable":true,"href":"https:\/\/www.franciskani.si\/zbf\/wp-json\/wp\/v2\/product_brand?post=178"},{"taxonomy":"product_cat","embeddable":true,"href":"https:\/\/www.franciskani.si\/zbf\/wp-json\/wp\/v2\/product_cat?post=178"},{"taxonomy":"product_tag","embeddable":true,"href":"https:\/\/www.franciskani.si\/zbf\/wp-json\/wp\/v2\/product_tag?post=178"}],"curies":[{"name":"wp","href":"https:\/\/api.w.org\/{rel}","templated":true}]}}