{"id":180,"date":"2017-08-19T22:53:19","date_gmt":"2017-08-19T20:53:19","guid":{"rendered":"http:\/\/www.franciskani.si\/zbf\/?post_type=product&#038;p=180"},"modified":"2018-03-13T11:18:38","modified_gmt":"2018-03-13T10:18:38","slug":"anton-padovanski-franciskov-brat","status":"publish","type":"product","link":"https:\/\/www.franciskani.si\/zbf\/izdelek\/anton-padovanski-franciskov-brat\/","title":{"rendered":"Anton Padovanski \u2013 Fran\u010di\u0161kov brat"},"content":{"rendered":"<p><strong>Andra\u017e Arko OFM<\/strong><\/p>\n<p><em>Ilustrirala Ur\u0161a Skoberne<\/em><\/p>\n<p>Ob stoletnici vi\u0161ke \u017eupnije, nad katero bdi kot zavetnik sv. Anton Padovanski \u2013 pravijo celo, da so pred gradnjo cerkve, ko je bila tam \u0161e go\u0161\u010da, nekateri videli njegovo prikazen \u2013 je br. Andra\u017e Arko napisal, Ur\u0161a Skoberne pa ilustrirala preprost, a zgovoren \u017eivljenjepis tega silno \u010de\u0161\u010denega svetnika, za katerega pa marsikdo ne ve, da ga na Portugalskem ne imenujejo Padovanski, ampak Lizbonski, in to po rojstnem kraju. Kaj se je dogajalo med Lizbono in Padovo, pa boste lahko prebrali v knji\u017eici.<\/p>\n<p>Format: 22 cm, 64 str., bro\u0161irano<\/p>\n","protected":false},"excerpt":{"rendered":"<p>Andra\u017e Arko OFM Ilustrirala Ur\u0161a Skoberne Ob stoletnici vi\u0161ke \u017eupnije, nad katero bdi kot zavetnik sv. Anton Padovanski \u2013 pravijo celo, da so pred gradnjo cerkve, ko je bila tam \u0161e go\u0161\u010da, nekateri videli njegovo prikazen \u2013 je br. Andra\u017e Arko napisal, Ur\u0161a Skoberne pa ilustrirala preprost, a zgovoren \u017eivljenjepis tega silno \u010de\u0161\u010denega svetnika, za [&hellip;]<\/p>\n","protected":false},"featured_media":181,"comment_status":"open","ping_status":"closed","template":"","meta":[],"product_brand":[],"product_cat":[28],"product_tag":[59],"class_list":{"0":"post-180","1":"product","2":"type-product","3":"status-publish","4":"has-post-thumbnail","6":"product_cat-slikanice","7":"product_tag-andraz-arko-ofm","9":"first","10":"instock","11":"taxable","12":"shipping-taxable","13":"purchasable","14":"product-type-simple"},"_links":{"self":[{"href":"https:\/\/www.franciskani.si\/zbf\/wp-json\/wp\/v2\/product\/180","targetHints":{"allow":["GET"]}}],"collection":[{"href":"https:\/\/www.franciskani.si\/zbf\/wp-json\/wp\/v2\/product"}],"about":[{"href":"https:\/\/www.franciskani.si\/zbf\/wp-json\/wp\/v2\/types\/product"}],"replies":[{"embeddable":true,"href":"https:\/\/www.franciskani.si\/zbf\/wp-json\/wp\/v2\/comments?post=180"}],"wp:featuredmedia":[{"embeddable":true,"href":"https:\/\/www.franciskani.si\/zbf\/wp-json\/wp\/v2\/media\/181"}],"wp:attachment":[{"href":"https:\/\/www.franciskani.si\/zbf\/wp-json\/wp\/v2\/media?parent=180"}],"wp:term":[{"taxonomy":"product_brand","embeddable":true,"href":"https:\/\/www.franciskani.si\/zbf\/wp-json\/wp\/v2\/product_brand?post=180"},{"taxonomy":"product_cat","embeddable":true,"href":"https:\/\/www.franciskani.si\/zbf\/wp-json\/wp\/v2\/product_cat?post=180"},{"taxonomy":"product_tag","embeddable":true,"href":"https:\/\/www.franciskani.si\/zbf\/wp-json\/wp\/v2\/product_tag?post=180"}],"curies":[{"name":"wp","href":"https:\/\/api.w.org\/{rel}","templated":true}]}}