{"id":182,"date":"2017-08-19T22:55:13","date_gmt":"2017-08-19T20:55:13","guid":{"rendered":"http:\/\/www.franciskani.si\/zbf\/?post_type=product&#038;p=182"},"modified":"2018-03-13T11:18:48","modified_gmt":"2018-03-13T10:18:48","slug":"francisek-nas-brat","status":"publish","type":"product","link":"https:\/\/www.franciskani.si\/zbf\/izdelek\/francisek-nas-brat\/","title":{"rendered":"Fran\u010di\u0161ek, na\u0161 brat"},"content":{"rendered":"<p><strong>Andra\u017e Arko OFM<\/strong><\/p>\n<p><em>Ilustrirala Ur\u0161a Skoberne<\/em><\/p>\n<p>Ljubljana, 2007<\/p>\n<p>Fran\u010di\u0161kovo \u017eivljenje nagovarja vse: otroke, mlade, zrele, starej\u0161e &#8230; Otrokom sta ga Andra\u017e in Ur\u0161a \u017eelela pribli\u017eati s to slikanico, ki od blizu spremlja Fran\u010di\u0161ka na njegovi \u017eivljenjski poti od rojstva do razglasitve za svetnika.<br \/>\nKnjiga, ki je izvirno slovenska, je \u017ee iz\u0161la v italijan\u0161\u010dini in dvakrat v angle\u0161\u010dini, bo pa predvidoma iz\u0161la tudi v nem\u0161\u010dini, nizozem\u0161\u010dini, mavricijski kreol\u0161\u010dini, vietnam\u0161\u010dini in \u0161pan\u0161\u010dini.<\/p>\n<p>Format: 80 str., 21 x 30 cm, trda vezava<\/p>\n<p>ISBN 961-6326-54-4<\/p>\n","protected":false},"excerpt":{"rendered":"<p>Andra\u017e Arko OFM Ilustrirala Ur\u0161a Skoberne Ljubljana, 2007 Fran\u010di\u0161kovo \u017eivljenje nagovarja vse: otroke, mlade, zrele, starej\u0161e &#8230; Otrokom sta ga Andra\u017e in Ur\u0161a \u017eelela pribli\u017eati s to slikanico, ki od blizu spremlja Fran\u010di\u0161ka na njegovi \u017eivljenjski poti od rojstva do razglasitve za svetnika. Knjiga, ki je izvirno slovenska, je \u017ee iz\u0161la v italijan\u0161\u010dini in dvakrat [&hellip;]<\/p>\n","protected":false},"featured_media":183,"comment_status":"open","ping_status":"closed","template":"","meta":[],"product_brand":[],"product_cat":[28],"product_tag":[59],"class_list":{"0":"post-182","1":"product","2":"type-product","3":"status-publish","4":"has-post-thumbnail","6":"product_cat-slikanice","7":"product_tag-andraz-arko-ofm","9":"first","10":"instock","11":"taxable","12":"shipping-taxable","13":"purchasable","14":"product-type-simple"},"_links":{"self":[{"href":"https:\/\/www.franciskani.si\/zbf\/wp-json\/wp\/v2\/product\/182","targetHints":{"allow":["GET"]}}],"collection":[{"href":"https:\/\/www.franciskani.si\/zbf\/wp-json\/wp\/v2\/product"}],"about":[{"href":"https:\/\/www.franciskani.si\/zbf\/wp-json\/wp\/v2\/types\/product"}],"replies":[{"embeddable":true,"href":"https:\/\/www.franciskani.si\/zbf\/wp-json\/wp\/v2\/comments?post=182"}],"wp:featuredmedia":[{"embeddable":true,"href":"https:\/\/www.franciskani.si\/zbf\/wp-json\/wp\/v2\/media\/183"}],"wp:attachment":[{"href":"https:\/\/www.franciskani.si\/zbf\/wp-json\/wp\/v2\/media?parent=182"}],"wp:term":[{"taxonomy":"product_brand","embeddable":true,"href":"https:\/\/www.franciskani.si\/zbf\/wp-json\/wp\/v2\/product_brand?post=182"},{"taxonomy":"product_cat","embeddable":true,"href":"https:\/\/www.franciskani.si\/zbf\/wp-json\/wp\/v2\/product_cat?post=182"},{"taxonomy":"product_tag","embeddable":true,"href":"https:\/\/www.franciskani.si\/zbf\/wp-json\/wp\/v2\/product_tag?post=182"}],"curies":[{"name":"wp","href":"https:\/\/api.w.org\/{rel}","templated":true}]}}