{"id":184,"date":"2017-08-19T22:57:15","date_gmt":"2017-08-19T20:57:15","guid":{"rendered":"http:\/\/www.franciskani.si\/zbf\/?post_type=product&#038;p=184"},"modified":"2018-03-13T11:21:26","modified_gmt":"2018-03-13T10:21:26","slug":"indijanski-skof","status":"publish","type":"product","link":"https:\/\/www.franciskani.si\/zbf\/izdelek\/indijanski-skof\/","title":{"rendered":"Indijanski \u0161kof"},"content":{"rendered":"<p><strong>Andra\u017e Arko OFM<\/strong><\/p>\n<p><em>Ilustrirala Ur\u0161a Skoberne<\/em><\/p>\n<p>Ljubljana, 2005, 2018<\/p>\n<p>Pred dobrimi dvesto leti so se na na\u0161ih tleh rodili trije veliki Slovenci. Okroglega leta 1800 na\u0161 najve\u010dji pesnik France Pre\u0161eren in prvi slovenski svetnik, bla\u017eeni \u0161kof Anton Martin Slom\u0161ek. Tri leta prej pa se je rodil velik bo\u017eji slu\u017eabnik, indijanski misijonar in \u0161kof Friderik Irenej Baraga. Tudi on bo zaradi svoje predane slu\u017ebe Bogu, kakor upamo, kmalu pri\u0161tet k bla\u017eenim. Toda lepo po vrsti &#8230;<br \/>\nO njem spregovorijo pripovedi in slike, in ko pridemo slikanici do konca, postane Friderik Irenej gotovo na\u0161 prijatelj in pripro\u0161njik, v marsi\u010dem pa lahko tudi zgled.<br \/>\nUr\u0161a Skoberne, ki je ilustrirala slikanico, je zanjo oblikovala tudi posebno pisavo.<\/p>\n<p>Knjigo dopolnjuje pripoved na zgo\u0161\u010denki, ki pa je razprodana. Lahko pa ji prisluhnete na spodnji povezavi.<\/p>\n<p><iframe loading=\"lazy\" width=\"980\" height=\"551\" src=\"https:\/\/www.youtube.com\/embed\/DcKZ6xCCbiI?feature=oembed\" frameborder=\"0\" allow=\"autoplay; encrypted-media\" allowfullscreen><\/iframe><\/p>\n<p>Format: 88 str., 21 x 30 cm, mehka vezava<\/p>\n<p>ISBN 978-961-6326-42-1<\/p>\n","protected":false},"excerpt":{"rendered":"<p>Andra\u017e Arko OFM Ilustrirala Ur\u0161a Skoberne Ljubljana, 2005, 2018 Pred dobrimi dvesto leti so se na na\u0161ih tleh rodili trije veliki Slovenci. Okroglega leta 1800 na\u0161 najve\u010dji pesnik France Pre\u0161eren in prvi slovenski svetnik, bla\u017eeni \u0161kof Anton Martin Slom\u0161ek. Tri leta prej pa se je rodil velik bo\u017eji slu\u017eabnik, indijanski misijonar in \u0161kof Friderik Irenej [&hellip;]<\/p>\n","protected":false},"featured_media":518,"comment_status":"open","ping_status":"closed","template":"","meta":[],"product_brand":[],"product_cat":[28],"product_tag":[59],"class_list":{"0":"post-184","1":"product","2":"type-product","3":"status-publish","4":"has-post-thumbnail","6":"product_cat-slikanice","7":"product_tag-andraz-arko-ofm","9":"first","10":"instock","11":"taxable","12":"shipping-taxable","13":"purchasable","14":"product-type-simple"},"_links":{"self":[{"href":"https:\/\/www.franciskani.si\/zbf\/wp-json\/wp\/v2\/product\/184","targetHints":{"allow":["GET"]}}],"collection":[{"href":"https:\/\/www.franciskani.si\/zbf\/wp-json\/wp\/v2\/product"}],"about":[{"href":"https:\/\/www.franciskani.si\/zbf\/wp-json\/wp\/v2\/types\/product"}],"replies":[{"embeddable":true,"href":"https:\/\/www.franciskani.si\/zbf\/wp-json\/wp\/v2\/comments?post=184"}],"wp:featuredmedia":[{"embeddable":true,"href":"https:\/\/www.franciskani.si\/zbf\/wp-json\/wp\/v2\/media\/518"}],"wp:attachment":[{"href":"https:\/\/www.franciskani.si\/zbf\/wp-json\/wp\/v2\/media?parent=184"}],"wp:term":[{"taxonomy":"product_brand","embeddable":true,"href":"https:\/\/www.franciskani.si\/zbf\/wp-json\/wp\/v2\/product_brand?post=184"},{"taxonomy":"product_cat","embeddable":true,"href":"https:\/\/www.franciskani.si\/zbf\/wp-json\/wp\/v2\/product_cat?post=184"},{"taxonomy":"product_tag","embeddable":true,"href":"https:\/\/www.franciskani.si\/zbf\/wp-json\/wp\/v2\/product_tag?post=184"}],"curies":[{"name":"wp","href":"https:\/\/api.w.org\/{rel}","templated":true}]}}