{"id":186,"date":"2017-08-19T23:00:24","date_gmt":"2017-08-19T21:00:24","guid":{"rendered":"http:\/\/www.franciskani.si\/zbf\/?post_type=product&#038;p=186"},"modified":"2018-03-13T11:17:12","modified_gmt":"2018-03-13T10:17:12","slug":"klara-asiska-luc-ki-spreminja-zivljenje","status":"publish","type":"product","link":"https:\/\/www.franciskani.si\/zbf\/izdelek\/klara-asiska-luc-ki-spreminja-zivljenje\/","title":{"rendered":"Klara Asi\u0161ka &#8211; lu\u010d, ki spreminja \u017eivljenje"},"content":{"rendered":"<p><strong>Chiara Amata OSC<\/strong><\/p>\n<p><em>Prevedla Dragica \u010cepar<\/em><\/p>\n<p>Ljubljana, 2003<\/p>\n<p>V na\u0161i zalo\u017ebi je iz\u0161la prva otro\u0161ka slikanica.<br \/>\nZa zidovi samostana sester klaris v Nazarjah, kjer v molitvi in ti\u0161ini veje Klarin duh, se je porodila ideja o izidu te knjige, v spomin na sveto Klaro. Sestre klarise so poskrbele za prevod. Na drugem koncu de\u017eele, kjer narava nekoliko spominja na rojstni kraj svete Klare, se je porodila enaka ideja. Sestrice na Sveti Gori so sanjale, kako bodo slovenski otroci prebirali zapisane besede o sveti Klari in ob\u010dudovali domiselne risbe. Takoj so poskrbele za sli\u010dice. Sestre \u0161e niso vedele za iste ideje, ki so jih nosile v svojih srcih, a dobri Bog je skrbno bdel nad vsem skupaj&#8230;<\/p>\n<p>Format: 21 x 30 cm, trda vezava<\/p>\n<p>Obseg: 74 str.<\/p>\n<p>ISBN 961-6326-29-5<\/p>\n","protected":false},"excerpt":{"rendered":"<p>Chiara Amata OSC Prevedla Dragica \u010cepar Ljubljana, 2003 V na\u0161i zalo\u017ebi je iz\u0161la prva otro\u0161ka slikanica. Za zidovi samostana sester klaris v Nazarjah, kjer v molitvi in ti\u0161ini veje Klarin duh, se je porodila ideja o izidu te knjige, v spomin na sveto Klaro. Sestre klarise so poskrbele za prevod. Na drugem koncu de\u017eele, kjer [&hellip;]<\/p>\n","protected":false},"featured_media":187,"comment_status":"open","ping_status":"closed","template":"","meta":[],"product_brand":[],"product_cat":[28],"product_tag":[60],"class_list":{"0":"post-186","1":"product","2":"type-product","3":"status-publish","4":"has-post-thumbnail","6":"product_cat-slikanice","7":"product_tag-chiara-amata-osc","9":"first","10":"instock","11":"taxable","12":"shipping-taxable","13":"purchasable","14":"product-type-simple"},"_links":{"self":[{"href":"https:\/\/www.franciskani.si\/zbf\/wp-json\/wp\/v2\/product\/186","targetHints":{"allow":["GET"]}}],"collection":[{"href":"https:\/\/www.franciskani.si\/zbf\/wp-json\/wp\/v2\/product"}],"about":[{"href":"https:\/\/www.franciskani.si\/zbf\/wp-json\/wp\/v2\/types\/product"}],"replies":[{"embeddable":true,"href":"https:\/\/www.franciskani.si\/zbf\/wp-json\/wp\/v2\/comments?post=186"}],"wp:featuredmedia":[{"embeddable":true,"href":"https:\/\/www.franciskani.si\/zbf\/wp-json\/wp\/v2\/media\/187"}],"wp:attachment":[{"href":"https:\/\/www.franciskani.si\/zbf\/wp-json\/wp\/v2\/media?parent=186"}],"wp:term":[{"taxonomy":"product_brand","embeddable":true,"href":"https:\/\/www.franciskani.si\/zbf\/wp-json\/wp\/v2\/product_brand?post=186"},{"taxonomy":"product_cat","embeddable":true,"href":"https:\/\/www.franciskani.si\/zbf\/wp-json\/wp\/v2\/product_cat?post=186"},{"taxonomy":"product_tag","embeddable":true,"href":"https:\/\/www.franciskani.si\/zbf\/wp-json\/wp\/v2\/product_tag?post=186"}],"curies":[{"name":"wp","href":"https:\/\/api.w.org\/{rel}","templated":true}]}}