{"id":188,"date":"2017-08-19T23:03:08","date_gmt":"2017-08-19T21:03:08","guid":{"rendered":"http:\/\/www.franciskani.si\/zbf\/?post_type=product&#038;p=188"},"modified":"2018-03-13T11:17:24","modified_gmt":"2018-03-13T10:17:24","slug":"pastirica-urska-in-svetogorska-kraljica","status":"publish","type":"product","link":"https:\/\/www.franciskani.si\/zbf\/izdelek\/pastirica-urska-in-svetogorska-kraljica\/","title":{"rendered":"Pastirica Ur\u0161ka in Svetogorska Kraljica"},"content":{"rendered":"<p><strong>Andra\u017e Arko OFM<\/strong><\/p>\n<p><em>Ilustrirala Ur\u0161a Skoberne<\/em><\/p>\n<p>Ljubljana, 2006<\/p>\n<p>Pred skoraj petsto leti je Bo\u017eja Mati Marija na Skalnici pri Gorici spregovorila slovensko in Ur\u0161ki Ferligojevi iz Grgarja naro\u010dila, naj ji na gori sezidajo cerkev in prosijo milosti. Zgodba o pastirici Ur\u0161ki in zgodovina o Marijini cerkvi na Sveti Gori pritegneta bralca z besedo in sliko ter ga vabita na romanje.<\/p>\n<p>Knjigo dopolnjuje musical na zgo\u0161\u010denki.<\/p>\n<p>Format: 96 str., 21 x 30 cm, trda vezava<\/p>\n<p>ISBN 961-6326-47-3<\/p>\n","protected":false},"excerpt":{"rendered":"<p>Andra\u017e Arko OFM Ilustrirala Ur\u0161a Skoberne Ljubljana, 2006 Pred skoraj petsto leti je Bo\u017eja Mati Marija na Skalnici pri Gorici spregovorila slovensko in Ur\u0161ki Ferligojevi iz Grgarja naro\u010dila, naj ji na gori sezidajo cerkev in prosijo milosti. Zgodba o pastirici Ur\u0161ki in zgodovina o Marijini cerkvi na Sveti Gori pritegneta bralca z besedo in sliko [&hellip;]<\/p>\n","protected":false},"featured_media":189,"comment_status":"open","ping_status":"closed","template":"","meta":[],"product_brand":[],"product_cat":[28],"product_tag":[59],"class_list":{"0":"post-188","1":"product","2":"type-product","3":"status-publish","4":"has-post-thumbnail","6":"product_cat-slikanice","7":"product_tag-andraz-arko-ofm","9":"first","10":"instock","11":"taxable","12":"shipping-taxable","13":"purchasable","14":"product-type-simple"},"_links":{"self":[{"href":"https:\/\/www.franciskani.si\/zbf\/wp-json\/wp\/v2\/product\/188","targetHints":{"allow":["GET"]}}],"collection":[{"href":"https:\/\/www.franciskani.si\/zbf\/wp-json\/wp\/v2\/product"}],"about":[{"href":"https:\/\/www.franciskani.si\/zbf\/wp-json\/wp\/v2\/types\/product"}],"replies":[{"embeddable":true,"href":"https:\/\/www.franciskani.si\/zbf\/wp-json\/wp\/v2\/comments?post=188"}],"wp:featuredmedia":[{"embeddable":true,"href":"https:\/\/www.franciskani.si\/zbf\/wp-json\/wp\/v2\/media\/189"}],"wp:attachment":[{"href":"https:\/\/www.franciskani.si\/zbf\/wp-json\/wp\/v2\/media?parent=188"}],"wp:term":[{"taxonomy":"product_brand","embeddable":true,"href":"https:\/\/www.franciskani.si\/zbf\/wp-json\/wp\/v2\/product_brand?post=188"},{"taxonomy":"product_cat","embeddable":true,"href":"https:\/\/www.franciskani.si\/zbf\/wp-json\/wp\/v2\/product_cat?post=188"},{"taxonomy":"product_tag","embeddable":true,"href":"https:\/\/www.franciskani.si\/zbf\/wp-json\/wp\/v2\/product_tag?post=188"}],"curies":[{"name":"wp","href":"https:\/\/api.w.org\/{rel}","templated":true}]}}