{"id":190,"date":"2017-08-19T23:06:21","date_gmt":"2017-08-19T21:06:21","guid":{"rendered":"http:\/\/www.franciskani.si\/zbf\/?post_type=product&#038;p=190"},"modified":"2018-03-13T11:17:34","modified_gmt":"2018-03-13T10:17:34","slug":"sveti-v-svetu","status":"publish","type":"product","link":"https:\/\/www.franciskani.si\/zbf\/izdelek\/sveti-v-svetu\/","title":{"rendered":"Sveti v svetu"},"content":{"rendered":"<p><strong>Andra\u017e Arko OFM<\/strong><\/p>\n<p><em>Ilustrirala Ur\u0161a Skoberne<\/em><\/p>\n<p>Serafinski svetniki III<\/p>\n<p>Ljubljana 2010<\/p>\n<p>Sveti v svetu so poro\u010deni, samski, duhovniki in redovniki, ljudje vseh stanov, od plemi\u010dev pa do preprostih ljudi, ki jih je Bog poklical na pot za Fran\u010di\u0161kom Asi\u0161kim, da bi \u017eiveli evangelij, ter ga oznanjali svetu med ljudmi &#8211; da bi bili sveti v svetu. Fran\u010di\u0161ek, ki ga imenujejo tudi Serafinski o\u010de, je prav zaradi preprostega slu\u017eenja Bogu in ljudem postal &#8220;o\u010de&#8221; velike dru\u017eine bratov in sester, mo\u017e in \u017eena, ki so po njegovem zgledu \u017eiveli v tesnem prijateljstvu z Jezusom, z ljudmi in z vsem stvarstvom. Mnoge od teh je Cerkev razglasila za svetnike, zato so jih prav zaradi Serafinskega o\u010deta Fran\u010di\u0161ka poimenovali kar Serafinski svetniki. Tretji del triologije Serafinski svetniki nam tako prina\u0161a brate in sestre iz tretjega reda, t.j. iz Regularnega tretjega reda in iz Fran\u010di\u0161kovega svetnega reda. Njihova svetost v svetu nas vabi, da bi se tudi mi trudili za iskreno prijateljstvo z Jezusom in z ljudmi, da bi tudi mi postali Jezusovi in njihovi prijatelji. Naj nam bodo serafinski svetniki zgled in spodbuda na na\u0161i \u017eivljenjski poti, da bomo tudi mi znali in zmogli \u017eiveti v prijateljstvu z Bogom in med seboj. in k srcu si vzemimo Fran\u010di\u0161kov opomin: &#8220;Za nas je torej velika sramota, da so svetniki izvr\u0161evali dela, mi pa ho\u010demo prejemati \u010dast in slavo iz tega, da o delih samo beremo in jih oznanjamo.&#8221; (FOpom 6,3)<\/p>\n<p>Format: 86 str., 21 x 30 cm, trda vezava<\/p>\n<p>ISBN 961-6326-81-0<\/p>\n","protected":false},"excerpt":{"rendered":"<p>Andra\u017e Arko OFM Ilustrirala Ur\u0161a Skoberne Serafinski svetniki III Ljubljana 2010 Sveti v svetu so poro\u010deni, samski, duhovniki in redovniki, ljudje vseh stanov, od plemi\u010dev pa do preprostih ljudi, ki jih je Bog poklical na pot za Fran\u010di\u0161kom Asi\u0161kim, da bi \u017eiveli evangelij, ter ga oznanjali svetu med ljudmi &#8211; da bi bili sveti v [&hellip;]<\/p>\n","protected":false},"featured_media":191,"comment_status":"open","ping_status":"closed","template":"","meta":[],"product_brand":[],"product_cat":[28],"product_tag":[59],"class_list":{"0":"post-190","1":"product","2":"type-product","3":"status-publish","4":"has-post-thumbnail","6":"product_cat-slikanice","7":"product_tag-andraz-arko-ofm","9":"first","10":"instock","11":"taxable","12":"shipping-taxable","13":"purchasable","14":"product-type-simple"},"_links":{"self":[{"href":"https:\/\/www.franciskani.si\/zbf\/wp-json\/wp\/v2\/product\/190","targetHints":{"allow":["GET"]}}],"collection":[{"href":"https:\/\/www.franciskani.si\/zbf\/wp-json\/wp\/v2\/product"}],"about":[{"href":"https:\/\/www.franciskani.si\/zbf\/wp-json\/wp\/v2\/types\/product"}],"replies":[{"embeddable":true,"href":"https:\/\/www.franciskani.si\/zbf\/wp-json\/wp\/v2\/comments?post=190"}],"wp:featuredmedia":[{"embeddable":true,"href":"https:\/\/www.franciskani.si\/zbf\/wp-json\/wp\/v2\/media\/191"}],"wp:attachment":[{"href":"https:\/\/www.franciskani.si\/zbf\/wp-json\/wp\/v2\/media?parent=190"}],"wp:term":[{"taxonomy":"product_brand","embeddable":true,"href":"https:\/\/www.franciskani.si\/zbf\/wp-json\/wp\/v2\/product_brand?post=190"},{"taxonomy":"product_cat","embeddable":true,"href":"https:\/\/www.franciskani.si\/zbf\/wp-json\/wp\/v2\/product_cat?post=190"},{"taxonomy":"product_tag","embeddable":true,"href":"https:\/\/www.franciskani.si\/zbf\/wp-json\/wp\/v2\/product_tag?post=190"}],"curies":[{"name":"wp","href":"https:\/\/api.w.org\/{rel}","templated":true}]}}