{"id":192,"date":"2017-08-19T23:08:27","date_gmt":"2017-08-19T21:08:27","guid":{"rendered":"http:\/\/www.franciskani.si\/zbf\/?post_type=product&#038;p=192"},"modified":"2018-03-13T11:17:55","modified_gmt":"2018-03-13T10:17:55","slug":"to-je-to","status":"publish","type":"product","link":"https:\/\/www.franciskani.si\/zbf\/izdelek\/to-je-to\/","title":{"rendered":"To je to!"},"content":{"rendered":"<p><strong>Andra\u017e Arko OFM<\/strong><\/p>\n<p><em>Ilustrirala Ur\u0161a Skoberne<\/em><\/p>\n<p>Serafinski svetniki I<\/p>\n<p>Ljubljana 2008<\/p>\n<p>\u201cFilii sanctorum sumus (Sinovi svetih smo)!\u201d nas opominja Sveto pismo in to dokazujejo na\u0161i veliki predhodniki, ki nam ka\u017eejo pota svetosti, kajti tudi za vsakega od nas je prostor v dru\u017ebi svetnikov.<\/p>\n<p>Med Fran\u010di\u0161kovimi brati se je v 800 letih nabrala velika skupina, ki spremlja \u201cserafskega\u201d o\u010deta v nebe\u0161ki slavi. Nas pa nagovarjajo s svojimi \u017eivljenjskimi zgodbami, obenem pa so na\u0161i pripro\u0161njiki pri Bogu v nebesih. Kdo ne pozna Antona Padovanskega, ki se mu priporo\u010damo, ko kaj izgubimo in ne najdemo? Kdo pa ve za Benedikta Zamorca iz Palerma? Pa za Simona iz Lipnice?<\/p>\n<p>In zakaj nosijo to ime? Ker se je Fran\u010di\u0161ku na gori La Verni prikazal angel seraf, ki je nosil podobo kri\u017eanega in je Fran\u010di\u0161ek tam prejel Kristusove rane. Zato je vse, kar je povezano s Fran\u010di\u0161kom, dobilo pridevek \u201cserafsko\u201d ali \u201cserafinsko\u201d.<\/p>\n<p>Ve\u010d kot 50 svetnikov izmed Fran\u010di\u0161kovih bratov (fran\u010di\u0161kanov, minoritov in kapucinov) je predstavljenih v tej slikanici, obljubljeni pa sta \u0161e dve, ena s svetimi klarisami in ena s svetimi tretjeredniki.<\/p>\n<p>Format: 72 str., 21 x 30 cm, trda vezava<\/p>\n<p>ISBN 961-6326-69-8<\/p>\n","protected":false},"excerpt":{"rendered":"<p>Andra\u017e Arko OFM Ilustrirala Ur\u0161a Skoberne Serafinski svetniki I Ljubljana 2008 \u201cFilii sanctorum sumus (Sinovi svetih smo)!\u201d nas opominja Sveto pismo in to dokazujejo na\u0161i veliki predhodniki, ki nam ka\u017eejo pota svetosti, kajti tudi za vsakega od nas je prostor v dru\u017ebi svetnikov. Med Fran\u010di\u0161kovimi brati se je v 800 letih nabrala velika skupina, ki [&hellip;]<\/p>\n","protected":false},"featured_media":193,"comment_status":"open","ping_status":"closed","template":"","meta":[],"product_brand":[],"product_cat":[28],"product_tag":[59],"class_list":{"0":"post-192","1":"product","2":"type-product","3":"status-publish","4":"has-post-thumbnail","6":"product_cat-slikanice","7":"product_tag-andraz-arko-ofm","9":"first","10":"instock","11":"taxable","12":"shipping-taxable","13":"purchasable","14":"product-type-simple"},"_links":{"self":[{"href":"https:\/\/www.franciskani.si\/zbf\/wp-json\/wp\/v2\/product\/192","targetHints":{"allow":["GET"]}}],"collection":[{"href":"https:\/\/www.franciskani.si\/zbf\/wp-json\/wp\/v2\/product"}],"about":[{"href":"https:\/\/www.franciskani.si\/zbf\/wp-json\/wp\/v2\/types\/product"}],"replies":[{"embeddable":true,"href":"https:\/\/www.franciskani.si\/zbf\/wp-json\/wp\/v2\/comments?post=192"}],"wp:featuredmedia":[{"embeddable":true,"href":"https:\/\/www.franciskani.si\/zbf\/wp-json\/wp\/v2\/media\/193"}],"wp:attachment":[{"href":"https:\/\/www.franciskani.si\/zbf\/wp-json\/wp\/v2\/media?parent=192"}],"wp:term":[{"taxonomy":"product_brand","embeddable":true,"href":"https:\/\/www.franciskani.si\/zbf\/wp-json\/wp\/v2\/product_brand?post=192"},{"taxonomy":"product_cat","embeddable":true,"href":"https:\/\/www.franciskani.si\/zbf\/wp-json\/wp\/v2\/product_cat?post=192"},{"taxonomy":"product_tag","embeddable":true,"href":"https:\/\/www.franciskani.si\/zbf\/wp-json\/wp\/v2\/product_tag?post=192"}],"curies":[{"name":"wp","href":"https:\/\/api.w.org\/{rel}","templated":true}]}}