{"id":194,"date":"2017-08-19T23:10:16","date_gmt":"2017-08-19T21:10:16","guid":{"rendered":"http:\/\/www.franciskani.si\/zbf\/?post_type=product&#038;p=194"},"modified":"2018-03-13T11:18:02","modified_gmt":"2018-03-13T10:18:02","slug":"vsak-utrip-srca-za-boga","status":"publish","type":"product","link":"https:\/\/www.franciskani.si\/zbf\/izdelek\/vsak-utrip-srca-za-boga\/","title":{"rendered":"Vsak utrip srca za Boga"},"content":{"rendered":"<p><strong>Andra\u017e Arko OFM<\/strong><\/p>\n<p><em>Ilustrirala Ur\u0161a Skoberne<\/em><\/p>\n<p>Serafinski svetniki II<\/p>\n<p>Ljubljana 2009<\/p>\n<p>Vsak utrip srca za Boga: V tem je temelj poklicanosti in bistvo \u017eivljenja sester klaris. To je sveta Klara Asi\u0161ka tudi zapisala v svoji Oporoki.<br \/>\nV prvem delu trilogije slikanic Serafinski svetniki smo spoznali svete brate iz I. reda, v tem delu pa svete sestre klarise iz II. reda. Za razliko od bratov niso hodile po svetu in pridigale, ampak so za samostanskimi zidovi podpirale delo bratov z nenehno molitvijo. Zgled njihovega \u017eivljenja nas spodbuja, da bi se tudi mi trudili za iskreno prijateljstvo z Jezusom in ljudmi, da bi tudi mi postali Jezusovi in njihovi prijatelji.<\/p>\n<p>Format: 52 str., 21 x 30 cm, trda vezava<\/p>\n<p>ISBN 978-961-6326-75-9<\/p>\n","protected":false},"excerpt":{"rendered":"<p>Andra\u017e Arko OFM Ilustrirala Ur\u0161a Skoberne Serafinski svetniki II Ljubljana 2009 Vsak utrip srca za Boga: V tem je temelj poklicanosti in bistvo \u017eivljenja sester klaris. To je sveta Klara Asi\u0161ka tudi zapisala v svoji Oporoki. V prvem delu trilogije slikanic Serafinski svetniki smo spoznali svete brate iz I. reda, v tem delu pa svete [&hellip;]<\/p>\n","protected":false},"featured_media":195,"comment_status":"open","ping_status":"closed","template":"","meta":[],"product_brand":[],"product_cat":[28],"product_tag":[59],"class_list":{"0":"post-194","1":"product","2":"type-product","3":"status-publish","4":"has-post-thumbnail","6":"product_cat-slikanice","7":"product_tag-andraz-arko-ofm","9":"first","10":"instock","11":"taxable","12":"shipping-taxable","13":"purchasable","14":"product-type-simple"},"_links":{"self":[{"href":"https:\/\/www.franciskani.si\/zbf\/wp-json\/wp\/v2\/product\/194","targetHints":{"allow":["GET"]}}],"collection":[{"href":"https:\/\/www.franciskani.si\/zbf\/wp-json\/wp\/v2\/product"}],"about":[{"href":"https:\/\/www.franciskani.si\/zbf\/wp-json\/wp\/v2\/types\/product"}],"replies":[{"embeddable":true,"href":"https:\/\/www.franciskani.si\/zbf\/wp-json\/wp\/v2\/comments?post=194"}],"wp:featuredmedia":[{"embeddable":true,"href":"https:\/\/www.franciskani.si\/zbf\/wp-json\/wp\/v2\/media\/195"}],"wp:attachment":[{"href":"https:\/\/www.franciskani.si\/zbf\/wp-json\/wp\/v2\/media?parent=194"}],"wp:term":[{"taxonomy":"product_brand","embeddable":true,"href":"https:\/\/www.franciskani.si\/zbf\/wp-json\/wp\/v2\/product_brand?post=194"},{"taxonomy":"product_cat","embeddable":true,"href":"https:\/\/www.franciskani.si\/zbf\/wp-json\/wp\/v2\/product_cat?post=194"},{"taxonomy":"product_tag","embeddable":true,"href":"https:\/\/www.franciskani.si\/zbf\/wp-json\/wp\/v2\/product_tag?post=194"}],"curies":[{"name":"wp","href":"https:\/\/api.w.org\/{rel}","templated":true}]}}