{"id":196,"date":"2017-08-19T23:12:35","date_gmt":"2017-08-19T21:12:35","guid":{"rendered":"http:\/\/www.franciskani.si\/zbf\/?post_type=product&#038;p=196"},"modified":"2018-03-13T11:18:56","modified_gmt":"2018-03-13T10:18:56","slug":"marija-pomagaj-kraljica-slovencev","status":"publish","type":"product","link":"https:\/\/www.franciskani.si\/zbf\/izdelek\/marija-pomagaj-kraljica-slovencev\/","title":{"rendered":"Marija Pomagaj, Kraljica Slovencev"},"content":{"rendered":"<p><strong>Andra\u017e Arko OFM<\/strong><\/p>\n<p><em>Ilustrirala Ur\u0161a Skoberne<\/em><\/p>\n<p>slikanica ob 100-letnici kronanja<\/p>\n<p>Ljubljana, 2007<\/p>\n<p>Zgodovino Brezij je mogo\u010de povedati tudi v slikah in jo pribli\u017eati najmlaj\u0161im. Tako se sre\u010damo s svojimi davnimi predniki, pa z Leopoldom Layerjem, Fin\u017egarjevo Marijo, pape\u017eem Janezom Pavlom II. &#8230; Vse te povezuje ljube\u010d pogled k na\u0161i in Bo\u017eji Materi Mariji in njen blagoslov.<\/p>\n<p>Format: 56 str., 21 x 30 cm, trda vezava<\/p>\n<p>ISBN 961-6326-59-9<\/p>\n","protected":false},"excerpt":{"rendered":"<p>Andra\u017e Arko OFM Ilustrirala Ur\u0161a Skoberne slikanica ob 100-letnici kronanja Ljubljana, 2007 Zgodovino Brezij je mogo\u010de povedati tudi v slikah in jo pribli\u017eati najmlaj\u0161im. Tako se sre\u010damo s svojimi davnimi predniki, pa z Leopoldom Layerjem, Fin\u017egarjevo Marijo, pape\u017eem Janezom Pavlom II. &#8230; Vse te povezuje ljube\u010d pogled k na\u0161i in Bo\u017eji Materi Mariji in njen [&hellip;]<\/p>\n","protected":false},"featured_media":197,"comment_status":"open","ping_status":"closed","template":"","meta":[],"product_brand":[],"product_cat":[117,28],"product_tag":[59],"class_list":{"0":"post-196","1":"product","2":"type-product","3":"status-publish","4":"has-post-thumbnail","6":"product_cat-razprodano","7":"product_cat-slikanice","8":"product_tag-andraz-arko-ofm","10":"first","11":"outofstock","12":"taxable","13":"shipping-taxable","14":"purchasable","15":"product-type-simple"},"_links":{"self":[{"href":"https:\/\/www.franciskani.si\/zbf\/wp-json\/wp\/v2\/product\/196","targetHints":{"allow":["GET"]}}],"collection":[{"href":"https:\/\/www.franciskani.si\/zbf\/wp-json\/wp\/v2\/product"}],"about":[{"href":"https:\/\/www.franciskani.si\/zbf\/wp-json\/wp\/v2\/types\/product"}],"replies":[{"embeddable":true,"href":"https:\/\/www.franciskani.si\/zbf\/wp-json\/wp\/v2\/comments?post=196"}],"wp:featuredmedia":[{"embeddable":true,"href":"https:\/\/www.franciskani.si\/zbf\/wp-json\/wp\/v2\/media\/197"}],"wp:attachment":[{"href":"https:\/\/www.franciskani.si\/zbf\/wp-json\/wp\/v2\/media?parent=196"}],"wp:term":[{"taxonomy":"product_brand","embeddable":true,"href":"https:\/\/www.franciskani.si\/zbf\/wp-json\/wp\/v2\/product_brand?post=196"},{"taxonomy":"product_cat","embeddable":true,"href":"https:\/\/www.franciskani.si\/zbf\/wp-json\/wp\/v2\/product_cat?post=196"},{"taxonomy":"product_tag","embeddable":true,"href":"https:\/\/www.franciskani.si\/zbf\/wp-json\/wp\/v2\/product_tag?post=196"}],"curies":[{"name":"wp","href":"https:\/\/api.w.org\/{rel}","templated":true}]}}