{"id":198,"date":"2017-08-19T23:14:56","date_gmt":"2017-08-19T21:14:56","guid":{"rendered":"http:\/\/www.franciskani.si\/zbf\/?post_type=product&#038;p=198"},"modified":"2018-03-13T11:18:14","modified_gmt":"2018-03-13T10:18:14","slug":"oce-vsem","status":"publish","type":"product","link":"https:\/\/www.franciskani.si\/zbf\/izdelek\/oce-vsem\/","title":{"rendered":"O\u010de vsem"},"content":{"rendered":"<p><strong>Andra\u017e Arko OFM<\/strong><\/p>\n<p><em>Ilustrirala Ur\u0161a Ro\u017ei\u010d<\/em><\/p>\n<p>V seriji slikanic za otroke je nastala nova. Andra\u017e in Ur\u0161a sta tokrat bralcem pribli\u017eala, na prijazen, enostaven in ilustriran na\u010din \u017eivljenje bo\u017ejega slu\u017eabnika Janeza Fran\u010di\u0161ka Gnidovca.<\/p>\n<p>Slikanica je iz\u0161la tudi v alban\u0161\u010dini, hrva\u0161\u010dini in makedon\u0161\u010dini.<\/p>\n<p>Format 21 x 30, trda vezava<\/p>\n<p>Obseg 64 strani<\/p>\n","protected":false},"excerpt":{"rendered":"<p>Andra\u017e Arko OFM Ilustrirala Ur\u0161a Ro\u017ei\u010d V seriji slikanic za otroke je nastala nova. Andra\u017e in Ur\u0161a sta tokrat bralcem pribli\u017eala, na prijazen, enostaven in ilustriran na\u010din \u017eivljenje bo\u017ejega slu\u017eabnika Janeza Fran\u010di\u0161ka Gnidovca. Slikanica je iz\u0161la tudi v alban\u0161\u010dini, hrva\u0161\u010dini in makedon\u0161\u010dini. Format 21 x 30, trda vezava Obseg 64 strani<\/p>\n","protected":false},"featured_media":199,"comment_status":"open","ping_status":"closed","template":"","meta":[],"product_brand":[],"product_cat":[28],"product_tag":[59],"class_list":{"0":"post-198","1":"product","2":"type-product","3":"status-publish","4":"has-post-thumbnail","6":"product_cat-slikanice","7":"product_tag-andraz-arko-ofm","9":"first","10":"instock","11":"taxable","12":"shipping-taxable","13":"purchasable","14":"product-type-simple"},"_links":{"self":[{"href":"https:\/\/www.franciskani.si\/zbf\/wp-json\/wp\/v2\/product\/198","targetHints":{"allow":["GET"]}}],"collection":[{"href":"https:\/\/www.franciskani.si\/zbf\/wp-json\/wp\/v2\/product"}],"about":[{"href":"https:\/\/www.franciskani.si\/zbf\/wp-json\/wp\/v2\/types\/product"}],"replies":[{"embeddable":true,"href":"https:\/\/www.franciskani.si\/zbf\/wp-json\/wp\/v2\/comments?post=198"}],"wp:featuredmedia":[{"embeddable":true,"href":"https:\/\/www.franciskani.si\/zbf\/wp-json\/wp\/v2\/media\/199"}],"wp:attachment":[{"href":"https:\/\/www.franciskani.si\/zbf\/wp-json\/wp\/v2\/media?parent=198"}],"wp:term":[{"taxonomy":"product_brand","embeddable":true,"href":"https:\/\/www.franciskani.si\/zbf\/wp-json\/wp\/v2\/product_brand?post=198"},{"taxonomy":"product_cat","embeddable":true,"href":"https:\/\/www.franciskani.si\/zbf\/wp-json\/wp\/v2\/product_cat?post=198"},{"taxonomy":"product_tag","embeddable":true,"href":"https:\/\/www.franciskani.si\/zbf\/wp-json\/wp\/v2\/product_tag?post=198"}],"curies":[{"name":"wp","href":"https:\/\/api.w.org\/{rel}","templated":true}]}}