{"id":200,"date":"2017-08-19T23:16:31","date_gmt":"2017-08-19T21:16:31","guid":{"rendered":"http:\/\/www.franciskani.si\/zbf\/?post_type=product&#038;p=200"},"modified":"2019-03-11T09:44:16","modified_gmt":"2019-03-11T08:44:16","slug":"sveti-anton-padovanski","status":"publish","type":"product","link":"https:\/\/www.franciskani.si\/zbf\/izdelek\/sveti-anton-padovanski\/","title":{"rendered":"Sveti Anton Padovanski"},"content":{"rendered":"<p><strong>Chiara Amata OSC<\/strong><\/p>\n<p><em>Prevedel Franci Zelko<\/em><\/p>\n<p>Ljubljana, 2004<\/p>\n<p>V na\u0161i zalo\u017ebi je iz\u0161la \u017ee druga otro\u0161ka slikanica!<br \/>\nPo slikanici Klara Asi\u0161ka &#8211; lu\u010d, ki spreminja \u017eivljenje, s. Chiara Amata predstavlja \u0161e eno veliko svetni\u0161ko osebnost &#8211; svetega Antona Padovanskega. Od nasmeha, ki se kot rde\u010da nit vle\u010de skozi vso zgodbo slikanice Sveti Anton Padovanski, se dvigamo k \u010dudovitim znamenjem, ki jih je Bog izvr\u0161il po tem velikem svetniku. Izredno zanimanje in povpra\u0161evanje po slikanici o sveti Klari je botrovalo temu, da je bil poslovenjen tudi Sveti Anton Padovanski. Vsekakor slikanica, poleg bogate vsebine in velikega obsega, dale\u010d presega ostale tudi po izredno dostopni ceni.<\/p>\n<p>Format: 21 x 30 cm, trda vezava<\/p>\n<p>Obseg: 76 str.<\/p>\n<p>ISBN 961-6326-38-4<\/p>\n<p><strong>RAZPRODANO!<\/strong><\/p>\n","protected":false},"excerpt":{"rendered":"<p>Chiara Amata OSC Prevedel Franci Zelko Ljubljana, 2004 V na\u0161i zalo\u017ebi je iz\u0161la \u017ee druga otro\u0161ka slikanica! Po slikanici Klara Asi\u0161ka &#8211; lu\u010d, ki spreminja \u017eivljenje, s. Chiara Amata predstavlja \u0161e eno veliko svetni\u0161ko osebnost &#8211; svetega Antona Padovanskega. Od nasmeha, ki se kot rde\u010da nit vle\u010de skozi vso zgodbo slikanice Sveti Anton Padovanski, se [&hellip;]<\/p>\n","protected":false},"featured_media":201,"comment_status":"open","ping_status":"closed","template":"","meta":[],"product_brand":[],"product_cat":[117,28],"product_tag":[60],"class_list":{"0":"post-200","1":"product","2":"type-product","3":"status-publish","4":"has-post-thumbnail","6":"product_cat-razprodano","7":"product_cat-slikanice","8":"product_tag-chiara-amata-osc","10":"first","11":"outofstock","12":"taxable","13":"shipping-taxable","14":"product-type-simple"},"_links":{"self":[{"href":"https:\/\/www.franciskani.si\/zbf\/wp-json\/wp\/v2\/product\/200","targetHints":{"allow":["GET"]}}],"collection":[{"href":"https:\/\/www.franciskani.si\/zbf\/wp-json\/wp\/v2\/product"}],"about":[{"href":"https:\/\/www.franciskani.si\/zbf\/wp-json\/wp\/v2\/types\/product"}],"replies":[{"embeddable":true,"href":"https:\/\/www.franciskani.si\/zbf\/wp-json\/wp\/v2\/comments?post=200"}],"wp:featuredmedia":[{"embeddable":true,"href":"https:\/\/www.franciskani.si\/zbf\/wp-json\/wp\/v2\/media\/201"}],"wp:attachment":[{"href":"https:\/\/www.franciskani.si\/zbf\/wp-json\/wp\/v2\/media?parent=200"}],"wp:term":[{"taxonomy":"product_brand","embeddable":true,"href":"https:\/\/www.franciskani.si\/zbf\/wp-json\/wp\/v2\/product_brand?post=200"},{"taxonomy":"product_cat","embeddable":true,"href":"https:\/\/www.franciskani.si\/zbf\/wp-json\/wp\/v2\/product_cat?post=200"},{"taxonomy":"product_tag","embeddable":true,"href":"https:\/\/www.franciskani.si\/zbf\/wp-json\/wp\/v2\/product_tag?post=200"}],"curies":[{"name":"wp","href":"https:\/\/api.w.org\/{rel}","templated":true}]}}