{"id":202,"date":"2017-08-19T23:18:16","date_gmt":"2017-08-19T21:18:16","guid":{"rendered":"http:\/\/www.franciskani.si\/zbf\/?post_type=product&#038;p=202"},"modified":"2020-10-03T15:06:46","modified_gmt":"2020-10-03T13:06:46","slug":"ti-si-sonce-mojega-zivljenja","status":"publish","type":"product","link":"https:\/\/www.franciskani.si\/zbf\/izdelek\/ti-si-sonce-mojega-zivljenja\/","title":{"rendered":"Ti si sonce mojega \u017eivljenja"},"content":{"rendered":"<p><strong>Andra\u017e Arko OFM<\/strong><\/p>\n<p><em>Ilustrirala Ur\u0161a Ro\u017ei\u010d<\/em><\/p>\n<p>Tvoje skromno domovanje<br \/>\nmoje je srce postalo,<br \/>\nna\u0161lo je, kar je iskalo:<br \/>\nskoraj mislim, da so sanje.<br \/>\nKam si se, Gospod, poni\u017eal,<br \/>\nda si k meni se pribli\u017eal?<br \/>\nNaj srce od zdaj bo Tvoje,<br \/>\nvekomaj Ti v njem prebivaj,<br \/>\nvso lepoto mu razkrivaj,<br \/>\nnaj Ti vredno pesem poje.<br \/>\nLojze Grozde<\/p>\n<p>Format: 22 x 24,5 cm<br \/>\nObseg: 64 strani; trda vezava<\/p>\n","protected":false},"excerpt":{"rendered":"<p>Andra\u017e Arko OFM Ilustrirala Ur\u0161a Ro\u017ei\u010d Tvoje skromno domovanje moje je srce postalo, na\u0161lo je, kar je iskalo: skoraj mislim, da so sanje. Kam si se, Gospod, poni\u017eal, da si k meni se pribli\u017eal? Naj srce od zdaj bo Tvoje, vekomaj Ti v njem prebivaj, vso lepoto mu razkrivaj, naj Ti vredno pesem poje. Lojze [&hellip;]<\/p>\n","protected":false},"featured_media":203,"comment_status":"open","ping_status":"closed","template":"","meta":[],"product_brand":[],"product_cat":[28],"product_tag":[59],"class_list":{"0":"post-202","1":"product","2":"type-product","3":"status-publish","4":"has-post-thumbnail","6":"product_cat-slikanice","7":"product_tag-andraz-arko-ofm","9":"first","10":"instock","11":"taxable","12":"shipping-taxable","13":"purchasable","14":"product-type-simple"},"_links":{"self":[{"href":"https:\/\/www.franciskani.si\/zbf\/wp-json\/wp\/v2\/product\/202","targetHints":{"allow":["GET"]}}],"collection":[{"href":"https:\/\/www.franciskani.si\/zbf\/wp-json\/wp\/v2\/product"}],"about":[{"href":"https:\/\/www.franciskani.si\/zbf\/wp-json\/wp\/v2\/types\/product"}],"replies":[{"embeddable":true,"href":"https:\/\/www.franciskani.si\/zbf\/wp-json\/wp\/v2\/comments?post=202"}],"wp:featuredmedia":[{"embeddable":true,"href":"https:\/\/www.franciskani.si\/zbf\/wp-json\/wp\/v2\/media\/203"}],"wp:attachment":[{"href":"https:\/\/www.franciskani.si\/zbf\/wp-json\/wp\/v2\/media?parent=202"}],"wp:term":[{"taxonomy":"product_brand","embeddable":true,"href":"https:\/\/www.franciskani.si\/zbf\/wp-json\/wp\/v2\/product_brand?post=202"},{"taxonomy":"product_cat","embeddable":true,"href":"https:\/\/www.franciskani.si\/zbf\/wp-json\/wp\/v2\/product_cat?post=202"},{"taxonomy":"product_tag","embeddable":true,"href":"https:\/\/www.franciskani.si\/zbf\/wp-json\/wp\/v2\/product_tag?post=202"}],"curies":[{"name":"wp","href":"https:\/\/api.w.org\/{rel}","templated":true}]}}