{"id":204,"date":"2017-08-19T23:30:27","date_gmt":"2017-08-19T21:30:27","guid":{"rendered":"http:\/\/www.franciskani.si\/zbf\/?post_type=product&#038;p=204"},"modified":"2021-10-11T08:50:17","modified_gmt":"2021-10-11T06:50:17","slug":"brata-p-angelik-in-p-roman-tominec-glasnika-pravicnosti-in-dobrote","status":"publish","type":"product","link":"https:\/\/www.franciskani.si\/zbf\/izdelek\/brata-p-angelik-in-p-roman-tominec-glasnika-pravicnosti-in-dobrote\/","title":{"rendered":"Brata p. Angelik in p. Roman Tominec, glasnika pravi\u010dnosti in dobrote"},"content":{"rendered":"<p><strong>Silvin Marijan Krajnc OFM<\/strong><\/p>\n<p>Ljubljana, 2011<\/p>\n<p>Pri\u010dujo\u010da razprava o podobi katoli\u0161tva pred drugo svetovno vojno in po njej obsega \u010das med leti 1920 do 1965. V tridesetih letih 20. stoletja so si nekateri katoli\u010dani v Sloveniji prizadevali, da bi Cerkev postala odlo\u010dilen dejavnik na verskem, politi\u010dnem, kulturnem in vzgojnem podro\u010dju. Med drugo svetovno vojno so bili tudi katoli\u010dani izpostavljeni pritiskom totalitarnih oblasti. Po vojni je Partija izvajala na Cerkev mo\u010dan ideolo\u0161ki pritisk z namenom, da jo izrine iz javnega \u017eivljenja in postopno zatre vsako njeno delovanje. Fran\u010di\u0161kanska patra, rodna brata, Angelik in Roman Tominec sta s svojim oznanjevanjem, pastoralnim, vzgojnim, karitativnim in znanstvenim delom sku\u0161ala sooblikovati podobo katoli\u0161tva predvsem s poudarjanjem evangeljskih vrednot pravi\u010dnosti, dobrote in solidarnosti. Tako si je Angelik v tridesetih letih v duhu socialne okro\u017enice Rerum novarum pogumno prizadeval za socialno pravi\u010dnost do delavstva, Roman pa se je kot katehet posve\u010dal vzgoji mladine in skrbel za duhovno oblikovanje zapornikov. Med vojno sta oba zagovarjala nevme\u0161avanje Cerkve v politi\u010dne zadeve in bila proti kakr\u0161ni koli obliki sodelovanja z okupatorji. Po vojni sta kljub pritiskom oblasti ohranjala edinost Cerkve ter v pastoralnem delu iznajdljivo iskala novih poti oznanjevanja. V svojem delovanju sta bila brata Tominca v mnogih pobudah in delovanju glasnika evangeljskega razumevanja poslanstva Cerkve, kakor so ga poudarili 2. vatikanski cerkveni zbor in dokumenti cerkvenega u\u010diteljstva zadnjih desetletij.<\/p>\n<p>Format: 23,5 x 16,5 cm, bro\u0161irano<\/p>\n<p>Obseg: 363 str.<\/p>\n<p>ISBN 978-961-6326-93-3<\/p>\n","protected":false},"excerpt":{"rendered":"<p>Silvin Marijan Krajnc OFM Ljubljana, 2011 Pri\u010dujo\u010da razprava o podobi katoli\u0161tva pred drugo svetovno vojno in po njej obsega \u010das med leti 1920 do 1965. V tridesetih letih 20. stoletja so si nekateri katoli\u010dani v Sloveniji prizadevali, da bi Cerkev postala odlo\u010dilen dejavnik na verskem, politi\u010dnem, kulturnem in vzgojnem podro\u010dju. Med drugo svetovno vojno so [&hellip;]<\/p>\n","protected":false},"featured_media":205,"comment_status":"open","ping_status":"closed","template":"","meta":[],"product_brand":[],"product_cat":[31],"product_tag":[61],"class_list":{"0":"post-204","1":"product","2":"type-product","3":"status-publish","4":"has-post-thumbnail","6":"product_cat-po-njihovih-stopinjah","7":"product_tag-silvin-krajnc-ofm","9":"first","10":"outofstock","11":"taxable","12":"shipping-taxable","13":"purchasable","14":"product-type-simple"},"_links":{"self":[{"href":"https:\/\/www.franciskani.si\/zbf\/wp-json\/wp\/v2\/product\/204","targetHints":{"allow":["GET"]}}],"collection":[{"href":"https:\/\/www.franciskani.si\/zbf\/wp-json\/wp\/v2\/product"}],"about":[{"href":"https:\/\/www.franciskani.si\/zbf\/wp-json\/wp\/v2\/types\/product"}],"replies":[{"embeddable":true,"href":"https:\/\/www.franciskani.si\/zbf\/wp-json\/wp\/v2\/comments?post=204"}],"wp:featuredmedia":[{"embeddable":true,"href":"https:\/\/www.franciskani.si\/zbf\/wp-json\/wp\/v2\/media\/205"}],"wp:attachment":[{"href":"https:\/\/www.franciskani.si\/zbf\/wp-json\/wp\/v2\/media?parent=204"}],"wp:term":[{"taxonomy":"product_brand","embeddable":true,"href":"https:\/\/www.franciskani.si\/zbf\/wp-json\/wp\/v2\/product_brand?post=204"},{"taxonomy":"product_cat","embeddable":true,"href":"https:\/\/www.franciskani.si\/zbf\/wp-json\/wp\/v2\/product_cat?post=204"},{"taxonomy":"product_tag","embeddable":true,"href":"https:\/\/www.franciskani.si\/zbf\/wp-json\/wp\/v2\/product_tag?post=204"}],"curies":[{"name":"wp","href":"https:\/\/api.w.org\/{rel}","templated":true}]}}