{"id":208,"date":"2017-08-19T23:33:26","date_gmt":"2017-08-19T21:33:26","guid":{"rendered":"http:\/\/www.franciskani.si\/zbf\/?post_type=product&#038;p=208"},"modified":"2017-08-19T23:33:26","modified_gmt":"2017-08-19T21:33:26","slug":"prirodoslovje-med-manjsimi-brati-na-slovenskem","status":"publish","type":"product","link":"https:\/\/www.franciskani.si\/zbf\/izdelek\/prirodoslovje-med-manjsimi-brati-na-slovenskem\/","title":{"rendered":"Prirodoslovje med manj\u0161imi brati na Slovenskem"},"content":{"rendered":"<p><strong>Stanislav Ju\u017eni\u010d<\/strong><\/p>\n<p>Ljubljana 2009<\/p>\n<p>Manj\u0161i bratje sv. Fran\u010di\u0161ka so dedi\u010di svojega duhovnega o\u010deta ne le na duhovnem podro\u010dju, ampak tudi v njegovem odnosu do narave. V njej so videli \u010dudovito delo bo\u017ejih rok, ki pa jim je zastavljalo veliko ugank, te pa so \u017eeleli razvozlati. Zato najdemo med njimi veliko naravoslovcev, ki so svoje ugotovitve posredovali sodobnikom v knjigah in naslednjim rodovom s pou\u010devanjem. Prav o njih je govor v tej knjigi. Predstavljeni so torej bratje vseh treh Fran\u010di\u0161kovih redov kot znanstveniki in pedagogi naravoslovnih disciplin, pa tudi njihove \u0161ole in bogato zalo\u017eene knji\u017enice po samostanih na Slovenskem. Delo je izrednega pomena za zgodovino znanosti in \u0161olstva pri nas.<\/p>\n<p>Avtor je ameri\u0161ki Slovenec Stanislav Ju\u017eni\u010d (* 1955, San Francisco). V Ljubljani je diplomiral iz fizike in nato doktoriral iz zgodovine. Dose\u017eke Kranjcev Avgu\u0161tina Hallersteina, Gabrijela Gruberja in Jurija Vege je raziskoval na Univerzi v Saint Louisu ter na oddelku za zgodovino znanosti Univerze v Oklahomi.<\/p>\n<p>ISBN 978-961-6326-80-3<\/p>\n<p>Format: 12,5 x 20 cm, mehka vezava, 224 strani<\/p>\n","protected":false},"excerpt":{"rendered":"<p>Stanislav Ju\u017eni\u010d Ljubljana 2009 Manj\u0161i bratje sv. Fran\u010di\u0161ka so dedi\u010di svojega duhovnega o\u010deta ne le na duhovnem podro\u010dju, ampak tudi v njegovem odnosu do narave. V njej so videli \u010dudovito delo bo\u017ejih rok, ki pa jim je zastavljalo veliko ugank, te pa so \u017eeleli razvozlati. Zato najdemo med njimi veliko naravoslovcev, ki so svoje ugotovitve [&hellip;]<\/p>\n","protected":false},"featured_media":209,"comment_status":"open","ping_status":"closed","template":"","meta":[],"product_brand":[],"product_cat":[31],"product_tag":[63],"class_list":{"0":"post-208","1":"product","2":"type-product","3":"status-publish","4":"has-post-thumbnail","6":"product_cat-po-njihovih-stopinjah","7":"product_tag-stanislav-juznic","9":"first","10":"instock","11":"taxable","12":"shipping-taxable","13":"purchasable","14":"product-type-simple"},"_links":{"self":[{"href":"https:\/\/www.franciskani.si\/zbf\/wp-json\/wp\/v2\/product\/208","targetHints":{"allow":["GET"]}}],"collection":[{"href":"https:\/\/www.franciskani.si\/zbf\/wp-json\/wp\/v2\/product"}],"about":[{"href":"https:\/\/www.franciskani.si\/zbf\/wp-json\/wp\/v2\/types\/product"}],"replies":[{"embeddable":true,"href":"https:\/\/www.franciskani.si\/zbf\/wp-json\/wp\/v2\/comments?post=208"}],"wp:featuredmedia":[{"embeddable":true,"href":"https:\/\/www.franciskani.si\/zbf\/wp-json\/wp\/v2\/media\/209"}],"wp:attachment":[{"href":"https:\/\/www.franciskani.si\/zbf\/wp-json\/wp\/v2\/media?parent=208"}],"wp:term":[{"taxonomy":"product_brand","embeddable":true,"href":"https:\/\/www.franciskani.si\/zbf\/wp-json\/wp\/v2\/product_brand?post=208"},{"taxonomy":"product_cat","embeddable":true,"href":"https:\/\/www.franciskani.si\/zbf\/wp-json\/wp\/v2\/product_cat?post=208"},{"taxonomy":"product_tag","embeddable":true,"href":"https:\/\/www.franciskani.si\/zbf\/wp-json\/wp\/v2\/product_tag?post=208"}],"curies":[{"name":"wp","href":"https:\/\/api.w.org\/{rel}","templated":true}]}}