{"id":214,"date":"2017-08-19T23:39:45","date_gmt":"2017-08-19T21:39:45","guid":{"rendered":"http:\/\/www.franciskani.si\/zbf\/?post_type=product&#038;p=214"},"modified":"2024-03-01T08:32:45","modified_gmt":"2024-03-01T07:32:45","slug":"opominjevanje-za-sveto-leto","status":"publish","type":"product","link":"https:\/\/www.franciskani.si\/zbf\/izdelek\/opominjevanje-za-sveto-leto\/","title":{"rendered":"Opominjevanje za sveto leto"},"content":{"rendered":"<p><strong>Friderik Irenej Baraga<\/strong><\/p>\n<p><em>Uredil Bruno Koro\u0161ak OFM<\/em><\/p>\n<p>Ljubljana, 2000<\/p>\n<p>Ko je bil Baraga kaplan v \u0160martinu pri Kranju, se je pisalo sveto leto 1825 in ob tej priliki je sestavil precej dolgo pesem, v kateri je razlo\u017eil pomen svetega leta in nanizal kar nekaj svetoletnih spodbud. Knjigo, ki je ve\u010djezi\u010dna, je pripravil p. Bruno Koro\u0161ak, vicepostulator pri zadevi Baragove beatifikacije; dodal je \u0161e obse\u017een uvod, kjer razlaga pomen in vlogo odpustka pri praznovanju svetega leta. Baragova zveza podarja Opominjevanje vsem \u017eupnijskim uradom, na voljo pa je tudi v knjigarnah z verskim tiskom in prek interneta.<\/p>\n<p>Format: 70 str., 21 cm, bro\u0161irano.<\/p>\n<p>ISBN 961-6326-02-03<\/p>\n","protected":false},"excerpt":{"rendered":"<p>Friderik Irenej Baraga Uredil Bruno Koro\u0161ak OFM Ljubljana, 2000 Ko je bil Baraga kaplan v \u0160martinu pri Kranju, se je pisalo sveto leto 1825 in ob tej priliki je sestavil precej dolgo pesem, v kateri je razlo\u017eil pomen svetega leta in nanizal kar nekaj svetoletnih spodbud. Knjigo, ki je ve\u010djezi\u010dna, je pripravil p. Bruno Koro\u0161ak, [&hellip;]<\/p>\n","protected":false},"featured_media":215,"comment_status":"open","ping_status":"closed","template":"","meta":[],"product_brand":[],"product_cat":[32],"product_tag":[62],"class_list":{"0":"post-214","1":"product","2":"type-product","3":"status-publish","4":"has-post-thumbnail","6":"product_cat-knjige-f-i-baraga","7":"product_tag-bruno-korosak-ofm","9":"first","10":"outofstock","11":"taxable","12":"shipping-taxable","13":"product-type-simple"},"_links":{"self":[{"href":"https:\/\/www.franciskani.si\/zbf\/wp-json\/wp\/v2\/product\/214","targetHints":{"allow":["GET"]}}],"collection":[{"href":"https:\/\/www.franciskani.si\/zbf\/wp-json\/wp\/v2\/product"}],"about":[{"href":"https:\/\/www.franciskani.si\/zbf\/wp-json\/wp\/v2\/types\/product"}],"replies":[{"embeddable":true,"href":"https:\/\/www.franciskani.si\/zbf\/wp-json\/wp\/v2\/comments?post=214"}],"wp:featuredmedia":[{"embeddable":true,"href":"https:\/\/www.franciskani.si\/zbf\/wp-json\/wp\/v2\/media\/215"}],"wp:attachment":[{"href":"https:\/\/www.franciskani.si\/zbf\/wp-json\/wp\/v2\/media?parent=214"}],"wp:term":[{"taxonomy":"product_brand","embeddable":true,"href":"https:\/\/www.franciskani.si\/zbf\/wp-json\/wp\/v2\/product_brand?post=214"},{"taxonomy":"product_cat","embeddable":true,"href":"https:\/\/www.franciskani.si\/zbf\/wp-json\/wp\/v2\/product_cat?post=214"},{"taxonomy":"product_tag","embeddable":true,"href":"https:\/\/www.franciskani.si\/zbf\/wp-json\/wp\/v2\/product_tag?post=214"}],"curies":[{"name":"wp","href":"https:\/\/api.w.org\/{rel}","templated":true}]}}