{"id":216,"date":"2017-08-19T23:41:57","date_gmt":"2017-08-19T21:41:57","guid":{"rendered":"http:\/\/www.franciskani.si\/zbf\/?post_type=product&#038;p=216"},"modified":"2017-08-19T23:41:57","modified_gmt":"2017-08-19T21:41:57","slug":"empatija","status":"publish","type":"product","link":"https:\/\/www.franciskani.si\/zbf\/izdelek\/empatija\/","title":{"rendered":"Empatija"},"content":{"rendered":"<p><strong>Barbara Simoni\u010d<\/strong><\/p>\n<p>Ljubljana, 2010<\/p>\n<p>Dr. Barbara Simoni\u010d je po diplomi na Teolo\u0161ki fakulteti \u0161tudirala Zakonsko in dru\u017einsko terapijo. Od leta 2004 na Fran\u010di\u0161kanskem dru\u017einskem in\u0161itutu opravlja terapevtsko delo z dru\u017einami, pari in posamezniki, od leta 2005 pa kot asistentka sodeluje tudi pri izvajanju \u0161tudijskih programov Zakonske in dru\u017einske terapije ter Zakonskih in dru\u017einskih \u0161tudij na Teolo\u0161ki fakulteti. Delo Empatija je njeno doktorsko delo, v katerem obravnava razvoj pojma empatija s poudarkom na razumevanju empatije pri Edith Stein, v nadaljevanju pa obravnava mesto empatije v sodobni v psihoterapiji; posebej v relacijski psihoterapiji. Knjiga je zato dragoceno branje za vse psihoterapevtke in psihoterapevte, pa tudi za vse tiste, ki bi radi v odnosu, v razumevanju so\u010dloveka napravili korak naprej.<\/p>\n<p>Format: 21,5 x 14 cm, bro\u0161irano<\/p>\n<p>Obseg: 389 str.<\/p>\n<p>ISBN 978-961-6326-89-6<\/p>\n","protected":false},"excerpt":{"rendered":"<p>Barbara Simoni\u010d Ljubljana, 2010 Dr. Barbara Simoni\u010d je po diplomi na Teolo\u0161ki fakulteti \u0161tudirala Zakonsko in dru\u017einsko terapijo. Od leta 2004 na Fran\u010di\u0161kanskem dru\u017einskem in\u0161itutu opravlja terapevtsko delo z dru\u017einami, pari in posamezniki, od leta 2005 pa kot asistentka sodeluje tudi pri izvajanju \u0161tudijskih programov Zakonske in dru\u017einske terapije ter Zakonskih in dru\u017einskih \u0161tudij na [&hellip;]<\/p>\n","protected":false},"featured_media":217,"comment_status":"open","ping_status":"closed","template":"","meta":[],"product_brand":[],"product_cat":[33],"product_tag":[64],"class_list":{"0":"post-216","1":"product","2":"type-product","3":"status-publish","4":"has-post-thumbnail","6":"product_cat-izzivi-ljubezni","7":"product_tag-barbara-simonic","9":"first","10":"instock","11":"taxable","12":"shipping-taxable","13":"purchasable","14":"product-type-simple"},"_links":{"self":[{"href":"https:\/\/www.franciskani.si\/zbf\/wp-json\/wp\/v2\/product\/216","targetHints":{"allow":["GET"]}}],"collection":[{"href":"https:\/\/www.franciskani.si\/zbf\/wp-json\/wp\/v2\/product"}],"about":[{"href":"https:\/\/www.franciskani.si\/zbf\/wp-json\/wp\/v2\/types\/product"}],"replies":[{"embeddable":true,"href":"https:\/\/www.franciskani.si\/zbf\/wp-json\/wp\/v2\/comments?post=216"}],"wp:featuredmedia":[{"embeddable":true,"href":"https:\/\/www.franciskani.si\/zbf\/wp-json\/wp\/v2\/media\/217"}],"wp:attachment":[{"href":"https:\/\/www.franciskani.si\/zbf\/wp-json\/wp\/v2\/media?parent=216"}],"wp:term":[{"taxonomy":"product_brand","embeddable":true,"href":"https:\/\/www.franciskani.si\/zbf\/wp-json\/wp\/v2\/product_brand?post=216"},{"taxonomy":"product_cat","embeddable":true,"href":"https:\/\/www.franciskani.si\/zbf\/wp-json\/wp\/v2\/product_cat?post=216"},{"taxonomy":"product_tag","embeddable":true,"href":"https:\/\/www.franciskani.si\/zbf\/wp-json\/wp\/v2\/product_tag?post=216"}],"curies":[{"name":"wp","href":"https:\/\/api.w.org\/{rel}","templated":true}]}}