{"id":218,"date":"2017-08-19T23:43:43","date_gmt":"2017-08-19T21:43:43","guid":{"rendered":"http:\/\/www.franciskani.si\/zbf\/?post_type=product&#038;p=218"},"modified":"2017-08-19T23:43:43","modified_gmt":"2017-08-19T21:43:43","slug":"med-svetlobo-in-senco","status":"publish","type":"product","link":"https:\/\/www.franciskani.si\/zbf\/izdelek\/med-svetlobo-in-senco\/","title":{"rendered":"Med svetlobo in senco"},"content":{"rendered":"<p><em>Kristusov spust v predpekel in duhovno spremljanje<\/em><\/p>\n<p><strong>Milan Bizant DJ<\/strong><\/p>\n<p>Ljubljana 2009<\/p>\n<p>Izhodi\u0161\u010de avtorjevega razmi\u0161ljanja je ikona Kristusovega spusta v podzemlje, ki mu v slovenski tradiciji pravimo predpekel. Tam sre\u010da vse pravi\u010dne, ki so \u017eiveli do njega, od Adama in Eve dalje, in jih popelje s seboj v Kraljestvo. To razume avtor kot paradigmo kristjanovega \u017eivljenja. Kristus se spu\u0161\u010da k nam v na\u0161e podzemlje, predpekel vsega bole\u010dega in gre\u0161nega, da nas od tam odpelje v odre\u0161enje in sre\u010do. In pri tem ima pomembno vlogo tudi duhovno spremljanje, ki \u010dloveku poka\u017ee, kje in kako se mu Kristus bli\u017ea v vsakdanjem \u017eivljenju. Knjiga je v poljudni jezik predelana magistrska naloga Pape\u0161kega vzhodnega in\u0161tituta iz Rima.<\/p>\n<p>ISBN 978-961-6326-76-6<\/p>\n<p>Format: 14 x 21,5 cm, bro\u0161irano, 159 strani<\/p>\n","protected":false},"excerpt":{"rendered":"<p>Kristusov spust v predpekel in duhovno spremljanje Milan Bizant DJ Ljubljana 2009 Izhodi\u0161\u010de avtorjevega razmi\u0161ljanja je ikona Kristusovega spusta v podzemlje, ki mu v slovenski tradiciji pravimo predpekel. Tam sre\u010da vse pravi\u010dne, ki so \u017eiveli do njega, od Adama in Eve dalje, in jih popelje s seboj v Kraljestvo. To razume avtor kot paradigmo kristjanovega [&hellip;]<\/p>\n","protected":false},"featured_media":219,"comment_status":"open","ping_status":"closed","template":"","meta":[],"product_brand":[],"product_cat":[33],"product_tag":[65],"class_list":{"0":"post-218","1":"product","2":"type-product","3":"status-publish","4":"has-post-thumbnail","6":"product_cat-izzivi-ljubezni","7":"product_tag-milan-bizant-dj","9":"first","10":"instock","11":"taxable","12":"shipping-taxable","13":"purchasable","14":"product-type-simple"},"_links":{"self":[{"href":"https:\/\/www.franciskani.si\/zbf\/wp-json\/wp\/v2\/product\/218","targetHints":{"allow":["GET"]}}],"collection":[{"href":"https:\/\/www.franciskani.si\/zbf\/wp-json\/wp\/v2\/product"}],"about":[{"href":"https:\/\/www.franciskani.si\/zbf\/wp-json\/wp\/v2\/types\/product"}],"replies":[{"embeddable":true,"href":"https:\/\/www.franciskani.si\/zbf\/wp-json\/wp\/v2\/comments?post=218"}],"wp:featuredmedia":[{"embeddable":true,"href":"https:\/\/www.franciskani.si\/zbf\/wp-json\/wp\/v2\/media\/219"}],"wp:attachment":[{"href":"https:\/\/www.franciskani.si\/zbf\/wp-json\/wp\/v2\/media?parent=218"}],"wp:term":[{"taxonomy":"product_brand","embeddable":true,"href":"https:\/\/www.franciskani.si\/zbf\/wp-json\/wp\/v2\/product_brand?post=218"},{"taxonomy":"product_cat","embeddable":true,"href":"https:\/\/www.franciskani.si\/zbf\/wp-json\/wp\/v2\/product_cat?post=218"},{"taxonomy":"product_tag","embeddable":true,"href":"https:\/\/www.franciskani.si\/zbf\/wp-json\/wp\/v2\/product_tag?post=218"}],"curies":[{"name":"wp","href":"https:\/\/api.w.org\/{rel}","templated":true}]}}