{"id":221,"date":"2017-08-19T23:45:16","date_gmt":"2017-08-19T21:45:16","guid":{"rendered":"http:\/\/www.franciskani.si\/zbf\/?post_type=product&#038;p=221"},"modified":"2024-06-10T20:55:25","modified_gmt":"2024-06-10T18:55:25","slug":"rahlocutnost-do-otrok","status":"publish","type":"product","link":"https:\/\/www.franciskani.si\/zbf\/izdelek\/rahlocutnost-do-otrok\/","title":{"rendered":"Rahlo\u010dutnost do otrok    \/ RAZPRODANO \/"},"content":{"rendered":"<p>RAZPRODANO<br \/>\nRAZPRODANO<br \/>\nRAZPRODANO<br \/>\nRAZPRODANO<\/p>\n<p>&nbsp;<\/p>\n<p><em>Biti z otrokom v prvem letu \u017eivljenja<\/em><\/p>\n<p><strong>Katarina Kompan Erzar<\/strong>, <strong>Andreja Poljanec<\/strong><\/p>\n<p>Ljubljana 2009<\/p>\n<p>Ali obstaja stik, ki ga ni mogo\u010de prekiniti? Ali obstajajo odnosi, ki se jih ne da ve\u010d zanikati? Kaj je pravi med\u010dlove\u0161ki stik, kaj je stik s seboj in kaj pomeni biti v stiku, ki poraja, ki odpira novo \u017eivljenje in omogo\u010da prekinitev starih vzorcev ter preoblikovanje travmati\u010dnih medgeneracijskih vsebin? Odnos med materjo in otrokom ter o\u010detom in otrokom je v marsi\u010dem edini odnos, ki ga \u010dlovek ne more nikoli zanikati in ga tudi ne more odpraviti. Biolo\u0161ke matere in o\u010deta ne bo mogel nikoli zamenjati, tudi \u010de je ne bi nikdar v \u017eivljenju sre\u010dal ali \u010de bi umrla v trenutku njegovega rojstva. Odnos med star\u0161i in otrokom je edini brezpogojni odnos, ki prav zaradi svoje brezkompromisnosti odpira najgloblje rane in povzro\u010da najve\u010dje stiske. Pri\u010dujo\u010de delo predstavlja najnovej\u0161a odkritja znanosti in terapevtske prakse o povezanosti z otrokom v sodobni dru\u017eini, ter sku\u0161a na dejstven na\u010din pribli\u017eati odnose in njihov razvoj, kot ga odpre novorojen\u010dek.<\/p>\n<p>ISBN 978-961-6326-74-2<\/p>\n<p>Format: 14 x 21,5 cm, trda vezava, 175 strani<\/p>\n","protected":false},"excerpt":{"rendered":"<p>RAZPRODANO RAZPRODANO RAZPRODANO RAZPRODANO &nbsp; Biti z otrokom v prvem letu \u017eivljenja Katarina Kompan Erzar, Andreja Poljanec Ljubljana 2009 Ali obstaja stik, ki ga ni mogo\u010de prekiniti? Ali obstajajo odnosi, ki se jih ne da ve\u010d zanikati? Kaj je pravi med\u010dlove\u0161ki stik, kaj je stik s seboj in kaj pomeni biti v stiku, ki poraja, [&hellip;]<\/p>\n","protected":false},"featured_media":222,"comment_status":"open","ping_status":"closed","template":"","meta":[],"product_brand":[],"product_cat":[33],"product_tag":[67,66],"class_list":{"0":"post-221","1":"product","2":"type-product","3":"status-publish","4":"has-post-thumbnail","6":"product_cat-izzivi-ljubezni","7":"product_tag-andreja-poljanec","8":"product_tag-katarina-kompan-erzar","10":"first","11":"outofstock","12":"taxable","13":"shipping-taxable","14":"purchasable","15":"product-type-simple"},"_links":{"self":[{"href":"https:\/\/www.franciskani.si\/zbf\/wp-json\/wp\/v2\/product\/221","targetHints":{"allow":["GET"]}}],"collection":[{"href":"https:\/\/www.franciskani.si\/zbf\/wp-json\/wp\/v2\/product"}],"about":[{"href":"https:\/\/www.franciskani.si\/zbf\/wp-json\/wp\/v2\/types\/product"}],"replies":[{"embeddable":true,"href":"https:\/\/www.franciskani.si\/zbf\/wp-json\/wp\/v2\/comments?post=221"}],"wp:featuredmedia":[{"embeddable":true,"href":"https:\/\/www.franciskani.si\/zbf\/wp-json\/wp\/v2\/media\/222"}],"wp:attachment":[{"href":"https:\/\/www.franciskani.si\/zbf\/wp-json\/wp\/v2\/media?parent=221"}],"wp:term":[{"taxonomy":"product_brand","embeddable":true,"href":"https:\/\/www.franciskani.si\/zbf\/wp-json\/wp\/v2\/product_brand?post=221"},{"taxonomy":"product_cat","embeddable":true,"href":"https:\/\/www.franciskani.si\/zbf\/wp-json\/wp\/v2\/product_cat?post=221"},{"taxonomy":"product_tag","embeddable":true,"href":"https:\/\/www.franciskani.si\/zbf\/wp-json\/wp\/v2\/product_tag?post=221"}],"curies":[{"name":"wp","href":"https:\/\/api.w.org\/{rel}","templated":true}]}}