{"id":224,"date":"2017-08-20T11:27:41","date_gmt":"2017-08-20T09:27:41","guid":{"rendered":"http:\/\/www.franciskani.si\/zbf\/?post_type=product&#038;p=224"},"modified":"2021-02-07T22:39:45","modified_gmt":"2021-02-07T21:39:45","slug":"dolznosti-in-pravice-klerikov","status":"publish","type":"product","link":"https:\/\/www.franciskani.si\/zbf\/izdelek\/dolznosti-in-pravice-klerikov\/","title":{"rendered":"Dol\u017enosti in pravice klerikov v ZCP"},"content":{"rendered":"<p><strong>Viktor Pape\u017e OFM<\/strong><\/p>\n<p>Ljubljana, 2004<\/p>\n<p>Drugi vatikanski cerkveni zbor je globoko posegel tudi na podro\u010dje pojmovanja duhovnika, njegove podobe, slu\u017ebe in \u017eivljenja. Na temelju teologije o duhovni\u0161ki slu\u017ebi in \u017eivljenju in v lu\u010di novih poudarkov v ekleziologiji izstopa podoba duhovnika v odnosu do Kristusa, Cerkve, eshatolo\u0161kih stvarnosti in do evangelizacije.<br \/>\nGovoriti o duhovnikovih dol\u017enostih in pravicah, ki opredeljujejo njegov polo\u017eaj (status) v Cerkvi, pomeni sre\u010dati se s teologijo, pravom in duhovnostjo duhovnikovega \u017eivljenja in delovanja.<br \/>\nSedanji Zakonik cerkvenega prava (ZCP) iz leta 1983 je na temelju ekleziologije in teologije drugega vatikanskega cerkvenega zbora o duhovni\u0161tvu vnesel v kanonsko zakonodajo precej novosti, tudi glede dol\u017enosti in pravic, ki so lastne klerikom.<br \/>\nNovi Zakonik cerkvenega prava je tudi mo\u010dno skr\u010dil navodila za \u017eivljenje klerikov, ki so bila v prej\u0161nji zakonodaji \u0161tevilna in zelo natan\u010dno dolo\u010dena. Klerike je potrebno predvsem spodbuditi k nenehni formaciji na vseh podro\u010djih, k uporabi sredstev za osebno posve\u010denje in uresni\u010devanje popolnosti oziroma svetosti. Duhovniki imajo pravico, da prejmejo primerno nagrado za svoje opravljeno delo in naloge in da bodo mogli skrbeti za dol\u017eno pla\u010dilo tistim, ki jim stre\u017eejo.<br \/>\nAvtor podro\u010dje dol\u017enosti in pravic klerikov razdeli v skupine glede na to, ali posamezni kanonski predpisi govorijo o dol\u017enostih klerikov (obligationes), o njihovih pravicah (iura), oziroma so po vsebini bolj ekshortativnega zna\u010daja (exhortationes-commendationes).<\/p>\n<p>Format: 154 str., 20 cm x 12,5 cm, bro\u0161irano<\/p>\n<p>ISBN 961-6326-35-X<\/p>\n<p><strong>PO\u0160TNINA SAMO 1 \u20ac!<\/strong><\/p>\n","protected":false},"excerpt":{"rendered":"<p>Viktor Pape\u017e OFM Ljubljana, 2004 Drugi vatikanski cerkveni zbor je globoko posegel tudi na podro\u010dje pojmovanja duhovnika, njegove podobe, slu\u017ebe in \u017eivljenja. Na temelju teologije o duhovni\u0161ki slu\u017ebi in \u017eivljenju in v lu\u010di novih poudarkov v ekleziologiji izstopa podoba duhovnika v odnosu do Kristusa, Cerkve, eshatolo\u0161kih stvarnosti in do evangelizacije. Govoriti o duhovnikovih dol\u017enostih in [&hellip;]<\/p>\n","protected":false},"featured_media":225,"comment_status":"open","ping_status":"closed","template":"","meta":[],"product_brand":[],"product_cat":[30],"product_tag":[68],"class_list":{"0":"post-224","1":"product","2":"type-product","3":"status-publish","4":"has-post-thumbnail","6":"product_cat-sinodi-naproti","7":"product_tag-viktor-papez-ofm","9":"first","10":"instock","11":"sale","12":"taxable","13":"shipping-taxable","14":"purchasable","15":"product-type-simple"},"_links":{"self":[{"href":"https:\/\/www.franciskani.si\/zbf\/wp-json\/wp\/v2\/product\/224","targetHints":{"allow":["GET"]}}],"collection":[{"href":"https:\/\/www.franciskani.si\/zbf\/wp-json\/wp\/v2\/product"}],"about":[{"href":"https:\/\/www.franciskani.si\/zbf\/wp-json\/wp\/v2\/types\/product"}],"replies":[{"embeddable":true,"href":"https:\/\/www.franciskani.si\/zbf\/wp-json\/wp\/v2\/comments?post=224"}],"wp:featuredmedia":[{"embeddable":true,"href":"https:\/\/www.franciskani.si\/zbf\/wp-json\/wp\/v2\/media\/225"}],"wp:attachment":[{"href":"https:\/\/www.franciskani.si\/zbf\/wp-json\/wp\/v2\/media?parent=224"}],"wp:term":[{"taxonomy":"product_brand","embeddable":true,"href":"https:\/\/www.franciskani.si\/zbf\/wp-json\/wp\/v2\/product_brand?post=224"},{"taxonomy":"product_cat","embeddable":true,"href":"https:\/\/www.franciskani.si\/zbf\/wp-json\/wp\/v2\/product_cat?post=224"},{"taxonomy":"product_tag","embeddable":true,"href":"https:\/\/www.franciskani.si\/zbf\/wp-json\/wp\/v2\/product_tag?post=224"}],"curies":[{"name":"wp","href":"https:\/\/api.w.org\/{rel}","templated":true}]}}