{"id":226,"date":"2017-08-20T11:29:10","date_gmt":"2017-08-20T09:29:10","guid":{"rendered":"http:\/\/www.franciskani.si\/zbf\/?post_type=product&#038;p=226"},"modified":"2017-08-25T22:50:59","modified_gmt":"2017-08-25T20:50:59","slug":"et-ego-te-absolvo","status":"publish","type":"product","link":"https:\/\/www.franciskani.si\/zbf\/izdelek\/et-ego-te-absolvo\/","title":{"rendered":"Et ego te absolvo"},"content":{"rendered":"<p><strong>Viktor Pape\u017e OFM<\/strong><\/p>\n<p>Ljubljana, 2001<\/p>\n<p>Spoved je celo za marsikaterega kristjana zavita v pla\u0161\u010d skrivnostnosti in se pred njo nekako nelagodno po\u010duti. Po drugi strani pa opa\u017eamo rasto\u010de zanimanje za spoved in porast spovedne prakse. Avtor pri\u010dujo\u010dega priro\u010dnika se na osnovi lastnega izkustva in vodenja \u0161tudijskih dnevov obra\u010da zlasti na duhovnike, da bi se vedno bolj zavedali pomembnega poslanstva, ki ga opravljajo v spovednicah; obenem daje tudi konkretne napotke, kako v posameznih primerih pristopiti k penitentu in mu posredovati bo\u017ejo odpu\u0161\u010dajo\u010do ljubezen.<\/p>\n<p>Format: 148 str., 20 cm, bro\u0161irano<\/p>\n<p>ISBN 961-6326-13-9<\/p>\n<p>RAZPRODANO!<\/p>\n<p>Na voljo je elektronska izdaja v formatu PDF.<br \/>\n\u010ce se zanimate zanjo, nam to sporo\u010dite! Trenutno je brezpla\u010dna.<\/p>\n","protected":false},"excerpt":{"rendered":"<p>Viktor Pape\u017e OFM Ljubljana, 2001 Spoved je celo za marsikaterega kristjana zavita v pla\u0161\u010d skrivnostnosti in se pred njo nekako nelagodno po\u010duti. Po drugi strani pa opa\u017eamo rasto\u010de zanimanje za spoved in porast spovedne prakse. Avtor pri\u010dujo\u010dega priro\u010dnika se na osnovi lastnega izkustva in vodenja \u0161tudijskih dnevov obra\u010da zlasti na duhovnike, da bi se vedno [&hellip;]<\/p>\n","protected":false},"featured_media":227,"comment_status":"open","ping_status":"closed","template":"","meta":[],"product_brand":[],"product_cat":[117,30],"product_tag":[68],"class_list":{"0":"post-226","1":"product","2":"type-product","3":"status-publish","4":"has-post-thumbnail","6":"product_cat-razprodano","7":"product_cat-sinodi-naproti","8":"product_tag-viktor-papez-ofm","10":"first","11":"outofstock","12":"taxable","13":"shipping-taxable","14":"purchasable","15":"product-type-simple"},"_links":{"self":[{"href":"https:\/\/www.franciskani.si\/zbf\/wp-json\/wp\/v2\/product\/226","targetHints":{"allow":["GET"]}}],"collection":[{"href":"https:\/\/www.franciskani.si\/zbf\/wp-json\/wp\/v2\/product"}],"about":[{"href":"https:\/\/www.franciskani.si\/zbf\/wp-json\/wp\/v2\/types\/product"}],"replies":[{"embeddable":true,"href":"https:\/\/www.franciskani.si\/zbf\/wp-json\/wp\/v2\/comments?post=226"}],"wp:featuredmedia":[{"embeddable":true,"href":"https:\/\/www.franciskani.si\/zbf\/wp-json\/wp\/v2\/media\/227"}],"wp:attachment":[{"href":"https:\/\/www.franciskani.si\/zbf\/wp-json\/wp\/v2\/media?parent=226"}],"wp:term":[{"taxonomy":"product_brand","embeddable":true,"href":"https:\/\/www.franciskani.si\/zbf\/wp-json\/wp\/v2\/product_brand?post=226"},{"taxonomy":"product_cat","embeddable":true,"href":"https:\/\/www.franciskani.si\/zbf\/wp-json\/wp\/v2\/product_cat?post=226"},{"taxonomy":"product_tag","embeddable":true,"href":"https:\/\/www.franciskani.si\/zbf\/wp-json\/wp\/v2\/product_tag?post=226"}],"curies":[{"name":"wp","href":"https:\/\/api.w.org\/{rel}","templated":true}]}}