{"id":228,"date":"2017-08-20T11:31:21","date_gmt":"2017-08-20T09:31:21","guid":{"rendered":"http:\/\/www.franciskani.si\/zbf\/?post_type=product&#038;p=228"},"modified":"2017-08-20T11:31:21","modified_gmt":"2017-08-20T09:31:21","slug":"kristjan-in-njegove-temeljne-pravice-v-cerkvi","status":"publish","type":"product","link":"https:\/\/www.franciskani.si\/zbf\/izdelek\/kristjan-in-njegove-temeljne-pravice-v-cerkvi\/","title":{"rendered":"Kristjan in njegove temeljne pravice v Cerkvi"},"content":{"rendered":"<p><strong>Viktor Pape\u017e OFM<\/strong><\/p>\n<p>Ljubljana, 1999<\/p>\n<p>Spo\u0161tovanje, priznanje in pospe\u0161evanje \u010dlovekovih temeljnih pravic s strani posameznika in dru\u017ebe so pogoji za mirno so\u017eitje in vsestransko blaginjo \u010dlove\u0161ke skupnosti.<br \/>\nTudi Cerkev je ob\u010dutljiva in odprta za temeljne pravice, ki pripadajo \u010dloveku kot kristjanu in izhajajo iz nadnaravne stvarnosti in so usmerjene predvsem k duhovnim ciljem.<br \/>\nPoznanje teh temeljnih pravic naj pomaga slovenskemu kristjanu k njegovi \u010dim ve\u010dji osebni osve\u0161\u010denosti o nenadomestljivem mestu, nalogi in odgovornosti v Cerkvi na Slovenskem.<\/p>\n<p>Format: 12,5&#215;20, 88 str.<\/p>\n<p>ISBN 961-90564-8-5<\/p>\n","protected":false},"excerpt":{"rendered":"<p>Viktor Pape\u017e OFM Ljubljana, 1999 Spo\u0161tovanje, priznanje in pospe\u0161evanje \u010dlovekovih temeljnih pravic s strani posameznika in dru\u017ebe so pogoji za mirno so\u017eitje in vsestransko blaginjo \u010dlove\u0161ke skupnosti. Tudi Cerkev je ob\u010dutljiva in odprta za temeljne pravice, ki pripadajo \u010dloveku kot kristjanu in izhajajo iz nadnaravne stvarnosti in so usmerjene predvsem k duhovnim ciljem. Poznanje teh [&hellip;]<\/p>\n","protected":false},"featured_media":229,"comment_status":"open","ping_status":"closed","template":"","meta":[],"product_brand":[],"product_cat":[30],"product_tag":[68],"class_list":{"0":"post-228","1":"product","2":"type-product","3":"status-publish","4":"has-post-thumbnail","6":"product_cat-sinodi-naproti","7":"product_tag-viktor-papez-ofm","9":"first","10":"instock","11":"taxable","12":"shipping-taxable","13":"purchasable","14":"product-type-simple"},"_links":{"self":[{"href":"https:\/\/www.franciskani.si\/zbf\/wp-json\/wp\/v2\/product\/228","targetHints":{"allow":["GET"]}}],"collection":[{"href":"https:\/\/www.franciskani.si\/zbf\/wp-json\/wp\/v2\/product"}],"about":[{"href":"https:\/\/www.franciskani.si\/zbf\/wp-json\/wp\/v2\/types\/product"}],"replies":[{"embeddable":true,"href":"https:\/\/www.franciskani.si\/zbf\/wp-json\/wp\/v2\/comments?post=228"}],"wp:featuredmedia":[{"embeddable":true,"href":"https:\/\/www.franciskani.si\/zbf\/wp-json\/wp\/v2\/media\/229"}],"wp:attachment":[{"href":"https:\/\/www.franciskani.si\/zbf\/wp-json\/wp\/v2\/media?parent=228"}],"wp:term":[{"taxonomy":"product_brand","embeddable":true,"href":"https:\/\/www.franciskani.si\/zbf\/wp-json\/wp\/v2\/product_brand?post=228"},{"taxonomy":"product_cat","embeddable":true,"href":"https:\/\/www.franciskani.si\/zbf\/wp-json\/wp\/v2\/product_cat?post=228"},{"taxonomy":"product_tag","embeddable":true,"href":"https:\/\/www.franciskani.si\/zbf\/wp-json\/wp\/v2\/product_tag?post=228"}],"curies":[{"name":"wp","href":"https:\/\/api.w.org\/{rel}","templated":true}]}}